{"id":3427478,"date":"2025-10-09T22:54:28","date_gmt":"2025-10-10T02:54:28","guid":{"rendered":"https:\/\/stoic-curie.212-227-153-4.plesk.page\/product\/fendress-fenderbezug-f02-soft-grey\/"},"modified":"2026-02-24T23:35:05","modified_gmt":"2026-02-24T23:35:05","slug":"fendress-fenderbezug-f02-soft-grey","status":"publish","type":"product","link":"https:\/\/stoic-curie.212-227-153-4.plesk.page\/de\/product\/fendress-fenderbezug-f02-soft-grey\/","title":{"rendered":"Fendress Fenderbezug F02 Soft Grey"},"content":{"rendered":"<p>Fendress Fenderbezug F02 Soft Grey &#8211; <\/p>\n<p>Pl\u00fcsch-Fleece handgefertigte Fendress Fenderbez\u00fcge. Premium-Schutz f\u00fcr Ihre Fender, w\u00e4hrend Fenderschwingen und Abnutzungsspuren beseitigt werden. Weich und strapazierf\u00e4hig sch\u00fctzen diese Fenderbez\u00fcge effizient Ihre Gelcoat-Lackierung und verl\u00e4ngern die Lebensdauer Ihrer Fender. <\/p>\n<p> \u2022 &#8220;Fendress Covers&#8221; sind 100% Acryl, handgefertigt aus hochwertigem, widerstandsf\u00e4higem, nicht abrasivem Schlaufenstrick. Weiche, pl\u00fcschige Fleece-Fenderbez\u00fcge bieten den ultimativen Schutz f\u00fcr Ihre Oberseiten. \u2022 &#8220;Fendress Covers&#8221; sind UV- und salzwasserbest\u00e4ndig und sch\u00fctzen Ihre Gelcoat-Textur effizient vor Abnutzungsspuren und Abrasionen. Der strapazierf\u00e4hige Fleece-Stoff hat alle besten Eigenschaften, einschlie\u00dflich Rei\u00dfen- und Abriebfestigkeit, schnelle Trocknung und einfache Entfernung zur Reinigung. \u2022 &#8220;Fendress Covers&#8221; verl\u00e4ngern die Lebensdauer Ihrer Fender und beseitigen l\u00e4stige Fenderschwingen. UV-best\u00e4ndige Farben hinterlassen keine R\u00fcckst\u00e4nde auf Ihren Oberfl\u00e4chen. Maschinenwaschbar. \u2022 &#8220;Fendress Covers&#8221; mit hochbest\u00e4ndigem oberen und elastischem boden bieten eine ma\u00dfgeschneiderte Passform f\u00fcr alle Fendertypen. Bez\u00fcge sind in 9 Farben erh\u00e4ltlich.<\/p>\n","protected":false},"excerpt":{"rendered":"<p>Fendress Fenderbezug F02 Soft Grey &#8211; Pl\u00fcsch-Fleece handgefertigte Fendress Fenderbez\u00fcge. Premium-Schutz f\u00fcr Ihre Fender, w\u00e4hrend Fenderschwingen und Abnutzungsspuren beseitigt werden.<\/p>\n","protected":false},"featured_media":5944363,"comment_status":"closed","ping_status":"closed","template":"","meta":[],"product_brand":[2935],"product_cat":[1564],"product_tag":[],"class_list":{"0":"post-3427478","1":"product","2":"type-product","3":"status-publish","4":"has-post-thumbnail","6":"product_brand-fendress-de","7":"product_cat-fenderhuellen","9":"first","10":"instock","11":"shipping-taxable","12":"purchasable","13":"product-type-simple"},"_links":{"self":[{"href":"https:\/\/stoic-curie.212-227-153-4.plesk.page\/de\/wp-json\/wp\/v2\/product\/3427478","targetHints":{"allow":["GET"]}}],"collection":[{"href":"https:\/\/stoic-curie.212-227-153-4.plesk.page\/de\/wp-json\/wp\/v2\/product"}],"about":[{"href":"https:\/\/stoic-curie.212-227-153-4.plesk.page\/de\/wp-json\/wp\/v2\/types\/product"}],"replies":[{"embeddable":true,"href":"https:\/\/stoic-curie.212-227-153-4.plesk.page\/de\/wp-json\/wp\/v2\/comments?post=3427478"}],"version-history":[{"count":0,"href":"https:\/\/stoic-curie.212-227-153-4.plesk.page\/de\/wp-json\/wp\/v2\/product\/3427478\/revisions"}],"wp:featuredmedia":[{"embeddable":true,"href":"https:\/\/stoic-curie.212-227-153-4.plesk.page\/de\/wp-json\/wp\/v2\/media\/5944363"}],"wp:attachment":[{"href":"https:\/\/stoic-curie.212-227-153-4.plesk.page\/de\/wp-json\/wp\/v2\/media?parent=3427478"}],"wp:term":[{"taxonomy":"product_brand","embeddable":true,"href":"https:\/\/stoic-curie.212-227-153-4.plesk.page\/de\/wp-json\/wp\/v2\/product_brand?post=3427478"},{"taxonomy":"product_cat","embeddable":true,"href":"https:\/\/stoic-curie.212-227-153-4.plesk.page\/de\/wp-json\/wp\/v2\/product_cat?post=3427478"},{"taxonomy":"product_tag","embeddable":true,"href":"https:\/\/stoic-curie.212-227-153-4.plesk.page\/de\/wp-json\/wp\/v2\/product_tag?post=3427478"}],"curies":[{"name":"wp","href":"https:\/\/api.w.org\/{rel}","templated":true}]}}