{"id":3427490,"date":"2025-10-09T22:54:28","date_gmt":"2025-10-10T02:54:28","guid":{"rendered":"https:\/\/stoic-curie.212-227-153-4.plesk.page\/product\/fendress-fenderbezug-f02-bordeaux\/"},"modified":"2026-02-24T23:35:05","modified_gmt":"2026-02-24T23:35:05","slug":"fendress-fenderbezug-f02-bordeaux","status":"publish","type":"product","link":"https:\/\/stoic-curie.212-227-153-4.plesk.page\/de\/product\/fendress-fenderbezug-f02-bordeaux\/","title":{"rendered":"Fendress Fenderbezug F02 Bordeaux"},"content":{"rendered":"<p>Fendress Fenderbezug F02 Bordeaux &#8211; <\/p>\n<p>Pl\u00fcsch-Fleece handgefertigte Fendress Fenderh\u00fcllen. Premium-Schutz f\u00fcr Ihre Fender und Vermeidung von Fenderquietschen und Schrammen. Weich und robust sch\u00fctzen diese Fenderh\u00fcllen effektiv Ihren Gel-Coat-Lack und verl\u00e4ngern die Lebensdauer Ihrer Fender. <\/p>\n<p> \u2022 \u201eFendress Covers\u201c sind 100% Acryl, handgefertigt, von h\u00f6chster Qualit\u00e4t, widerstandsf\u00e4hig und nicht abrasiv. Weiche, pl\u00fcschige Fleece-Fenderh\u00fcllen bieten ultimativen Schutz f\u00fcr Ihre Oberfl\u00e4chen. <br \/> \u2022 \u201eFendress Covers\u201c sind UV- und salzwasserbest\u00e4ndig und sch\u00fctzen effektiv Ihren Gel-Coat-Lack vor Schrammen und Abrieb. Der strapazierf\u00e4hige und robuste Fleece-Stoff vereint alle besten Eigenschaften, darunter Riss- und Abriebfestigkeit, schnelles Trocknen und einfache Reinigung. <br \/> \u2022 \u201eFendress Covers\u201c verl\u00e4ngern die Lebensdauer Ihrer Fender und beseitigen l\u00e4stiges Fenderquietschen. UV-best\u00e4ndige Farben hinterlassen keine Spuren auf Ihren Oberfl\u00e4chen. Maschinenwaschbar. <br \/> \u2022 Die hochbest\u00e4ndige Oberseite und der elastische Saum von \u201eFendress Covers\u201c erm\u00f6glichen eine individuelle Passform f\u00fcr alle Fendertypen. Die H\u00fcllen sind in 9 Farben erh\u00e4ltlich.<\/p>\n","protected":false},"excerpt":{"rendered":"<p>Fendress Fenderbezug F02 Bordeaux &#8211; Pl\u00fcsch-Fleece handgefertigte Fendress Fenderh\u00fcllen. Premium-Schutz f\u00fcr Ihre Fender und Vermeidung von Fenderquietschen und Schrammen. Weich<\/p>\n","protected":false},"featured_media":5944364,"comment_status":"closed","ping_status":"closed","template":"","meta":[],"product_brand":[2935],"product_cat":[1564],"product_tag":[],"class_list":{"0":"post-3427490","1":"product","2":"type-product","3":"status-publish","4":"has-post-thumbnail","6":"product_brand-fendress-de","7":"product_cat-fenderhuellen","9":"first","10":"instock","11":"shipping-taxable","12":"purchasable","13":"product-type-simple"},"_links":{"self":[{"href":"https:\/\/stoic-curie.212-227-153-4.plesk.page\/de\/wp-json\/wp\/v2\/product\/3427490","targetHints":{"allow":["GET"]}}],"collection":[{"href":"https:\/\/stoic-curie.212-227-153-4.plesk.page\/de\/wp-json\/wp\/v2\/product"}],"about":[{"href":"https:\/\/stoic-curie.212-227-153-4.plesk.page\/de\/wp-json\/wp\/v2\/types\/product"}],"replies":[{"embeddable":true,"href":"https:\/\/stoic-curie.212-227-153-4.plesk.page\/de\/wp-json\/wp\/v2\/comments?post=3427490"}],"version-history":[{"count":0,"href":"https:\/\/stoic-curie.212-227-153-4.plesk.page\/de\/wp-json\/wp\/v2\/product\/3427490\/revisions"}],"wp:featuredmedia":[{"embeddable":true,"href":"https:\/\/stoic-curie.212-227-153-4.plesk.page\/de\/wp-json\/wp\/v2\/media\/5944364"}],"wp:attachment":[{"href":"https:\/\/stoic-curie.212-227-153-4.plesk.page\/de\/wp-json\/wp\/v2\/media?parent=3427490"}],"wp:term":[{"taxonomy":"product_brand","embeddable":true,"href":"https:\/\/stoic-curie.212-227-153-4.plesk.page\/de\/wp-json\/wp\/v2\/product_brand?post=3427490"},{"taxonomy":"product_cat","embeddable":true,"href":"https:\/\/stoic-curie.212-227-153-4.plesk.page\/de\/wp-json\/wp\/v2\/product_cat?post=3427490"},{"taxonomy":"product_tag","embeddable":true,"href":"https:\/\/stoic-curie.212-227-153-4.plesk.page\/de\/wp-json\/wp\/v2\/product_tag?post=3427490"}],"curies":[{"name":"wp","href":"https:\/\/api.w.org\/{rel}","templated":true}]}}