{"id":3427502,"date":"2025-10-09T22:54:29","date_gmt":"2025-10-10T02:54:29","guid":{"rendered":"https:\/\/stoic-curie.212-227-153-4.plesk.page\/product\/endkappe-t2-h45-schwarz\/"},"modified":"2026-02-24T23:35:06","modified_gmt":"2026-02-24T23:35:06","slug":"endkappe-t2-h45-schwarz","status":"publish","type":"product","link":"https:\/\/stoic-curie.212-227-153-4.plesk.page\/de\/product\/endkappe-t2-h45-schwarz\/","title":{"rendered":"Endkappe T2 H45 Schwarz"},"content":{"rendered":"<p>Endkappe T2 H45 Schwarz &#8211; <\/p>\n<p>T-f\u00f6rmiges PVC-Fenderprofil. T1 oder T2 Strebenst\u00fctze ist f\u00fcr die Montage erforderlich. Das Profil wird in Packungen von 12, 16 und 24 Metern verkauft. Die Endkappe, das Abschlussprofil und die Strebenst\u00fctze sind entsprechend der H\u00f6he des Profils und der Farbe erh\u00e4ltlich.<\/p>\n","protected":false},"excerpt":{"rendered":"<p>Endkappe T2 H45 Schwarz &#8211; T-f\u00f6rmiges PVC-Fenderprofil. T1 oder T2 Strebenst\u00fctze ist f\u00fcr die Montage erforderlich. Das Profil wird in<\/p>\n","protected":false},"featured_media":5944401,"comment_status":"closed","ping_status":"closed","template":"","meta":[],"product_brand":[3480],"product_cat":[1565],"product_tag":[],"class_list":{"0":"post-3427502","1":"product","2":"type-product","3":"status-publish","4":"has-post-thumbnail","6":"product_brand-tessilmare-de","7":"product_cat-fender-profile","9":"first","10":"instock","11":"shipping-taxable","12":"purchasable","13":"product-type-simple"},"_links":{"self":[{"href":"https:\/\/stoic-curie.212-227-153-4.plesk.page\/de\/wp-json\/wp\/v2\/product\/3427502","targetHints":{"allow":["GET"]}}],"collection":[{"href":"https:\/\/stoic-curie.212-227-153-4.plesk.page\/de\/wp-json\/wp\/v2\/product"}],"about":[{"href":"https:\/\/stoic-curie.212-227-153-4.plesk.page\/de\/wp-json\/wp\/v2\/types\/product"}],"replies":[{"embeddable":true,"href":"https:\/\/stoic-curie.212-227-153-4.plesk.page\/de\/wp-json\/wp\/v2\/comments?post=3427502"}],"version-history":[{"count":0,"href":"https:\/\/stoic-curie.212-227-153-4.plesk.page\/de\/wp-json\/wp\/v2\/product\/3427502\/revisions"}],"wp:featuredmedia":[{"embeddable":true,"href":"https:\/\/stoic-curie.212-227-153-4.plesk.page\/de\/wp-json\/wp\/v2\/media\/5944401"}],"wp:attachment":[{"href":"https:\/\/stoic-curie.212-227-153-4.plesk.page\/de\/wp-json\/wp\/v2\/media?parent=3427502"}],"wp:term":[{"taxonomy":"product_brand","embeddable":true,"href":"https:\/\/stoic-curie.212-227-153-4.plesk.page\/de\/wp-json\/wp\/v2\/product_brand?post=3427502"},{"taxonomy":"product_cat","embeddable":true,"href":"https:\/\/stoic-curie.212-227-153-4.plesk.page\/de\/wp-json\/wp\/v2\/product_cat?post=3427502"},{"taxonomy":"product_tag","embeddable":true,"href":"https:\/\/stoic-curie.212-227-153-4.plesk.page\/de\/wp-json\/wp\/v2\/product_tag?post=3427502"}],"curies":[{"name":"wp","href":"https:\/\/api.w.org\/{rel}","templated":true}]}}