{"id":3427621,"date":"2025-10-09T22:54:34","date_gmt":"2025-10-10T02:54:34","guid":{"rendered":"https:\/\/stoic-curie.212-227-153-4.plesk.page\/product\/harzlager-fuer-welle-40-x-5397-x-160-mm\/"},"modified":"2026-02-24T23:35:06","modified_gmt":"2026-02-24T23:35:06","slug":"harzlager-fuer-welle-40-x-5397-x-160-mm","status":"publish","type":"product","link":"https:\/\/stoic-curie.212-227-153-4.plesk.page\/de\/product\/harzlager-fuer-welle-40-x-5397-x-160-mm\/","title":{"rendered":"Harzlager f\u00fcr Welle, 40 x 53,97 x 160 mm"},"content":{"rendered":"<p>Harzlager f\u00fcr Welle, 40 x 53,97 x 160 mm &#8211; <\/p>\n<p>Wassergeschmierte Wellenlager mit metrischen Innendurchmessern und Zoll-Au\u00dfendurchmessern. Harzgeh\u00e4use, Gummi-Innenteil mit axialen Kan\u00e4len.<\/p>\n","protected":false},"excerpt":{"rendered":"<p>Harzlager f\u00fcr Welle, 40 x 53,97 x 160 mm &#8211; Wassergeschmierte Wellenlager mit metrischen Innendurchmessern und Zoll-Au\u00dfendurchmessern. Harzgeh\u00e4use, Gummi-Innenteil mit<\/p>\n","protected":false},"featured_media":5936301,"comment_status":"closed","ping_status":"closed","template":"","meta":[],"product_brand":[2930],"product_cat":[1525],"product_tag":[],"class_list":{"0":"post-3427621","1":"product","2":"type-product","3":"status-publish","4":"has-post-thumbnail","6":"product_brand-exalto-marine-de","7":"product_cat-propellerwellenlager","9":"first","10":"instock","11":"shipping-taxable","12":"purchasable","13":"product-type-simple"},"_links":{"self":[{"href":"https:\/\/stoic-curie.212-227-153-4.plesk.page\/de\/wp-json\/wp\/v2\/product\/3427621","targetHints":{"allow":["GET"]}}],"collection":[{"href":"https:\/\/stoic-curie.212-227-153-4.plesk.page\/de\/wp-json\/wp\/v2\/product"}],"about":[{"href":"https:\/\/stoic-curie.212-227-153-4.plesk.page\/de\/wp-json\/wp\/v2\/types\/product"}],"replies":[{"embeddable":true,"href":"https:\/\/stoic-curie.212-227-153-4.plesk.page\/de\/wp-json\/wp\/v2\/comments?post=3427621"}],"version-history":[{"count":0,"href":"https:\/\/stoic-curie.212-227-153-4.plesk.page\/de\/wp-json\/wp\/v2\/product\/3427621\/revisions"}],"wp:featuredmedia":[{"embeddable":true,"href":"https:\/\/stoic-curie.212-227-153-4.plesk.page\/de\/wp-json\/wp\/v2\/media\/5936301"}],"wp:attachment":[{"href":"https:\/\/stoic-curie.212-227-153-4.plesk.page\/de\/wp-json\/wp\/v2\/media?parent=3427621"}],"wp:term":[{"taxonomy":"product_brand","embeddable":true,"href":"https:\/\/stoic-curie.212-227-153-4.plesk.page\/de\/wp-json\/wp\/v2\/product_brand?post=3427621"},{"taxonomy":"product_cat","embeddable":true,"href":"https:\/\/stoic-curie.212-227-153-4.plesk.page\/de\/wp-json\/wp\/v2\/product_cat?post=3427621"},{"taxonomy":"product_tag","embeddable":true,"href":"https:\/\/stoic-curie.212-227-153-4.plesk.page\/de\/wp-json\/wp\/v2\/product_tag?post=3427621"}],"curies":[{"name":"wp","href":"https:\/\/api.w.org\/{rel}","templated":true}]}}