{"id":3427720,"date":"2025-10-09T22:54:39","date_gmt":"2025-10-10T02:54:39","guid":{"rendered":"https:\/\/stoic-curie.212-227-153-4.plesk.page\/product\/edelstahl-unterstuetzung-glomex-v9123-fuer-tv-antennen-avior-talitha\/"},"modified":"2026-02-24T23:35:06","modified_gmt":"2026-02-24T23:35:06","slug":"edelstahl-unterstuetzung-glomex-v9123-fuer-tv-antennen-avior-talitha","status":"publish","type":"product","link":"https:\/\/stoic-curie.212-227-153-4.plesk.page\/de\/product\/edelstahl-unterstuetzung-glomex-v9123-fuer-tv-antennen-avior-talitha\/","title":{"rendered":"Edelstahl-Unterst\u00fctzung Glomex V9123 f\u00fcr TV-Antennen Avior \/ Talitha"},"content":{"rendered":"<p>Edelstahl-Unterst\u00fctzung Glomex V9123 f\u00fcr TV-Antennen Avior \/ Talitha &#8211; <\/p>\n<p>Omnidirektionale Glomex V9125AGCU\/DAB20 Talitha Antenne f\u00fcr analogen\/digitalen TV-Empfang. Dank der 31 mm hohen Haifischflosse, die den Empfang vertikaler Signale erm\u00f6glicht, kann diese Antenne analoge oder digitale TV-Signale sowohl horizontal als auch vertikal empfangen. Damit ist sie die ideale L\u00f6sung f\u00fcr jede Art von Boot, sei es Segelboot oder Motorboot. Ausgestattet mit einem Stylus zum Empfang des DAB-Signals und einem automatischen Verst\u00e4rkungsregler (AGC), der ein perfektes Signal sowohl auf See als auch im Hafen gew\u00e4hrleistet. In Kombination mit einem V9147-Splitter (2-Wege, optional), der zwischen der Antenne und dem Verst\u00e4rker installiert wird, kann sie auch AM-FM-Radiowellen empfangen. Frequenz 87,5\/774 MHz, 174\/240 MHz DA &#8211; Impedanz 75 Ohm &#8211; Universelles Netzteil 12\/24V.<\/p>\n","protected":false},"excerpt":{"rendered":"<p>Edelstahl-Unterst\u00fctzung Glomex V9123 f\u00fcr TV-Antennen Avior \/ Talitha &#8211; Omnidirektionale Glomex V9125AGCU\/DAB20 Talitha Antenne f\u00fcr analogen\/digitalen TV-Empfang. Dank der 31<\/p>\n","protected":false},"featured_media":5944453,"comment_status":"closed","ping_status":"closed","template":"","meta":[],"product_brand":[2980],"product_cat":[1467],"product_tag":[],"class_list":{"0":"post-3427720","1":"product","2":"type-product","3":"status-publish","4":"has-post-thumbnail","6":"product_brand-glomex-de","7":"product_cat-tv-antennen","9":"first","10":"instock","11":"shipping-taxable","12":"purchasable","13":"product-type-simple"},"_links":{"self":[{"href":"https:\/\/stoic-curie.212-227-153-4.plesk.page\/de\/wp-json\/wp\/v2\/product\/3427720","targetHints":{"allow":["GET"]}}],"collection":[{"href":"https:\/\/stoic-curie.212-227-153-4.plesk.page\/de\/wp-json\/wp\/v2\/product"}],"about":[{"href":"https:\/\/stoic-curie.212-227-153-4.plesk.page\/de\/wp-json\/wp\/v2\/types\/product"}],"replies":[{"embeddable":true,"href":"https:\/\/stoic-curie.212-227-153-4.plesk.page\/de\/wp-json\/wp\/v2\/comments?post=3427720"}],"version-history":[{"count":0,"href":"https:\/\/stoic-curie.212-227-153-4.plesk.page\/de\/wp-json\/wp\/v2\/product\/3427720\/revisions"}],"wp:featuredmedia":[{"embeddable":true,"href":"https:\/\/stoic-curie.212-227-153-4.plesk.page\/de\/wp-json\/wp\/v2\/media\/5944453"}],"wp:attachment":[{"href":"https:\/\/stoic-curie.212-227-153-4.plesk.page\/de\/wp-json\/wp\/v2\/media?parent=3427720"}],"wp:term":[{"taxonomy":"product_brand","embeddable":true,"href":"https:\/\/stoic-curie.212-227-153-4.plesk.page\/de\/wp-json\/wp\/v2\/product_brand?post=3427720"},{"taxonomy":"product_cat","embeddable":true,"href":"https:\/\/stoic-curie.212-227-153-4.plesk.page\/de\/wp-json\/wp\/v2\/product_cat?post=3427720"},{"taxonomy":"product_tag","embeddable":true,"href":"https:\/\/stoic-curie.212-227-153-4.plesk.page\/de\/wp-json\/wp\/v2\/product_tag?post=3427720"}],"curies":[{"name":"wp","href":"https:\/\/api.w.org\/{rel}","templated":true}]}}