{"id":3427770,"date":"2025-10-09T22:54:41","date_gmt":"2025-10-10T02:54:41","guid":{"rendered":"https:\/\/stoic-curie.212-227-153-4.plesk.page\/product\/fendress-fenderbezug-f5-blau-royal\/"},"modified":"2026-02-24T23:35:06","modified_gmt":"2026-02-24T23:35:06","slug":"fendress-fenderbezug-f5-blau-royal","status":"publish","type":"product","link":"https:\/\/stoic-curie.212-227-153-4.plesk.page\/de\/product\/fendress-fenderbezug-f5-blau-royal\/","title":{"rendered":"Fendress Fenderbezug F5 Blau Royal"},"content":{"rendered":"<p>Fendress Fenderbezug F5 Blau Royal &#8211; <\/p>\n<p>Pl\u00fcsch-Fleece handgefertigte Fendress Fenderabdeckungen. Premium-Schutz f\u00fcr Ihre Fender, w\u00e4hrend Sie Fenderquietschen und Kratzmarken eliminieren. Weich und robust, sch\u00fctzen diese Fenderabdeckungen effektiv Ihre Gel-Coat-Lackierung und sorgen daf\u00fcr, dass Ihre Fender l\u00e4nger halten.<\/p>\n<p>\u2022 &#8220;Fendress Covers&#8221; sind 100 % Acryl, handgefertigte Premium-Qualit\u00e4t, widerstandsf\u00e4hig und nicht abrasiv, mit einem Loopschaft. Weiche, pl\u00fcschige Fleece-Fenderabdeckungen bieten den ultimativen Schutz f\u00fcr Ihre Oberseite.<br \/>\u2022 &#8220;Fendress Covers&#8221; sind UV- und salzwasserbest\u00e4ndig und sch\u00fctzen Ihre Gel-Coat-Lackierung effektiv vor Kratzmarken und Abnutzung. Der strapazierf\u00e4hige und robuste Fleece-Stoff umfasst alle besten Eigenschaften, einschlie\u00dflich Riss- und Abriebfestigkeit, schnelles Trocknen und einfache Entfernung zur Reinigung.<br \/>\u2022 &#8220;Fendress Covers&#8221; verl\u00e4ngern die Lebensdauer Ihrer Fender und beseitigen l\u00e4stige Fenderquietschen. UV-best\u00e4ndige Farben hinterlassen keine Flecken auf Ihrer Oberseite. Maschinenwaschbar.<br \/>\u2022 &#8220;Fendress Covers&#8221; hochgradig widerstandsf\u00e4higer Oberteil und elastischer Bund gew\u00e4hrleisten eine individuelle Passform f\u00fcr alle Fenderarten. Deko\u00fcberz\u00fcge sind in 9 Farben erh\u00e4ltlich.<\/p>\n","protected":false},"excerpt":{"rendered":"<p>Fendress Fenderbezug F5 Blau Royal &#8211; Pl\u00fcsch-Fleece handgefertigte Fendress Fenderabdeckungen. Premium-Schutz f\u00fcr Ihre Fender, w\u00e4hrend Sie Fenderquietschen und Kratzmarken eliminieren.<\/p>\n","protected":false},"featured_media":5944460,"comment_status":"closed","ping_status":"closed","template":"","meta":[],"product_brand":[2935],"product_cat":[1564],"product_tag":[],"class_list":{"0":"post-3427770","1":"product","2":"type-product","3":"status-publish","4":"has-post-thumbnail","6":"product_brand-fendress-de","7":"product_cat-fenderhuellen","9":"first","10":"instock","11":"shipping-taxable","12":"purchasable","13":"product-type-simple"},"_links":{"self":[{"href":"https:\/\/stoic-curie.212-227-153-4.plesk.page\/de\/wp-json\/wp\/v2\/product\/3427770","targetHints":{"allow":["GET"]}}],"collection":[{"href":"https:\/\/stoic-curie.212-227-153-4.plesk.page\/de\/wp-json\/wp\/v2\/product"}],"about":[{"href":"https:\/\/stoic-curie.212-227-153-4.plesk.page\/de\/wp-json\/wp\/v2\/types\/product"}],"replies":[{"embeddable":true,"href":"https:\/\/stoic-curie.212-227-153-4.plesk.page\/de\/wp-json\/wp\/v2\/comments?post=3427770"}],"version-history":[{"count":0,"href":"https:\/\/stoic-curie.212-227-153-4.plesk.page\/de\/wp-json\/wp\/v2\/product\/3427770\/revisions"}],"wp:featuredmedia":[{"embeddable":true,"href":"https:\/\/stoic-curie.212-227-153-4.plesk.page\/de\/wp-json\/wp\/v2\/media\/5944460"}],"wp:attachment":[{"href":"https:\/\/stoic-curie.212-227-153-4.plesk.page\/de\/wp-json\/wp\/v2\/media?parent=3427770"}],"wp:term":[{"taxonomy":"product_brand","embeddable":true,"href":"https:\/\/stoic-curie.212-227-153-4.plesk.page\/de\/wp-json\/wp\/v2\/product_brand?post=3427770"},{"taxonomy":"product_cat","embeddable":true,"href":"https:\/\/stoic-curie.212-227-153-4.plesk.page\/de\/wp-json\/wp\/v2\/product_cat?post=3427770"},{"taxonomy":"product_tag","embeddable":true,"href":"https:\/\/stoic-curie.212-227-153-4.plesk.page\/de\/wp-json\/wp\/v2\/product_tag?post=3427770"}],"curies":[{"name":"wp","href":"https:\/\/api.w.org\/{rel}","templated":true}]}}