{"id":3427778,"date":"2025-10-09T22:54:42","date_gmt":"2025-10-10T02:54:42","guid":{"rendered":"https:\/\/stoic-curie.212-227-153-4.plesk.page\/product\/fendress-fenderbezug-blau-royal-f6\/"},"modified":"2026-02-24T23:35:06","modified_gmt":"2026-02-24T23:35:06","slug":"fendress-fenderbezug-blau-royal-f6","status":"publish","type":"product","link":"https:\/\/stoic-curie.212-227-153-4.plesk.page\/de\/product\/fendress-fenderbezug-blau-royal-f6\/","title":{"rendered":"Fendress Fenderbezug Blau Royal F6"},"content":{"rendered":"<p>Fendress Fenderbezug Blau Royal F6 &#8211; <\/p>\n<p>Pl\u00fcsch-Fleece handgefertigte Fendress Fenderabdeckungen. Premium-Schutz f\u00fcr Ihre Fender und Beseitigung von Fenderquietschen und schmutzigen Abdr\u00fccken. Weich und robust, sch\u00fctzen diese Fenderabdeckungen effizient Ihre Gel-Coat-Lackierung und sorgen daf\u00fcr, dass Ihre Fender l\u00e4nger halten.<\/p>\n<p>\u2022 \u201eFendress Covers\u201c sind aus 100% Acryl handgefertigte Premium-Qualit\u00e4t, widerstandsf\u00e4hig und nicht-abrasiv. Die weichen, pl\u00fcschigen Fleece-Fenderabdeckungen bieten den ultimativen Schutz f\u00fcr Ihre Oberseite. \u2022 \u201eFendress Covers\u201c sind UV- und salzwasserbest\u00e4ndig, sch\u00fctzen effektiv Ihre Gel-Coat-Lackierung vor schmutzigen Abdr\u00fccken und Abrieb. Der strapazierf\u00e4hige und robuste Fleece-Stoff enth\u00e4lt alle besten Eigenschaften, einschlie\u00dflich Abrieb- und Rei\u00dffestigkeit, schnelles Trocknen und einfaches Abnehmen zur Reinigung. \u2022 \u201eFendress Covers\u201c verl\u00e4ngern die Lebensdauer Ihrer Fender und beseitigen l\u00e4stiges Fenderquietschen. UV-best\u00e4ndige Farben hinterlassen keine Spuren auf Ihrer Oberseite. Waschmaschinenfest. \u2022 \u201eFendress Covers\u201c mit hochbest\u00e4ndigem Obermaterial und elastischem Saum erlauben eine ma\u00dfgeschneiderte Passform f\u00fcr alle Fendertypen. Abdeckungen sind in 9 Farben erh\u00e4ltlich.<\/p>\n","protected":false},"excerpt":{"rendered":"<p>Fendress Fenderbezug Blau Royal F6 &#8211; Pl\u00fcsch-Fleece handgefertigte Fendress Fenderabdeckungen. Premium-Schutz f\u00fcr Ihre Fender und Beseitigung von Fenderquietschen und schmutzigen<\/p>\n","protected":false},"featured_media":5944460,"comment_status":"closed","ping_status":"closed","template":"","meta":[],"product_brand":[2935],"product_cat":[1564],"product_tag":[],"class_list":{"0":"post-3427778","1":"product","2":"type-product","3":"status-publish","4":"has-post-thumbnail","6":"product_brand-fendress-de","7":"product_cat-fenderhuellen","9":"first","10":"instock","11":"shipping-taxable","12":"purchasable","13":"product-type-simple"},"_links":{"self":[{"href":"https:\/\/stoic-curie.212-227-153-4.plesk.page\/de\/wp-json\/wp\/v2\/product\/3427778","targetHints":{"allow":["GET"]}}],"collection":[{"href":"https:\/\/stoic-curie.212-227-153-4.plesk.page\/de\/wp-json\/wp\/v2\/product"}],"about":[{"href":"https:\/\/stoic-curie.212-227-153-4.plesk.page\/de\/wp-json\/wp\/v2\/types\/product"}],"replies":[{"embeddable":true,"href":"https:\/\/stoic-curie.212-227-153-4.plesk.page\/de\/wp-json\/wp\/v2\/comments?post=3427778"}],"version-history":[{"count":0,"href":"https:\/\/stoic-curie.212-227-153-4.plesk.page\/de\/wp-json\/wp\/v2\/product\/3427778\/revisions"}],"wp:featuredmedia":[{"embeddable":true,"href":"https:\/\/stoic-curie.212-227-153-4.plesk.page\/de\/wp-json\/wp\/v2\/media\/5944460"}],"wp:attachment":[{"href":"https:\/\/stoic-curie.212-227-153-4.plesk.page\/de\/wp-json\/wp\/v2\/media?parent=3427778"}],"wp:term":[{"taxonomy":"product_brand","embeddable":true,"href":"https:\/\/stoic-curie.212-227-153-4.plesk.page\/de\/wp-json\/wp\/v2\/product_brand?post=3427778"},{"taxonomy":"product_cat","embeddable":true,"href":"https:\/\/stoic-curie.212-227-153-4.plesk.page\/de\/wp-json\/wp\/v2\/product_cat?post=3427778"},{"taxonomy":"product_tag","embeddable":true,"href":"https:\/\/stoic-curie.212-227-153-4.plesk.page\/de\/wp-json\/wp\/v2\/product_tag?post=3427778"}],"curies":[{"name":"wp","href":"https:\/\/api.w.org\/{rel}","templated":true}]}}