{"id":3427779,"date":"2025-10-09T22:54:42","date_gmt":"2025-10-10T02:54:42","guid":{"rendered":"https:\/\/stoic-curie.212-227-153-4.plesk.page\/product\/fendress-fenderbezug-f7-blau-royal\/"},"modified":"2026-02-24T23:35:06","modified_gmt":"2026-02-24T23:35:06","slug":"fendress-fenderbezug-f7-blau-royal","status":"publish","type":"product","link":"https:\/\/stoic-curie.212-227-153-4.plesk.page\/de\/product\/fendress-fenderbezug-f7-blau-royal\/","title":{"rendered":"Fendress Fenderbezug F7 Blau Royal"},"content":{"rendered":"<p>Fendress Fenderbezug F7 Blau Royal &#8211; <\/p>\n<p>Pl\u00fcsch-Fleece-Handgefertigte Fendress Fenderabdeckungen. Premium Schutz f\u00fcr Ihre Fender, w\u00e4hrend es Fenderquietschen und Kratzer eliminiert. Weich und strapazierf\u00e4hig sch\u00fctzen diese Fenderabdeckungen effizient Ihren Gelcoat-Lack und verl\u00e4ngern die Lebensdauer Ihrer Fender.<\/p>\n<p>\u2022 \u201eFendress Covers\u201c sind 100% Acryl, handgefertigt, von Premium-Qualit\u00e4t, resistent und nicht abrasiv. Weiche, pl\u00fcschige Fleece-Fenderabdeckungen bieten den ultimativen Schutz f\u00fcr Ihre Oberseiten. \u2022 \u201eFendress Covers\u201c sind UV- und salzwasserbest\u00e4ndig und sch\u00fctzen Ihren Gelcoat-Lack effizient vor Kratzern und Abrieb. Der strapazierf\u00e4hige Fleece-Stoff enth\u00e4lt alle besten Eigenschaften, darunter Rei\u00df- und Abriebfestigkeit, schnelles Trocknen und einfache Entfernung zur Reinigung. \u2022 \u201eFendress Covers\u201c verl\u00e4ngern die Lebensdauer Ihrer Fender und beseitigen l\u00e4stiges Fenderquietschen. UV-best\u00e4ndige Farben hinterlassen keine Spuren auf Ihren Oberseiten. Maschinenwaschbar. \u2022 Die hochbelastbaren Oberteile und der elastisch gekr\u00e4uselte Saum der \u201eFendress Covers\u201c erm\u00f6glichen eine ma\u00dfgeschneiderte Passform f\u00fcr alle Arten von Fendern. Abdeckungen sind in 9 Farben erh\u00e4ltlich.<\/p>\n","protected":false},"excerpt":{"rendered":"<p>Fendress Fenderbezug F7 Blau Royal &#8211; Pl\u00fcsch-Fleece-Handgefertigte Fendress Fenderabdeckungen. Premium Schutz f\u00fcr Ihre Fender, w\u00e4hrend es Fenderquietschen und Kratzer eliminiert.<\/p>\n","protected":false},"featured_media":5944460,"comment_status":"closed","ping_status":"closed","template":"","meta":[],"product_brand":[2935],"product_cat":[1564],"product_tag":[],"class_list":{"0":"post-3427779","1":"product","2":"type-product","3":"status-publish","4":"has-post-thumbnail","6":"product_brand-fendress-de","7":"product_cat-fenderhuellen","9":"first","10":"instock","11":"shipping-taxable","12":"purchasable","13":"product-type-simple"},"_links":{"self":[{"href":"https:\/\/stoic-curie.212-227-153-4.plesk.page\/de\/wp-json\/wp\/v2\/product\/3427779","targetHints":{"allow":["GET"]}}],"collection":[{"href":"https:\/\/stoic-curie.212-227-153-4.plesk.page\/de\/wp-json\/wp\/v2\/product"}],"about":[{"href":"https:\/\/stoic-curie.212-227-153-4.plesk.page\/de\/wp-json\/wp\/v2\/types\/product"}],"replies":[{"embeddable":true,"href":"https:\/\/stoic-curie.212-227-153-4.plesk.page\/de\/wp-json\/wp\/v2\/comments?post=3427779"}],"version-history":[{"count":0,"href":"https:\/\/stoic-curie.212-227-153-4.plesk.page\/de\/wp-json\/wp\/v2\/product\/3427779\/revisions"}],"wp:featuredmedia":[{"embeddable":true,"href":"https:\/\/stoic-curie.212-227-153-4.plesk.page\/de\/wp-json\/wp\/v2\/media\/5944460"}],"wp:attachment":[{"href":"https:\/\/stoic-curie.212-227-153-4.plesk.page\/de\/wp-json\/wp\/v2\/media?parent=3427779"}],"wp:term":[{"taxonomy":"product_brand","embeddable":true,"href":"https:\/\/stoic-curie.212-227-153-4.plesk.page\/de\/wp-json\/wp\/v2\/product_brand?post=3427779"},{"taxonomy":"product_cat","embeddable":true,"href":"https:\/\/stoic-curie.212-227-153-4.plesk.page\/de\/wp-json\/wp\/v2\/product_cat?post=3427779"},{"taxonomy":"product_tag","embeddable":true,"href":"https:\/\/stoic-curie.212-227-153-4.plesk.page\/de\/wp-json\/wp\/v2\/product_tag?post=3427779"}],"curies":[{"name":"wp","href":"https:\/\/api.w.org\/{rel}","templated":true}]}}