{"id":3427817,"date":"2025-10-09T22:54:43","date_gmt":"2025-10-10T02:54:43","guid":{"rendered":"https:\/\/stoic-curie.212-227-153-4.plesk.page\/product\/sport-schwimmweste-reef-iso-en12402-5-70-newton-70-80-kg\/"},"modified":"2026-02-24T23:35:06","modified_gmt":"2026-02-24T23:35:06","slug":"sport-schwimmweste-reef-iso-en12402-5-70-newton-70-80-kg","status":"publish","type":"product","link":"https:\/\/stoic-curie.212-227-153-4.plesk.page\/de\/product\/sport-schwimmweste-reef-iso-en12402-5-70-newton-70-80-kg\/","title":{"rendered":"Sport-Schwimmweste Reef ISO EN12402-5 70 Newton 70-80 kg"},"content":{"rendered":"<p>Sport-Schwimmweste Reef ISO EN12402-5 70 Newton 70-80 kg &#8211; <\/p>\n<p>Ergonomische und kompakte Schwimmhilfe-Jacke Reef ISO EN12402-5 genehmigt mit 50N Auftrieb. Empfohlen von den besten Hobby-Katamaranmeistern. Auch geeignet f\u00fcr Rafting und Wasserski. Anpassungssystem besteht aus drei Riemen mit Schnellverschluss. 50N &#8211; Auftrieb und Schwimmhilfe. Dies ist keine Rettungsweste. F\u00fcr regelm\u00e4\u00dfige Schwimmer. In K\u00fcstenn\u00e4he zu verwenden.<\/p>\n","protected":false},"excerpt":{"rendered":"<p>Sport-Schwimmweste Reef ISO EN12402-5 70 Newton 70-80 kg &#8211; Ergonomische und kompakte Schwimmhilfe-Jacke Reef ISO EN12402-5 genehmigt mit 50N Auftrieb.<\/p>\n","protected":false},"featured_media":5935788,"comment_status":"closed","ping_status":"closed","template":"","meta":[],"product_brand":[3515],"product_cat":[1316,1555],"product_tag":[],"class_list":{"0":"post-3427817","1":"product","2":"type-product","3":"status-publish","4":"has-post-thumbnail","6":"product_brand-veleria-san-giorgio-de","7":"product_cat-auftriebshilfen","8":"product_cat-rettungswesten-fuer-wassersport","10":"first","11":"instock","12":"shipping-taxable","13":"purchasable","14":"product-type-simple"},"_links":{"self":[{"href":"https:\/\/stoic-curie.212-227-153-4.plesk.page\/de\/wp-json\/wp\/v2\/product\/3427817","targetHints":{"allow":["GET"]}}],"collection":[{"href":"https:\/\/stoic-curie.212-227-153-4.plesk.page\/de\/wp-json\/wp\/v2\/product"}],"about":[{"href":"https:\/\/stoic-curie.212-227-153-4.plesk.page\/de\/wp-json\/wp\/v2\/types\/product"}],"replies":[{"embeddable":true,"href":"https:\/\/stoic-curie.212-227-153-4.plesk.page\/de\/wp-json\/wp\/v2\/comments?post=3427817"}],"version-history":[{"count":0,"href":"https:\/\/stoic-curie.212-227-153-4.plesk.page\/de\/wp-json\/wp\/v2\/product\/3427817\/revisions"}],"wp:featuredmedia":[{"embeddable":true,"href":"https:\/\/stoic-curie.212-227-153-4.plesk.page\/de\/wp-json\/wp\/v2\/media\/5935788"}],"wp:attachment":[{"href":"https:\/\/stoic-curie.212-227-153-4.plesk.page\/de\/wp-json\/wp\/v2\/media?parent=3427817"}],"wp:term":[{"taxonomy":"product_brand","embeddable":true,"href":"https:\/\/stoic-curie.212-227-153-4.plesk.page\/de\/wp-json\/wp\/v2\/product_brand?post=3427817"},{"taxonomy":"product_cat","embeddable":true,"href":"https:\/\/stoic-curie.212-227-153-4.plesk.page\/de\/wp-json\/wp\/v2\/product_cat?post=3427817"},{"taxonomy":"product_tag","embeddable":true,"href":"https:\/\/stoic-curie.212-227-153-4.plesk.page\/de\/wp-json\/wp\/v2\/product_tag?post=3427817"}],"curies":[{"name":"wp","href":"https:\/\/api.w.org\/{rel}","templated":true}]}}