{"id":3427849,"date":"2025-10-09T22:54:45","date_gmt":"2025-10-10T02:54:45","guid":{"rendered":"https:\/\/stoic-curie.212-227-153-4.plesk.page\/product\/edelstahl-unterstuetzung-glomex-v9172-fuer-tv-antennen-nashira-adhara\/"},"modified":"2026-02-24T23:35:06","modified_gmt":"2026-02-24T23:35:06","slug":"edelstahl-unterstuetzung-glomex-v9172-fuer-tv-antennen-nashira-adhara","status":"publish","type":"product","link":"https:\/\/stoic-curie.212-227-153-4.plesk.page\/de\/product\/edelstahl-unterstuetzung-glomex-v9172-fuer-tv-antennen-nashira-adhara\/","title":{"rendered":"Edelstahl-Unterst\u00fctzung Glomex V9172 f\u00fcr TV-Antennen Nashira \/ Adhara"},"content":{"rendered":"<p>Edelstahl-Unterst\u00fctzung Glomex V9172 f\u00fcr TV-Antennen Nashira \/ Adhara &#8211; <\/p>\n<p>Omnidirektionale Glomex V9150AGC Adhara TV-Antenne f\u00fcr analoge und digitale TV-Signale. Ideal f\u00fcr alle Arten von Booten. Dank der 55 mm hohen Haifischflosse kann sie vertikale und horizontal polarisierte Fernsehsignale empfangen. Ausgestattet mit einem Stylus zum Empfang des DAB-Signals und einem automatischen Regelverst\u00e4rker (AGC), der f\u00fcr ein perfektes Signal sowohl auf See als auch im Hafen sorgt. Die verst\u00e4rkte Basis mit der mikrofusionierten Edelstahlhalterung gew\u00e4hrleistet die beste Stabilit\u00e4t der Antenne unter allen Seezust\u00e4nden. Mit dem optionalen V9147-Splitter, der zwischen der Antenne und dem Verst\u00e4rker installiert wird, kann die Antenne auch AM-FM-Rundfunkfrequenzen empfangen. F\u00fcr 6 TV-Ger\u00e4te geeignet. Frequenz 87,5\/774 MHz, 174\/240 MHz DAB &#8211; Impedanz 75 Ohm &#8211; Universelles Netzteil 12\/24V. Komplett mit 3&#215;20 m Koaxialkabeln und TV-Ger\u00e4tekabel.<\/p>\n","protected":false},"excerpt":{"rendered":"<p>Edelstahl-Unterst\u00fctzung Glomex V9172 f\u00fcr TV-Antennen Nashira \/ Adhara &#8211; Omnidirektionale Glomex V9150AGC Adhara TV-Antenne f\u00fcr analoge und digitale TV-Signale. Ideal<\/p>\n","protected":false},"featured_media":5944483,"comment_status":"closed","ping_status":"closed","template":"","meta":[],"product_brand":[2980],"product_cat":[1467],"product_tag":[],"class_list":{"0":"post-3427849","1":"product","2":"type-product","3":"status-publish","4":"has-post-thumbnail","6":"product_brand-glomex-de","7":"product_cat-tv-antennen","9":"first","10":"instock","11":"shipping-taxable","12":"purchasable","13":"product-type-simple"},"_links":{"self":[{"href":"https:\/\/stoic-curie.212-227-153-4.plesk.page\/de\/wp-json\/wp\/v2\/product\/3427849","targetHints":{"allow":["GET"]}}],"collection":[{"href":"https:\/\/stoic-curie.212-227-153-4.plesk.page\/de\/wp-json\/wp\/v2\/product"}],"about":[{"href":"https:\/\/stoic-curie.212-227-153-4.plesk.page\/de\/wp-json\/wp\/v2\/types\/product"}],"replies":[{"embeddable":true,"href":"https:\/\/stoic-curie.212-227-153-4.plesk.page\/de\/wp-json\/wp\/v2\/comments?post=3427849"}],"version-history":[{"count":0,"href":"https:\/\/stoic-curie.212-227-153-4.plesk.page\/de\/wp-json\/wp\/v2\/product\/3427849\/revisions"}],"wp:featuredmedia":[{"embeddable":true,"href":"https:\/\/stoic-curie.212-227-153-4.plesk.page\/de\/wp-json\/wp\/v2\/media\/5944483"}],"wp:attachment":[{"href":"https:\/\/stoic-curie.212-227-153-4.plesk.page\/de\/wp-json\/wp\/v2\/media?parent=3427849"}],"wp:term":[{"taxonomy":"product_brand","embeddable":true,"href":"https:\/\/stoic-curie.212-227-153-4.plesk.page\/de\/wp-json\/wp\/v2\/product_brand?post=3427849"},{"taxonomy":"product_cat","embeddable":true,"href":"https:\/\/stoic-curie.212-227-153-4.plesk.page\/de\/wp-json\/wp\/v2\/product_cat?post=3427849"},{"taxonomy":"product_tag","embeddable":true,"href":"https:\/\/stoic-curie.212-227-153-4.plesk.page\/de\/wp-json\/wp\/v2\/product_tag?post=3427849"}],"curies":[{"name":"wp","href":"https:\/\/api.w.org\/{rel}","templated":true}]}}