{"id":3427850,"date":"2025-10-09T22:54:45","date_gmt":"2025-10-10T02:54:45","guid":{"rendered":"https:\/\/stoic-curie.212-227-153-4.plesk.page\/product\/t1-streifen-fuer-h36\/"},"modified":"2026-02-24T23:35:06","modified_gmt":"2026-02-24T23:35:06","slug":"t1-streifen-fuer-h36","status":"publish","type":"product","link":"https:\/\/stoic-curie.212-227-153-4.plesk.page\/de\/product\/t1-streifen-fuer-h36\/","title":{"rendered":"T1 Streifen f\u00fcr H36"},"content":{"rendered":"<p>T1 Streifen f\u00fcr H36 &#8211; <\/p>\n<p>T-f\u00f6rmiges PVC-Fenderprofil. <br \/> T1- oder T2-Streifenhalterung ist f\u00fcr die Montage erforderlich. <br \/> Das Profil wird in Verpackungen von 12, 16 und 24 Metern verkauft. <br \/> Der Endkappe, das Abschlussst\u00fcck und die Streifenhalterung sind je nach H\u00f6he des Profils und Farbe erh\u00e4ltlich.<\/p>\n","protected":false},"excerpt":{"rendered":"<p>T1 Streifen f\u00fcr H36 &#8211; T-f\u00f6rmiges PVC-Fenderprofil. T1- oder T2-Streifenhalterung ist f\u00fcr die Montage erforderlich. Das Profil wird in Verpackungen<\/p>\n","protected":false},"featured_media":5944490,"comment_status":"closed","ping_status":"closed","template":"","meta":[],"product_brand":[3480],"product_cat":[1565],"product_tag":[],"class_list":{"0":"post-3427850","1":"product","2":"type-product","3":"status-publish","4":"has-post-thumbnail","6":"product_brand-tessilmare-de","7":"product_cat-fender-profile","9":"first","10":"instock","11":"shipping-taxable","12":"purchasable","13":"product-type-simple"},"_links":{"self":[{"href":"https:\/\/stoic-curie.212-227-153-4.plesk.page\/de\/wp-json\/wp\/v2\/product\/3427850","targetHints":{"allow":["GET"]}}],"collection":[{"href":"https:\/\/stoic-curie.212-227-153-4.plesk.page\/de\/wp-json\/wp\/v2\/product"}],"about":[{"href":"https:\/\/stoic-curie.212-227-153-4.plesk.page\/de\/wp-json\/wp\/v2\/types\/product"}],"replies":[{"embeddable":true,"href":"https:\/\/stoic-curie.212-227-153-4.plesk.page\/de\/wp-json\/wp\/v2\/comments?post=3427850"}],"version-history":[{"count":0,"href":"https:\/\/stoic-curie.212-227-153-4.plesk.page\/de\/wp-json\/wp\/v2\/product\/3427850\/revisions"}],"wp:featuredmedia":[{"embeddable":true,"href":"https:\/\/stoic-curie.212-227-153-4.plesk.page\/de\/wp-json\/wp\/v2\/media\/5944490"}],"wp:attachment":[{"href":"https:\/\/stoic-curie.212-227-153-4.plesk.page\/de\/wp-json\/wp\/v2\/media?parent=3427850"}],"wp:term":[{"taxonomy":"product_brand","embeddable":true,"href":"https:\/\/stoic-curie.212-227-153-4.plesk.page\/de\/wp-json\/wp\/v2\/product_brand?post=3427850"},{"taxonomy":"product_cat","embeddable":true,"href":"https:\/\/stoic-curie.212-227-153-4.plesk.page\/de\/wp-json\/wp\/v2\/product_cat?post=3427850"},{"taxonomy":"product_tag","embeddable":true,"href":"https:\/\/stoic-curie.212-227-153-4.plesk.page\/de\/wp-json\/wp\/v2\/product_tag?post=3427850"}],"curies":[{"name":"wp","href":"https:\/\/api.w.org\/{rel}","templated":true}]}}