{"id":3427908,"date":"2025-10-09T22:54:48","date_gmt":"2025-10-10T02:54:48","guid":{"rendered":"https:\/\/stoic-curie.212-227-153-4.plesk.page\/product\/edelstahl-flaggenmast-ohne-basis-d20-h600mm\/"},"modified":"2026-02-24T23:35:06","modified_gmt":"2026-02-24T23:35:06","slug":"edelstahl-flaggenmast-ohne-basis-d20-h600mm","status":"publish","type":"product","link":"https:\/\/stoic-curie.212-227-153-4.plesk.page\/de\/product\/edelstahl-flaggenmast-ohne-basis-d20-h600mm\/","title":{"rendered":"Edelstahl-Flaggenmast ohne Basis D20 H600mm"},"content":{"rendered":"<p>Edelstahl-Flaggenmast ohne Basis D20 H600mm &#8211; <\/p>\n<p>Klassischer Flaggenmast aus Edelstahl mit 2 Seil\u00f6sen. Kann mit einer standardm\u00e4\u00dfigen Oberfl\u00e4chenmontage-Fassung vervollst\u00e4ndigt werden.<\/p>\n","protected":false},"excerpt":{"rendered":"<p>Edelstahl-Flaggenmast ohne Basis D20 H600mm &#8211; Klassischer Flaggenmast aus Edelstahl mit 2 Seil\u00f6sen. Kann mit einer standardm\u00e4\u00dfigen Oberfl\u00e4chenmontage-Fassung vervollst\u00e4ndigt werden.<\/p>\n","protected":false},"featured_media":5944496,"comment_status":"closed","ping_status":"closed","template":"","meta":[],"product_brand":[3235],"product_cat":[1394],"product_tag":[],"class_list":{"0":"post-3427908","1":"product","2":"type-product","3":"status-publish","4":"has-post-thumbnail","6":"product_brand-osculati-de","7":"product_cat-flaggenstangen","9":"first","10":"instock","11":"shipping-taxable","12":"purchasable","13":"product-type-simple"},"_links":{"self":[{"href":"https:\/\/stoic-curie.212-227-153-4.plesk.page\/de\/wp-json\/wp\/v2\/product\/3427908","targetHints":{"allow":["GET"]}}],"collection":[{"href":"https:\/\/stoic-curie.212-227-153-4.plesk.page\/de\/wp-json\/wp\/v2\/product"}],"about":[{"href":"https:\/\/stoic-curie.212-227-153-4.plesk.page\/de\/wp-json\/wp\/v2\/types\/product"}],"replies":[{"embeddable":true,"href":"https:\/\/stoic-curie.212-227-153-4.plesk.page\/de\/wp-json\/wp\/v2\/comments?post=3427908"}],"version-history":[{"count":0,"href":"https:\/\/stoic-curie.212-227-153-4.plesk.page\/de\/wp-json\/wp\/v2\/product\/3427908\/revisions"}],"wp:featuredmedia":[{"embeddable":true,"href":"https:\/\/stoic-curie.212-227-153-4.plesk.page\/de\/wp-json\/wp\/v2\/media\/5944496"}],"wp:attachment":[{"href":"https:\/\/stoic-curie.212-227-153-4.plesk.page\/de\/wp-json\/wp\/v2\/media?parent=3427908"}],"wp:term":[{"taxonomy":"product_brand","embeddable":true,"href":"https:\/\/stoic-curie.212-227-153-4.plesk.page\/de\/wp-json\/wp\/v2\/product_brand?post=3427908"},{"taxonomy":"product_cat","embeddable":true,"href":"https:\/\/stoic-curie.212-227-153-4.plesk.page\/de\/wp-json\/wp\/v2\/product_cat?post=3427908"},{"taxonomy":"product_tag","embeddable":true,"href":"https:\/\/stoic-curie.212-227-153-4.plesk.page\/de\/wp-json\/wp\/v2\/product_tag?post=3427908"}],"curies":[{"name":"wp","href":"https:\/\/api.w.org\/{rel}","templated":true}]}}