{"id":3427958,"date":"2025-10-09T22:54:50","date_gmt":"2025-10-10T02:54:50","guid":{"rendered":"https:\/\/stoic-curie.212-227-153-4.plesk.page\/product\/einfache-modulare-fenderhalter-215mm\/"},"modified":"2026-02-24T23:35:06","modified_gmt":"2026-02-24T23:35:06","slug":"einfache-modulare-fenderhalter-215mm","status":"publish","type":"product","link":"https:\/\/stoic-curie.212-227-153-4.plesk.page\/de\/product\/einfache-modulare-fenderhalter-215mm\/","title":{"rendered":"Einfache modulare Fenderhalter 215mm"},"content":{"rendered":"<p>Einfache modulare Fenderhalter 215mm &#8211; <\/p>\n<p>316 Edelstahl klassische modulare Fenderhalter. Eine vielseitige Fender-Aufbewahrungsl\u00f6sung mit Verbindern, die es erm\u00f6glichen, die K\u00f6rbe in beliebiger Kombination an Gel\u00e4ndern zu befestigen. Alles, was Sie zur Installation ben\u00f6tigen, ist ein Schraubendreher, einen oder mehrere K\u00f6rbe und einen oder mehrere drehbare oder parallele Verbinder. Der drehbare Verbinder ist eine 22\/25 mm Rohrschelle. Der parallele Verbinder verbindet mehrere K\u00f6rbe miteinander.<\/p>\n","protected":false},"excerpt":{"rendered":"<p>Einfache modulare Fenderhalter 215mm &#8211; 316 Edelstahl klassische modulare Fenderhalter. Eine vielseitige Fender-Aufbewahrungsl\u00f6sung mit Verbindern, die es erm\u00f6glichen, die K\u00f6rbe<\/p>\n","protected":false},"featured_media":5937609,"comment_status":"closed","ping_status":"closed","template":"","meta":[],"product_brand":[3180],"product_cat":[1560],"product_tag":[],"class_list":{"0":"post-3427958","1":"product","2":"type-product","3":"status-publish","4":"has-post-thumbnail","6":"product_brand-nawa-de","7":"product_cat-fender-zubehoer","9":"first","10":"instock","11":"shipping-taxable","12":"purchasable","13":"product-type-simple"},"_links":{"self":[{"href":"https:\/\/stoic-curie.212-227-153-4.plesk.page\/de\/wp-json\/wp\/v2\/product\/3427958","targetHints":{"allow":["GET"]}}],"collection":[{"href":"https:\/\/stoic-curie.212-227-153-4.plesk.page\/de\/wp-json\/wp\/v2\/product"}],"about":[{"href":"https:\/\/stoic-curie.212-227-153-4.plesk.page\/de\/wp-json\/wp\/v2\/types\/product"}],"replies":[{"embeddable":true,"href":"https:\/\/stoic-curie.212-227-153-4.plesk.page\/de\/wp-json\/wp\/v2\/comments?post=3427958"}],"version-history":[{"count":0,"href":"https:\/\/stoic-curie.212-227-153-4.plesk.page\/de\/wp-json\/wp\/v2\/product\/3427958\/revisions"}],"wp:featuredmedia":[{"embeddable":true,"href":"https:\/\/stoic-curie.212-227-153-4.plesk.page\/de\/wp-json\/wp\/v2\/media\/5937609"}],"wp:attachment":[{"href":"https:\/\/stoic-curie.212-227-153-4.plesk.page\/de\/wp-json\/wp\/v2\/media?parent=3427958"}],"wp:term":[{"taxonomy":"product_brand","embeddable":true,"href":"https:\/\/stoic-curie.212-227-153-4.plesk.page\/de\/wp-json\/wp\/v2\/product_brand?post=3427958"},{"taxonomy":"product_cat","embeddable":true,"href":"https:\/\/stoic-curie.212-227-153-4.plesk.page\/de\/wp-json\/wp\/v2\/product_cat?post=3427958"},{"taxonomy":"product_tag","embeddable":true,"href":"https:\/\/stoic-curie.212-227-153-4.plesk.page\/de\/wp-json\/wp\/v2\/product_tag?post=3427958"}],"curies":[{"name":"wp","href":"https:\/\/api.w.org\/{rel}","templated":true}]}}