{"id":3427974,"date":"2025-10-09T22:54:50","date_gmt":"2025-10-10T02:54:50","guid":{"rendered":"https:\/\/stoic-curie.212-227-153-4.plesk.page\/product\/einfacher-korb-parallelverbinder\/"},"modified":"2026-02-24T23:35:06","modified_gmt":"2026-02-24T23:35:06","slug":"einfacher-korb-parallelverbinder","status":"publish","type":"product","link":"https:\/\/stoic-curie.212-227-153-4.plesk.page\/de\/product\/einfacher-korb-parallelverbinder\/","title":{"rendered":"Einfacher Korb Parallelverbinder"},"content":{"rendered":"<p>Einfacher Korb Parallelverbinder &#8211; <\/p>\n<p>316 Edelstahl klassische modulare Fenderhalter. Vielseitige Fender-L\u00f6sungen zur Aufbewahrung mit Verbindern, die es erm\u00f6glichen, die K\u00f6rbe in jeder Kombination an Gel\u00e4ndern zu befestigen. Alles, was Sie f\u00fcr die Installation ben\u00f6tigen, ist ein Schraubendreher, ein oder mehrere K\u00f6rbe und einen oder mehrere drehbare oder parallele Verbinder. Der drehbare Verbinder ist eine 22\/25 mm Rohrschelle.<\/p>\n","protected":false},"excerpt":{"rendered":"<p>Einfacher Korb Parallelverbinder &#8211; 316 Edelstahl klassische modulare Fenderhalter. Vielseitige Fender-L\u00f6sungen zur Aufbewahrung mit Verbindern, die es erm\u00f6glichen, die K\u00f6rbe<\/p>\n","protected":false},"featured_media":5944500,"comment_status":"closed","ping_status":"closed","template":"","meta":[],"product_brand":[3180],"product_cat":[1560],"product_tag":[],"class_list":{"0":"post-3427974","1":"product","2":"type-product","3":"status-publish","4":"has-post-thumbnail","6":"product_brand-nawa-de","7":"product_cat-fender-zubehoer","9":"first","10":"instock","11":"shipping-taxable","12":"purchasable","13":"product-type-simple"},"_links":{"self":[{"href":"https:\/\/stoic-curie.212-227-153-4.plesk.page\/de\/wp-json\/wp\/v2\/product\/3427974","targetHints":{"allow":["GET"]}}],"collection":[{"href":"https:\/\/stoic-curie.212-227-153-4.plesk.page\/de\/wp-json\/wp\/v2\/product"}],"about":[{"href":"https:\/\/stoic-curie.212-227-153-4.plesk.page\/de\/wp-json\/wp\/v2\/types\/product"}],"replies":[{"embeddable":true,"href":"https:\/\/stoic-curie.212-227-153-4.plesk.page\/de\/wp-json\/wp\/v2\/comments?post=3427974"}],"version-history":[{"count":0,"href":"https:\/\/stoic-curie.212-227-153-4.plesk.page\/de\/wp-json\/wp\/v2\/product\/3427974\/revisions"}],"wp:featuredmedia":[{"embeddable":true,"href":"https:\/\/stoic-curie.212-227-153-4.plesk.page\/de\/wp-json\/wp\/v2\/media\/5944500"}],"wp:attachment":[{"href":"https:\/\/stoic-curie.212-227-153-4.plesk.page\/de\/wp-json\/wp\/v2\/media?parent=3427974"}],"wp:term":[{"taxonomy":"product_brand","embeddable":true,"href":"https:\/\/stoic-curie.212-227-153-4.plesk.page\/de\/wp-json\/wp\/v2\/product_brand?post=3427974"},{"taxonomy":"product_cat","embeddable":true,"href":"https:\/\/stoic-curie.212-227-153-4.plesk.page\/de\/wp-json\/wp\/v2\/product_cat?post=3427974"},{"taxonomy":"product_tag","embeddable":true,"href":"https:\/\/stoic-curie.212-227-153-4.plesk.page\/de\/wp-json\/wp\/v2\/product_tag?post=3427974"}],"curies":[{"name":"wp","href":"https:\/\/api.w.org\/{rel}","templated":true}]}}