{"id":3428008,"date":"2025-10-09T22:54:52","date_gmt":"2025-10-10T02:54:52","guid":{"rendered":"https:\/\/stoic-curie.212-227-153-4.plesk.page\/product\/fenderabdeckungen-fendress-dunkelgrau-19-x-64-cm-polyform-f02\/"},"modified":"2026-02-24T23:35:07","modified_gmt":"2026-02-24T23:35:07","slug":"fenderabdeckungen-fendress-dunkelgrau-19-x-64-cm-polyform-f02","status":"publish","type":"product","link":"https:\/\/stoic-curie.212-227-153-4.plesk.page\/de\/product\/fenderabdeckungen-fendress-dunkelgrau-19-x-64-cm-polyform-f02\/","title":{"rendered":"Fenderabdeckungen Fendress Dunkelgrau 19 x 64 cm (Polyform F02)"},"content":{"rendered":"<p>Fenderabdeckungen Fendress Dunkelgrau 19 x 64 cm (Polyform F02) &#8211; <\/p>\n<p>Handgefertigte Fleece Fenderabdeckungen aus Pl\u00fcsch. Premiumschutz f\u00fcr Ihre Fender, der Quietschen und Abnutzungsspuren beseitigt. Weich und strapazierf\u00e4hig sch\u00fctzen diese Fenderabdeckungen effektiv Ihre Gelcoat-Lackierung und verl\u00e4ngern die Lebensdauer Ihrer Fender.<\/p>\n<p>\u2022 &#8220;Fendress Covers&#8221; sind 100 % Acryl, handgefertigt, von h\u00f6chster Qualit\u00e4t, strapazierf\u00e4hig und nicht abrasiv. Weiche, pl\u00fcschige Fleece-Fenderabdeckungen bieten den ultimativen Schutz f\u00fcr Ihre Seitenw\u00e4nde. \u2022 &#8220;Fendress Covers&#8221; sind UV- und salzwasserbest\u00e4ndig und sch\u00fctzen Ihre Gelcoat-Lackierung effektiv vor Abnutzungsspuren und Abrieb. Der strapazierf\u00e4hige Fleece-Stoff weist alle besten Eigenschaften auf, einschlie\u00dflich Riss- und Abriebfestigkeit, schnelles Trocknen und einfache Reinigung. \u2022 &#8220;Fendress Covers&#8221; verl\u00e4ngern die Lebensdauer Ihrer Fender und beseitigen l\u00e4stige Quietschen. UV-best\u00e4ndige Farben hinterlassen keine Spuren an Ihren Seitenw\u00e4nden. Maschinenwaschbar. \u2022 &#8220;Fendress Covers&#8221; haben einen hochfesten oberen und einen elastischen unteren Saum, der eine ma\u00dfgeschneiderte Passform f\u00fcr alle Arten von Fendern erm\u00f6glicht. Abdeckungen sind in 9 Farben erh\u00e4ltlich.<\/p>\n","protected":false},"excerpt":{"rendered":"<p>Fenderabdeckungen Fendress Dunkelgrau 19 x 64 cm (Polyform F02) &#8211; Handgefertigte Fleece Fenderabdeckungen aus Pl\u00fcsch. Premiumschutz f\u00fcr Ihre Fender, der<\/p>\n","protected":false},"featured_media":5944509,"comment_status":"closed","ping_status":"closed","template":"","meta":[],"product_brand":[2935],"product_cat":[1564],"product_tag":[],"class_list":{"0":"post-3428008","1":"product","2":"type-product","3":"status-publish","4":"has-post-thumbnail","6":"product_brand-fendress-de","7":"product_cat-fenderhuellen","9":"first","10":"instock","11":"shipping-taxable","12":"purchasable","13":"product-type-simple"},"_links":{"self":[{"href":"https:\/\/stoic-curie.212-227-153-4.plesk.page\/de\/wp-json\/wp\/v2\/product\/3428008","targetHints":{"allow":["GET"]}}],"collection":[{"href":"https:\/\/stoic-curie.212-227-153-4.plesk.page\/de\/wp-json\/wp\/v2\/product"}],"about":[{"href":"https:\/\/stoic-curie.212-227-153-4.plesk.page\/de\/wp-json\/wp\/v2\/types\/product"}],"replies":[{"embeddable":true,"href":"https:\/\/stoic-curie.212-227-153-4.plesk.page\/de\/wp-json\/wp\/v2\/comments?post=3428008"}],"version-history":[{"count":0,"href":"https:\/\/stoic-curie.212-227-153-4.plesk.page\/de\/wp-json\/wp\/v2\/product\/3428008\/revisions"}],"wp:featuredmedia":[{"embeddable":true,"href":"https:\/\/stoic-curie.212-227-153-4.plesk.page\/de\/wp-json\/wp\/v2\/media\/5944509"}],"wp:attachment":[{"href":"https:\/\/stoic-curie.212-227-153-4.plesk.page\/de\/wp-json\/wp\/v2\/media?parent=3428008"}],"wp:term":[{"taxonomy":"product_brand","embeddable":true,"href":"https:\/\/stoic-curie.212-227-153-4.plesk.page\/de\/wp-json\/wp\/v2\/product_brand?post=3428008"},{"taxonomy":"product_cat","embeddable":true,"href":"https:\/\/stoic-curie.212-227-153-4.plesk.page\/de\/wp-json\/wp\/v2\/product_cat?post=3428008"},{"taxonomy":"product_tag","embeddable":true,"href":"https:\/\/stoic-curie.212-227-153-4.plesk.page\/de\/wp-json\/wp\/v2\/product_tag?post=3428008"}],"curies":[{"name":"wp","href":"https:\/\/api.w.org\/{rel}","templated":true}]}}