{"id":3428012,"date":"2025-10-09T22:54:52","date_gmt":"2025-10-10T02:54:52","guid":{"rendered":"https:\/\/stoic-curie.212-227-153-4.plesk.page\/product\/fenderabdeckungen-fendress-dunkelgrau-88-x-29-cm\/"},"modified":"2026-02-24T23:35:07","modified_gmt":"2026-02-24T23:35:07","slug":"fenderabdeckungen-fendress-dunkelgrau-88-x-29-cm","status":"publish","type":"product","link":"https:\/\/stoic-curie.212-227-153-4.plesk.page\/de\/product\/fenderabdeckungen-fendress-dunkelgrau-88-x-29-cm\/","title":{"rendered":"Fenderabdeckungen Fendress Dunkelgrau 88 x 29 cm"},"content":{"rendered":"<p>Fenderabdeckungen Fendress Dunkelgrau 88 x 29 cm &#8211; <\/p>\n<p>Pl\u00fcsch-Fleece handgefertigte Fendress Fenderabdeckungen. Premium Schutz f\u00fcr Ihre Fender, w\u00e4hrend unangenehme Ger\u00e4usche und Kratzer eliminiert werden. Weich und dennoch robust sch\u00fctzen diese Fenderabdeckungen effizient Ihre Gelcoat-Lackierung und sorgen daf\u00fcr, dass Ihre Fender l\u00e4nger halten. <\/p>\n<p> \u2022 \u201eFendress Covers\u201c sind 100% Acryl, handgefertigt, in Premium-Qualit\u00e4t, widerstandsf\u00e4hig und nicht abrasiv. Weiche, pl\u00fcschige Fleece-Fenderabdeckungen bieten den ultimativen Schutz f\u00fcr Ihre Oberfl\u00e4chen. <br \/> \u2022 \u201eFendress Covers\u201c sind UV- und salzwasserbest\u00e4ndig und sch\u00fctzen Ihre Gelcoat-Lackierung effektiv vor Kratzern und Abnutzung. Der strapazierf\u00e4hige Fleece-Stoff vereint alle besten Eigenschaften, einschlie\u00dflich Rei\u00dfen- und Abriebfestigkeit, schnelle Trocknung und einfache Entfernung zur Reinigung. <br \/> \u2022 \u201eFendress Covers\u201c verl\u00e4ngern die Lebensdauer Ihrer Fender und beseitigen l\u00e4stige Fenderger\u00e4usche. UV-best\u00e4ndige Farben hinterlassen keine Spuren auf Ihren Oberfl\u00e4chen. Maschinenwaschbar. <br \/> \u2022 \u201eFendress Covers\u201c mit hohem Widerstand und elastischem Saum erm\u00f6glichen eine individuelle Passform f\u00fcr alle Fendertypen. Abdeckungen sind in 9 Farben erh\u00e4ltlich.<\/p>\n","protected":false},"excerpt":{"rendered":"<p>Fenderabdeckungen Fendress Dunkelgrau 88 x 29 cm &#8211; Pl\u00fcsch-Fleece handgefertigte Fendress Fenderabdeckungen. Premium Schutz f\u00fcr Ihre Fender, w\u00e4hrend unangenehme Ger\u00e4usche<\/p>\n","protected":false},"featured_media":5944509,"comment_status":"closed","ping_status":"closed","template":"","meta":[],"product_brand":[2935],"product_cat":[1564],"product_tag":[],"class_list":{"0":"post-3428012","1":"product","2":"type-product","3":"status-publish","4":"has-post-thumbnail","6":"product_brand-fendress-de","7":"product_cat-fenderhuellen","9":"first","10":"instock","11":"shipping-taxable","12":"purchasable","13":"product-type-simple"},"_links":{"self":[{"href":"https:\/\/stoic-curie.212-227-153-4.plesk.page\/de\/wp-json\/wp\/v2\/product\/3428012","targetHints":{"allow":["GET"]}}],"collection":[{"href":"https:\/\/stoic-curie.212-227-153-4.plesk.page\/de\/wp-json\/wp\/v2\/product"}],"about":[{"href":"https:\/\/stoic-curie.212-227-153-4.plesk.page\/de\/wp-json\/wp\/v2\/types\/product"}],"replies":[{"embeddable":true,"href":"https:\/\/stoic-curie.212-227-153-4.plesk.page\/de\/wp-json\/wp\/v2\/comments?post=3428012"}],"version-history":[{"count":0,"href":"https:\/\/stoic-curie.212-227-153-4.plesk.page\/de\/wp-json\/wp\/v2\/product\/3428012\/revisions"}],"wp:featuredmedia":[{"embeddable":true,"href":"https:\/\/stoic-curie.212-227-153-4.plesk.page\/de\/wp-json\/wp\/v2\/media\/5944509"}],"wp:attachment":[{"href":"https:\/\/stoic-curie.212-227-153-4.plesk.page\/de\/wp-json\/wp\/v2\/media?parent=3428012"}],"wp:term":[{"taxonomy":"product_brand","embeddable":true,"href":"https:\/\/stoic-curie.212-227-153-4.plesk.page\/de\/wp-json\/wp\/v2\/product_brand?post=3428012"},{"taxonomy":"product_cat","embeddable":true,"href":"https:\/\/stoic-curie.212-227-153-4.plesk.page\/de\/wp-json\/wp\/v2\/product_cat?post=3428012"},{"taxonomy":"product_tag","embeddable":true,"href":"https:\/\/stoic-curie.212-227-153-4.plesk.page\/de\/wp-json\/wp\/v2\/product_tag?post=3428012"}],"curies":[{"name":"wp","href":"https:\/\/api.w.org\/{rel}","templated":true}]}}