{"id":3428052,"date":"2025-10-09T22:54:54","date_gmt":"2025-10-10T02:54:54","guid":{"rendered":"https:\/\/stoic-curie.212-227-153-4.plesk.page\/product\/ausgang-usb-klinkenstecker-fusion-ms-cbusb3-5\/"},"modified":"2026-02-24T23:35:07","modified_gmt":"2026-02-24T23:35:07","slug":"ausgang-usb-klinkenstecker-fusion-ms-cbusb3-5","status":"publish","type":"product","link":"https:\/\/stoic-curie.212-227-153-4.plesk.page\/de\/product\/ausgang-usb-klinkenstecker-fusion-ms-cbusb3-5\/","title":{"rendered":"Ausgang USB-\/Klinkenstecker Fusion MS-CBUSb3.5"},"content":{"rendered":"<p>Ausgang USB-\/Klinkenstecker Fusion MS-CBUSb3.5 &#8211; <\/p>\n<p>Fusion MS-RA70N Dashboard-Marine-Stereo mit glasklebe-r\u00fcckbeleuchtetem LCD-Display. RDS FM\/AM DAB-f\u00e4higes Radio, USB- und r\u00fcckseitiger AUX-Eingang. Eingebautes Bluetooth f\u00fcr Smartphone- und kompatibles Audio-Streaming. Ausgestattet mit der Fusion-Link-Fernbedienungsfunktion, die es erm\u00f6glicht, das Stereo mit einer Garmin-Uhr oder einem kompatiblen NMEA2000-Multi-Display zu steuern. Unabh\u00e4ngige Multi-Zonen-Einstellungen f\u00fcr zwei separate Audiobereiche. IPx7 wasserdicht, kann flach oder b\u00fcndig montiert werden. D=Tiefe<\/p>\n","protected":false},"excerpt":{"rendered":"<p>Ausgang USB-\/Klinkenstecker Fusion MS-CBUSb3.5 &#8211; Fusion MS-RA70N Dashboard-Marine-Stereo mit glasklebe-r\u00fcckbeleuchtetem LCD-Display. RDS FM\/AM DAB-f\u00e4higes Radio, USB- und r\u00fcckseitiger AUX-Eingang. Eingebautes<\/p>\n","protected":false},"featured_media":5944523,"comment_status":"closed","ping_status":"closed","template":"","meta":[],"product_brand":[2960],"product_cat":[1446],"product_tag":[],"class_list":{"0":"post-3428052","1":"product","2":"type-product","3":"status-publish","4":"has-post-thumbnail","6":"product_brand-fusion-de","7":"product_cat-stereoanlage-und-lautsprecher","9":"first","10":"instock","11":"shipping-taxable","12":"purchasable","13":"product-type-simple"},"_links":{"self":[{"href":"https:\/\/stoic-curie.212-227-153-4.plesk.page\/de\/wp-json\/wp\/v2\/product\/3428052","targetHints":{"allow":["GET"]}}],"collection":[{"href":"https:\/\/stoic-curie.212-227-153-4.plesk.page\/de\/wp-json\/wp\/v2\/product"}],"about":[{"href":"https:\/\/stoic-curie.212-227-153-4.plesk.page\/de\/wp-json\/wp\/v2\/types\/product"}],"replies":[{"embeddable":true,"href":"https:\/\/stoic-curie.212-227-153-4.plesk.page\/de\/wp-json\/wp\/v2\/comments?post=3428052"}],"version-history":[{"count":0,"href":"https:\/\/stoic-curie.212-227-153-4.plesk.page\/de\/wp-json\/wp\/v2\/product\/3428052\/revisions"}],"wp:featuredmedia":[{"embeddable":true,"href":"https:\/\/stoic-curie.212-227-153-4.plesk.page\/de\/wp-json\/wp\/v2\/media\/5944523"}],"wp:attachment":[{"href":"https:\/\/stoic-curie.212-227-153-4.plesk.page\/de\/wp-json\/wp\/v2\/media?parent=3428052"}],"wp:term":[{"taxonomy":"product_brand","embeddable":true,"href":"https:\/\/stoic-curie.212-227-153-4.plesk.page\/de\/wp-json\/wp\/v2\/product_brand?post=3428052"},{"taxonomy":"product_cat","embeddable":true,"href":"https:\/\/stoic-curie.212-227-153-4.plesk.page\/de\/wp-json\/wp\/v2\/product_cat?post=3428052"},{"taxonomy":"product_tag","embeddable":true,"href":"https:\/\/stoic-curie.212-227-153-4.plesk.page\/de\/wp-json\/wp\/v2\/product_tag?post=3428052"}],"curies":[{"name":"wp","href":"https:\/\/api.w.org\/{rel}","templated":true}]}}