{"id":3428060,"date":"2025-10-09T22:54:54","date_gmt":"2025-10-10T02:54:54","guid":{"rendered":"https:\/\/stoic-curie.212-227-153-4.plesk.page\/product\/navishell-fender-huelle-unit-f4-marineblau\/"},"modified":"2026-02-24T23:35:07","modified_gmt":"2026-02-24T23:35:07","slug":"navishell-fender-huelle-unit-f4-marineblau","status":"publish","type":"product","link":"https:\/\/stoic-curie.212-227-153-4.plesk.page\/de\/product\/navishell-fender-huelle-unit-f4-marineblau\/","title":{"rendered":"Navishell Fender H\u00fclle Unit F4 Marineblau"},"content":{"rendered":"<p>Navishell Fender H\u00fclle Unit F4 Marineblau &#8211; <\/p>\n<p>Getestet gem\u00e4\u00df den Normen TS4460 \/ BS EN ISO105 \/ B04 in Note 7.<\/p>\n","protected":false},"excerpt":{"rendered":"<p>Navishell Fender H\u00fclle Unit F4 Marineblau &#8211; Getestet gem\u00e4\u00df den Normen TS4460 \/ BS EN ISO105 \/ B04 in Note<\/p>\n","protected":false},"featured_media":5935694,"comment_status":"closed","ping_status":"closed","template":"","meta":[],"product_brand":[3175],"product_cat":[1564],"product_tag":[],"class_list":{"0":"post-3428060","1":"product","2":"type-product","3":"status-publish","4":"has-post-thumbnail","6":"product_brand-navishell-de","7":"product_cat-fenderhuellen","9":"first","10":"instock","11":"shipping-taxable","12":"purchasable","13":"product-type-simple"},"_links":{"self":[{"href":"https:\/\/stoic-curie.212-227-153-4.plesk.page\/de\/wp-json\/wp\/v2\/product\/3428060","targetHints":{"allow":["GET"]}}],"collection":[{"href":"https:\/\/stoic-curie.212-227-153-4.plesk.page\/de\/wp-json\/wp\/v2\/product"}],"about":[{"href":"https:\/\/stoic-curie.212-227-153-4.plesk.page\/de\/wp-json\/wp\/v2\/types\/product"}],"replies":[{"embeddable":true,"href":"https:\/\/stoic-curie.212-227-153-4.plesk.page\/de\/wp-json\/wp\/v2\/comments?post=3428060"}],"version-history":[{"count":0,"href":"https:\/\/stoic-curie.212-227-153-4.plesk.page\/de\/wp-json\/wp\/v2\/product\/3428060\/revisions"}],"wp:featuredmedia":[{"embeddable":true,"href":"https:\/\/stoic-curie.212-227-153-4.plesk.page\/de\/wp-json\/wp\/v2\/media\/5935694"}],"wp:attachment":[{"href":"https:\/\/stoic-curie.212-227-153-4.plesk.page\/de\/wp-json\/wp\/v2\/media?parent=3428060"}],"wp:term":[{"taxonomy":"product_brand","embeddable":true,"href":"https:\/\/stoic-curie.212-227-153-4.plesk.page\/de\/wp-json\/wp\/v2\/product_brand?post=3428060"},{"taxonomy":"product_cat","embeddable":true,"href":"https:\/\/stoic-curie.212-227-153-4.plesk.page\/de\/wp-json\/wp\/v2\/product_cat?post=3428060"},{"taxonomy":"product_tag","embeddable":true,"href":"https:\/\/stoic-curie.212-227-153-4.plesk.page\/de\/wp-json\/wp\/v2\/product_tag?post=3428060"}],"curies":[{"name":"wp","href":"https:\/\/api.w.org\/{rel}","templated":true}]}}