{"id":3428278,"date":"2025-10-09T22:55:03","date_gmt":"2025-10-10T02:55:03","guid":{"rendered":"https:\/\/stoic-curie.212-227-153-4.plesk.page\/product\/magnetglas-mit-grauem-fuss-82-x-h100mm-2-stk\/"},"modified":"2026-02-24T23:35:07","modified_gmt":"2026-02-24T23:35:07","slug":"magnetglas-mit-grauem-fuss-82-x-h100mm-2-stk","status":"publish","type":"product","link":"https:\/\/stoic-curie.212-227-153-4.plesk.page\/de\/product\/magnetglas-mit-grauem-fuss-82-x-h100mm-2-stk\/","title":{"rendered":"Magnetglas mit grauem Fu\u00df 82 x H100mm 2 Stk."},"content":{"rendered":"<p>Magnetglas mit grauem Fu\u00df 82 x H100mm 2 Stk. &#8211; <\/p>\n<p>Elegante Silwy-Trinkbecher mit integrierten Magneten im Boden, die sie selbst bei rauer See an ihrem Platz halten. Hergestellt aus robustem, bruchsicherem, hochtransparentem, zertifiziertem und getesteten Lebensmittelkunststoff. Perfektes Kraftverh\u00e4ltnis zwischen Untersetzer und magnetischem Trinkbecher. Metallische Nano-Gel-Untersetzer lassen sich r\u00fcckstandsfrei entfernen, sind dauerhaft verwendbar und haften an allen Oberfl\u00e4chen. Geliefert im Set mit 2 Bechern inklusive metallischen Gel-Untersetzer.<\/p>\n","protected":false},"excerpt":{"rendered":"<p>Magnetglas mit grauem Fu\u00df 82 x H100mm 2 Stk. &#8211; Elegante Silwy-Trinkbecher mit integrierten Magneten im Boden, die sie selbst<\/p>\n","protected":false},"featured_media":5944616,"comment_status":"closed","ping_status":"closed","template":"","meta":[],"product_brand":[3235],"product_cat":[1358],"product_tag":[],"class_list":{"0":"post-3428278","1":"product","2":"type-product","3":"status-publish","4":"has-post-thumbnail","6":"product_brand-osculati-de","7":"product_cat-bootsgeschirr","9":"first","10":"instock","11":"shipping-taxable","12":"purchasable","13":"product-type-simple"},"_links":{"self":[{"href":"https:\/\/stoic-curie.212-227-153-4.plesk.page\/de\/wp-json\/wp\/v2\/product\/3428278","targetHints":{"allow":["GET"]}}],"collection":[{"href":"https:\/\/stoic-curie.212-227-153-4.plesk.page\/de\/wp-json\/wp\/v2\/product"}],"about":[{"href":"https:\/\/stoic-curie.212-227-153-4.plesk.page\/de\/wp-json\/wp\/v2\/types\/product"}],"replies":[{"embeddable":true,"href":"https:\/\/stoic-curie.212-227-153-4.plesk.page\/de\/wp-json\/wp\/v2\/comments?post=3428278"}],"version-history":[{"count":0,"href":"https:\/\/stoic-curie.212-227-153-4.plesk.page\/de\/wp-json\/wp\/v2\/product\/3428278\/revisions"}],"wp:featuredmedia":[{"embeddable":true,"href":"https:\/\/stoic-curie.212-227-153-4.plesk.page\/de\/wp-json\/wp\/v2\/media\/5944616"}],"wp:attachment":[{"href":"https:\/\/stoic-curie.212-227-153-4.plesk.page\/de\/wp-json\/wp\/v2\/media?parent=3428278"}],"wp:term":[{"taxonomy":"product_brand","embeddable":true,"href":"https:\/\/stoic-curie.212-227-153-4.plesk.page\/de\/wp-json\/wp\/v2\/product_brand?post=3428278"},{"taxonomy":"product_cat","embeddable":true,"href":"https:\/\/stoic-curie.212-227-153-4.plesk.page\/de\/wp-json\/wp\/v2\/product_cat?post=3428278"},{"taxonomy":"product_tag","embeddable":true,"href":"https:\/\/stoic-curie.212-227-153-4.plesk.page\/de\/wp-json\/wp\/v2\/product_tag?post=3428278"}],"curies":[{"name":"wp","href":"https:\/\/api.w.org\/{rel}","templated":true}]}}