{"id":3428397,"date":"2025-10-09T22:55:08","date_gmt":"2025-10-10T02:55:08","guid":{"rendered":"https:\/\/stoic-curie.212-227-153-4.plesk.page\/product\/umruestsatz-fuer-fusion-apollo-770\/"},"modified":"2026-02-24T23:35:07","modified_gmt":"2026-02-24T23:35:07","slug":"umruestsatz-fuer-fusion-apollo-770","status":"publish","type":"product","link":"https:\/\/stoic-curie.212-227-153-4.plesk.page\/de\/product\/umruestsatz-fuer-fusion-apollo-770\/","title":{"rendered":"Umr\u00fcstsatz f\u00fcr Fusion Apollo 770"},"content":{"rendered":"<p>Umr\u00fcstsatz f\u00fcr Fusion Apollo 770 &#8211; <\/p>\n<p>Das Fusion MS-RA770 Dashboard-Marine-Stereo mit glasbondiertem Touchscreen-LCD-Display. RDS FM\/AM DAB-f\u00e4higes Radio, USB- und 2 R\u00fcck-AUX-Eing\u00e4nge. Eingebautes Wi-Fi und Bluetooth f\u00fcr Smartphone- und kompatibles Audio-Streaming. Ausgestattet mit der Fusion-Link-Fernbedienungsfunktion, die die Steuerung des Stereos mit einer Garmin-Uhr oder einem kompatiblen NMEA2000-Multifunktionsdisplay erm\u00f6glicht. Mit DSP (Digital Signal Processing) Technologie ausgestattet, um den Klang in Echtzeit zu optimieren. Unabh\u00e4ngige Steuerung von Multi-Zone-Einstellungen f\u00fcr vier separate Audiozonen. IPx7 wasserdicht, kann flach oder b\u00fcndig montiert werden. Dank des Retrofit-Kits kann das Stereo an bestehende L\u00f6cher der Serien 650\/750\/755 angepasst werden. D=Tiefe<\/p>\n","protected":false},"excerpt":{"rendered":"<p>Umr\u00fcstsatz f\u00fcr Fusion Apollo 770 &#8211; Das Fusion MS-RA770 Dashboard-Marine-Stereo mit glasbondiertem Touchscreen-LCD-Display. RDS FM\/AM DAB-f\u00e4higes Radio, USB- und 2<\/p>\n","protected":false},"featured_media":5942887,"comment_status":"closed","ping_status":"closed","template":"","meta":[],"product_brand":[2960],"product_cat":[1446],"product_tag":[],"class_list":{"0":"post-3428397","1":"product","2":"type-product","3":"status-publish","4":"has-post-thumbnail","6":"product_brand-fusion-de","7":"product_cat-stereoanlage-und-lautsprecher","9":"first","10":"instock","11":"shipping-taxable","12":"purchasable","13":"product-type-simple"},"_links":{"self":[{"href":"https:\/\/stoic-curie.212-227-153-4.plesk.page\/de\/wp-json\/wp\/v2\/product\/3428397","targetHints":{"allow":["GET"]}}],"collection":[{"href":"https:\/\/stoic-curie.212-227-153-4.plesk.page\/de\/wp-json\/wp\/v2\/product"}],"about":[{"href":"https:\/\/stoic-curie.212-227-153-4.plesk.page\/de\/wp-json\/wp\/v2\/types\/product"}],"replies":[{"embeddable":true,"href":"https:\/\/stoic-curie.212-227-153-4.plesk.page\/de\/wp-json\/wp\/v2\/comments?post=3428397"}],"version-history":[{"count":0,"href":"https:\/\/stoic-curie.212-227-153-4.plesk.page\/de\/wp-json\/wp\/v2\/product\/3428397\/revisions"}],"wp:featuredmedia":[{"embeddable":true,"href":"https:\/\/stoic-curie.212-227-153-4.plesk.page\/de\/wp-json\/wp\/v2\/media\/5942887"}],"wp:attachment":[{"href":"https:\/\/stoic-curie.212-227-153-4.plesk.page\/de\/wp-json\/wp\/v2\/media?parent=3428397"}],"wp:term":[{"taxonomy":"product_brand","embeddable":true,"href":"https:\/\/stoic-curie.212-227-153-4.plesk.page\/de\/wp-json\/wp\/v2\/product_brand?post=3428397"},{"taxonomy":"product_cat","embeddable":true,"href":"https:\/\/stoic-curie.212-227-153-4.plesk.page\/de\/wp-json\/wp\/v2\/product_cat?post=3428397"},{"taxonomy":"product_tag","embeddable":true,"href":"https:\/\/stoic-curie.212-227-153-4.plesk.page\/de\/wp-json\/wp\/v2\/product_tag?post=3428397"}],"curies":[{"name":"wp","href":"https:\/\/api.w.org\/{rel}","templated":true}]}}