{"id":3428585,"date":"2025-10-09T22:55:16","date_gmt":"2025-10-10T02:55:16","guid":{"rendered":"https:\/\/stoic-curie.212-227-153-4.plesk.page\/product\/halbflexible-solarmodule-20-w-12-24v-500-x-355-mm\/"},"modified":"2026-02-24T23:35:07","modified_gmt":"2026-02-24T23:35:07","slug":"halbflexible-solarmodule-20-w-12-24v-500-x-355-mm","status":"publish","type":"product","link":"https:\/\/stoic-curie.212-227-153-4.plesk.page\/de\/product\/halbflexible-solarmodule-20-w-12-24v-500-x-355-mm\/","title":{"rendered":"Halbflexible Solarmodule 20 W 12-24V 500 x 355 mm"},"content":{"rendered":"<p>Halbflexible Solarmodule 20 W 12-24V 500 x 355 mm &#8211; <\/p>\n<p>Leichte und widerstandsf\u00e4hige, halbflexible Solarplatten mit hocheffizienten monokristallinen Siliziumzellen. Mit einer ETFE-Polymerabdeckung und einem TPT-Laminatverbund mit einer Gesamtst\u00e4rke von 2,5 mm f\u00fcr \u00fcberlegene Flexibilit\u00e4t und St\u00e4rke. Komplett mit Edelstahleyelets zur Befestigung, zwei 90 cm Kabeln und MC4-Verbindern. Diode und Anschlusskasten in IP68 Silikonpaste eingetaucht. Dazu ist ein Laderegler erforderlich, der auf der Anzahl der ben\u00f6tigten Ausg\u00e4nge und der Summe der Amperest\u00e4rken (Imp) jedes einzelnen Panels basiert. Wp = Leistungsbewertung (W) Imp = Maximalstrom (A) Voc = Leerlaufspannung (V)<\/p>\n","protected":false},"excerpt":{"rendered":"<p>Halbflexible Solarmodule 20 W 12-24V 500 x 355 mm &#8211; Leichte und widerstandsf\u00e4hige, halbflexible Solarplatten mit hocheffizienten monokristallinen Siliziumzellen. Mit<\/p>\n","protected":false},"featured_media":5943387,"comment_status":"closed","ping_status":"closed","template":"","meta":[],"product_brand":[2830],"product_cat":[1462],"product_tag":[],"class_list":{"0":"post-3428585","1":"product","2":"type-product","3":"status-publish","4":"has-post-thumbnail","6":"product_brand-blue-sea-systems-de","7":"product_cat-solarpaneele","9":"first","10":"instock","11":"shipping-taxable","12":"purchasable","13":"product-type-simple"},"_links":{"self":[{"href":"https:\/\/stoic-curie.212-227-153-4.plesk.page\/de\/wp-json\/wp\/v2\/product\/3428585","targetHints":{"allow":["GET"]}}],"collection":[{"href":"https:\/\/stoic-curie.212-227-153-4.plesk.page\/de\/wp-json\/wp\/v2\/product"}],"about":[{"href":"https:\/\/stoic-curie.212-227-153-4.plesk.page\/de\/wp-json\/wp\/v2\/types\/product"}],"replies":[{"embeddable":true,"href":"https:\/\/stoic-curie.212-227-153-4.plesk.page\/de\/wp-json\/wp\/v2\/comments?post=3428585"}],"version-history":[{"count":0,"href":"https:\/\/stoic-curie.212-227-153-4.plesk.page\/de\/wp-json\/wp\/v2\/product\/3428585\/revisions"}],"wp:featuredmedia":[{"embeddable":true,"href":"https:\/\/stoic-curie.212-227-153-4.plesk.page\/de\/wp-json\/wp\/v2\/media\/5943387"}],"wp:attachment":[{"href":"https:\/\/stoic-curie.212-227-153-4.plesk.page\/de\/wp-json\/wp\/v2\/media?parent=3428585"}],"wp:term":[{"taxonomy":"product_brand","embeddable":true,"href":"https:\/\/stoic-curie.212-227-153-4.plesk.page\/de\/wp-json\/wp\/v2\/product_brand?post=3428585"},{"taxonomy":"product_cat","embeddable":true,"href":"https:\/\/stoic-curie.212-227-153-4.plesk.page\/de\/wp-json\/wp\/v2\/product_cat?post=3428585"},{"taxonomy":"product_tag","embeddable":true,"href":"https:\/\/stoic-curie.212-227-153-4.plesk.page\/de\/wp-json\/wp\/v2\/product_tag?post=3428585"}],"curies":[{"name":"wp","href":"https:\/\/api.w.org\/{rel}","templated":true}]}}