{"id":3428601,"date":"2025-10-09T22:55:17","date_gmt":"2025-10-10T02:55:17","guid":{"rendered":"https:\/\/stoic-curie.212-227-153-4.plesk.page\/product\/ersatzkissen-fuer-bootssitz-eltex-marine-425-x-380-x-h475mm\/"},"modified":"2026-02-24T23:35:07","modified_gmt":"2026-02-24T23:35:07","slug":"ersatzkissen-fuer-bootssitz-eltex-marine-425-x-380-x-h475mm","status":"publish","type":"product","link":"https:\/\/stoic-curie.212-227-153-4.plesk.page\/de\/product\/ersatzkissen-fuer-bootssitz-eltex-marine-425-x-380-x-h475mm\/","title":{"rendered":"Ersatzkissen f\u00fcr Bootssitz Eltex Marine 425 x 380 x H475mm"},"content":{"rendered":"<p>Ersatzkissen f\u00fcr Bootssitz Eltex Marine 425 x 380 x H475mm &#8211; <\/p>\n<p>Widerstandsf\u00e4higer Marine-Polyethylen-Klappsitz. Robust und stark, v\u00f6llig wartungsfrei. Kann mit Kissen erg\u00e4nzt werden. 270 x 327 mm Verbindungsbasis inklusive Schrauben.<\/p>\n","protected":false},"excerpt":{"rendered":"<p>Ersatzkissen f\u00fcr Bootssitz Eltex Marine 425 x 380 x H475mm &#8211; Widerstandsf\u00e4higer Marine-Polyethylen-Klappsitz. Robust und stark, v\u00f6llig wartungsfrei. Kann mit<\/p>\n","protected":false},"featured_media":5944762,"comment_status":"closed","ping_status":"closed","template":"","meta":[],"product_brand":[2965],"product_cat":[1391],"product_tag":[],"class_list":{"0":"post-3428601","1":"product","2":"type-product","3":"status-publish","4":"has-post-thumbnail","6":"product_brand-garelick-de","7":"product_cat-bootsitze","9":"first","10":"instock","11":"shipping-taxable","12":"purchasable","13":"product-type-simple"},"_links":{"self":[{"href":"https:\/\/stoic-curie.212-227-153-4.plesk.page\/de\/wp-json\/wp\/v2\/product\/3428601","targetHints":{"allow":["GET"]}}],"collection":[{"href":"https:\/\/stoic-curie.212-227-153-4.plesk.page\/de\/wp-json\/wp\/v2\/product"}],"about":[{"href":"https:\/\/stoic-curie.212-227-153-4.plesk.page\/de\/wp-json\/wp\/v2\/types\/product"}],"replies":[{"embeddable":true,"href":"https:\/\/stoic-curie.212-227-153-4.plesk.page\/de\/wp-json\/wp\/v2\/comments?post=3428601"}],"version-history":[{"count":0,"href":"https:\/\/stoic-curie.212-227-153-4.plesk.page\/de\/wp-json\/wp\/v2\/product\/3428601\/revisions"}],"wp:featuredmedia":[{"embeddable":true,"href":"https:\/\/stoic-curie.212-227-153-4.plesk.page\/de\/wp-json\/wp\/v2\/media\/5944762"}],"wp:attachment":[{"href":"https:\/\/stoic-curie.212-227-153-4.plesk.page\/de\/wp-json\/wp\/v2\/media?parent=3428601"}],"wp:term":[{"taxonomy":"product_brand","embeddable":true,"href":"https:\/\/stoic-curie.212-227-153-4.plesk.page\/de\/wp-json\/wp\/v2\/product_brand?post=3428601"},{"taxonomy":"product_cat","embeddable":true,"href":"https:\/\/stoic-curie.212-227-153-4.plesk.page\/de\/wp-json\/wp\/v2\/product_cat?post=3428601"},{"taxonomy":"product_tag","embeddable":true,"href":"https:\/\/stoic-curie.212-227-153-4.plesk.page\/de\/wp-json\/wp\/v2\/product_tag?post=3428601"}],"curies":[{"name":"wp","href":"https:\/\/api.w.org\/{rel}","templated":true}]}}