{"id":3428617,"date":"2025-10-09T22:55:18","date_gmt":"2025-10-10T02:55:18","guid":{"rendered":"https:\/\/stoic-curie.212-227-153-4.plesk.page\/product\/orbitrade-19638-zinkgetriebegehaeuseanode-fuer-volvo-penta-dpx-z-antriebe\/"},"modified":"2026-02-24T23:35:07","modified_gmt":"2026-02-24T23:35:07","slug":"orbitrade-19638-zinkgetriebegehaeuseanode-fuer-volvo-penta-dpx-z-antriebe","status":"publish","type":"product","link":"https:\/\/stoic-curie.212-227-153-4.plesk.page\/de\/product\/orbitrade-19638-zinkgetriebegehaeuseanode-fuer-volvo-penta-dpx-z-antriebe\/","title":{"rendered":"Orbitrade 19638 Zinkgetriebegeh\u00e4useanode f\u00fcr Volvo Penta DPX Z-Antriebe"},"content":{"rendered":"<p>Orbitrade 19638 Zinkgetriebegeh\u00e4useanode f\u00fcr Volvo Penta DPX Z-Antriebe &#8211; <\/p>\n<div class=\"col-24 col-md-15\">\n<p>Das Orbitrade Marine Zinkanode wurde entwickelt, um die Volvo-Teilenummer 876638 zu ersetzen. Dieses Anode eignet sich zur Befestigung an dem unteren Getriebegeh\u00e4use, um Schutz vor elektrolytischer Korrosion zu bieten. Das Zinkanode ist geeignet f\u00fcr folgende Volvo Penta Sterndrive-Modelle:<\/p>\n<p>DPX-A, DPX-C, DPX-R, DPX-S und DPX-S1.<\/p>\n<\/div>\n<h3>Speziifikationen<\/h3>\n<table class=\"table\">\n<tbody>\n<tr>\n<td><strong>Marke<\/strong><\/td>\n<td>Orbitrade Marine<\/td>\n<\/tr>\n<tr>\n<td><strong>Material<\/strong><\/td>\n<td>Zink<\/td>\n<\/tr>\n<tr>\n<td><strong>Ersetzt<\/strong><\/td>\n<td>Volvo 876638<\/td>\n<\/tr>\n<tr>\n<td><strong>Stilbeschreibung<\/strong><\/td>\n<td>Gerade Anode<\/td>\n<\/tr>\n<tr>\n<td><strong>Eignung<\/strong><\/td>\n<td>Volvo Penta DPX<\/td>\n<\/tr>\n<\/tbody>\n<\/table>\n","protected":false},"excerpt":{"rendered":"<p>Orbitrade 19638 Zinkgetriebegeh\u00e4useanode f\u00fcr Volvo Penta DPX Z-Antriebe &#8211; Das Orbitrade Marine Zinkanode wurde entwickelt, um die Volvo-Teilenummer 876638 zu<\/p>\n","protected":false},"featured_media":5944768,"comment_status":"closed","ping_status":"closed","template":"","meta":[],"product_brand":[3225],"product_cat":[1542],"product_tag":[],"class_list":{"0":"post-3428617","1":"product","2":"type-product","3":"status-publish","4":"has-post-thumbnail","6":"product_brand-orbitrade-marine-de","7":"product_cat-marine-ersatzteile-fuer-volvo-penta","9":"first","10":"instock","11":"shipping-taxable","12":"purchasable","13":"product-type-simple"},"_links":{"self":[{"href":"https:\/\/stoic-curie.212-227-153-4.plesk.page\/de\/wp-json\/wp\/v2\/product\/3428617","targetHints":{"allow":["GET"]}}],"collection":[{"href":"https:\/\/stoic-curie.212-227-153-4.plesk.page\/de\/wp-json\/wp\/v2\/product"}],"about":[{"href":"https:\/\/stoic-curie.212-227-153-4.plesk.page\/de\/wp-json\/wp\/v2\/types\/product"}],"replies":[{"embeddable":true,"href":"https:\/\/stoic-curie.212-227-153-4.plesk.page\/de\/wp-json\/wp\/v2\/comments?post=3428617"}],"version-history":[{"count":0,"href":"https:\/\/stoic-curie.212-227-153-4.plesk.page\/de\/wp-json\/wp\/v2\/product\/3428617\/revisions"}],"wp:featuredmedia":[{"embeddable":true,"href":"https:\/\/stoic-curie.212-227-153-4.plesk.page\/de\/wp-json\/wp\/v2\/media\/5944768"}],"wp:attachment":[{"href":"https:\/\/stoic-curie.212-227-153-4.plesk.page\/de\/wp-json\/wp\/v2\/media?parent=3428617"}],"wp:term":[{"taxonomy":"product_brand","embeddable":true,"href":"https:\/\/stoic-curie.212-227-153-4.plesk.page\/de\/wp-json\/wp\/v2\/product_brand?post=3428617"},{"taxonomy":"product_cat","embeddable":true,"href":"https:\/\/stoic-curie.212-227-153-4.plesk.page\/de\/wp-json\/wp\/v2\/product_cat?post=3428617"},{"taxonomy":"product_tag","embeddable":true,"href":"https:\/\/stoic-curie.212-227-153-4.plesk.page\/de\/wp-json\/wp\/v2\/product_tag?post=3428617"}],"curies":[{"name":"wp","href":"https:\/\/api.w.org\/{rel}","templated":true}]}}