{"id":3428625,"date":"2025-10-09T22:55:18","date_gmt":"2025-10-10T02:55:18","guid":{"rendered":"https:\/\/stoic-curie.212-227-153-4.plesk.page\/product\/weisse-brandklappe-mit-90-grad-schlauchadapter-fuer-feuerloescher\/"},"modified":"2026-02-24T23:35:07","modified_gmt":"2026-02-24T23:35:07","slug":"weisse-brandklappe-mit-90-grad-schlauchadapter-fuer-feuerloescher","status":"publish","type":"product","link":"https:\/\/stoic-curie.212-227-153-4.plesk.page\/de\/product\/weisse-brandklappe-mit-90-grad-schlauchadapter-fuer-feuerloescher\/","title":{"rendered":"Wei\u00dfe Brandklappe mit 90 Grad Schlauchadapter f\u00fcr Feuerl\u00f6scher"},"content":{"rendered":"<p>Wei\u00dfe Brandklappe mit 90 Grad Schlauchadapter f\u00fcr Feuerl\u00f6scher &#8211; <\/p>\n<div class=\"col-24 col-md-15\">\n<p>Ein Feueranschluss bietet eine kosteng\u00fcnstige L\u00f6sung, um Ihre Passagiere und Besatzung an Bord Ihres Bootes zu sch\u00fctzen, indem er es erm\u00f6glicht, einen Feuerl\u00f6scher visuell zu inspizieren und in den Motorraum oder andere geschlossene Bereiche abzugeben, wenn ein Feuer vorhanden ist. Der Feueranschluss wird komplett mit einer wei\u00dfen Kunststoffflansche, einem 90\u00b0 Schlauchtail, einem wasserdichten transparenten Inspektionsport und einer wei\u00dfen Kunststoffmontagemutter geliefert. Dieses Feueranschlussmodell von Osculati eignet sich sowohl f\u00fcr die Wand- als auch f\u00fcr die Bodenmontage und kann mit einem Rohr an den Motorraum oder andere geschlossene R\u00e4ume angeschlossen werden.<\/p>\n<p>Im Falle eines Feuers erm\u00f6glicht es das einfache Platzieren des Feuerl\u00f6schers durch den Feueranschluss und das Ablassen des L\u00f6schmittels, das Feuer zu l\u00f6schen, ohne zus\u00e4tzliche Inspektionsluken zu \u00f6ffnen, wodurch Sauerstoff hinzugef\u00fcgt und das Feuer getr\u00e4nkt wird, was das Risiko erh\u00f6ht. Da der Feueranschluss verwendet werden kann, ohne andere Luken zu \u00f6ffnen, kann der Inhalt des L\u00f6schers nur auf den betroffenen Bereich abzielen, ohne in andere Bereiche des Bootes zu gelangen.<\/p>\n<p>Das Installieren eines Feueranschlusses wird von den CE- und A.B.Y.C.-Richtlinien dringend empfohlen und kann leicht installiert werden, indem einfach die erforderliche Ausschnittgr\u00f6\u00dfe von 38 mm ausgeschnitten wird.<\/p>\n<\/div>\n<h3>Spezifikationen<\/h3>\n<table class=\"table\">\n<tbody>\n<tr>\n<td><strong>Schlauchtail Gr\u00f6\u00dfe<\/strong><\/td>\n<td>38mm \/ 1-1\/2&#8243;<\/td>\n<\/tr>\n<tr>\n<td><strong>Marke<\/strong><\/td>\n<td>Osculati<\/td>\n<\/tr>\n<tr>\n<td><strong>Material<\/strong><\/td>\n<td>Kunststoffflansch, Montagemutter, Schlauchauslass und PVC-Membran<\/td>\n<\/tr>\n<tr>\n<td><strong>Durchmesser<\/strong><\/td>\n<td>Ausschnitt: 50mm (2&#8243;), OD: 70mm (2-3\/4&#8243;)<\/td>\n<\/tr>\n<tr>\n<td><strong>Tiefe<\/strong><\/td>\n<td>Maximale Bulkhead von 19mm<\/td>\n<\/tr>\n<\/tbody>\n<\/table>\n","protected":false},"excerpt":{"rendered":"<p>Wei\u00dfe Brandklappe mit 90 Grad Schlauchadapter f\u00fcr Feuerl\u00f6scher &#8211; Ein Feueranschluss bietet eine kosteng\u00fcnstige L\u00f6sung, um Ihre Passagiere und Besatzung<\/p>\n","protected":false},"featured_media":5944776,"comment_status":"closed","ping_status":"closed","template":"","meta":[],"product_brand":[2775],"product_cat":[1313],"product_tag":[],"class_list":{"0":"post-3428625","1":"product","2":"type-product","3":"status-publish","4":"has-post-thumbnail","6":"product_brand-anaf-marine-de","7":"product_cat-marine-feuerloescher","9":"first","10":"instock","11":"shipping-taxable","12":"purchasable","13":"product-type-simple"},"_links":{"self":[{"href":"https:\/\/stoic-curie.212-227-153-4.plesk.page\/de\/wp-json\/wp\/v2\/product\/3428625","targetHints":{"allow":["GET"]}}],"collection":[{"href":"https:\/\/stoic-curie.212-227-153-4.plesk.page\/de\/wp-json\/wp\/v2\/product"}],"about":[{"href":"https:\/\/stoic-curie.212-227-153-4.plesk.page\/de\/wp-json\/wp\/v2\/types\/product"}],"replies":[{"embeddable":true,"href":"https:\/\/stoic-curie.212-227-153-4.plesk.page\/de\/wp-json\/wp\/v2\/comments?post=3428625"}],"version-history":[{"count":0,"href":"https:\/\/stoic-curie.212-227-153-4.plesk.page\/de\/wp-json\/wp\/v2\/product\/3428625\/revisions"}],"wp:featuredmedia":[{"embeddable":true,"href":"https:\/\/stoic-curie.212-227-153-4.plesk.page\/de\/wp-json\/wp\/v2\/media\/5944776"}],"wp:attachment":[{"href":"https:\/\/stoic-curie.212-227-153-4.plesk.page\/de\/wp-json\/wp\/v2\/media?parent=3428625"}],"wp:term":[{"taxonomy":"product_brand","embeddable":true,"href":"https:\/\/stoic-curie.212-227-153-4.plesk.page\/de\/wp-json\/wp\/v2\/product_brand?post=3428625"},{"taxonomy":"product_cat","embeddable":true,"href":"https:\/\/stoic-curie.212-227-153-4.plesk.page\/de\/wp-json\/wp\/v2\/product_cat?post=3428625"},{"taxonomy":"product_tag","embeddable":true,"href":"https:\/\/stoic-curie.212-227-153-4.plesk.page\/de\/wp-json\/wp\/v2\/product_tag?post=3428625"}],"curies":[{"name":"wp","href":"https:\/\/api.w.org\/{rel}","templated":true}]}}