{"id":3428629,"date":"2025-10-09T22:55:18","date_gmt":"2025-10-10T02:55:18","guid":{"rendered":"https:\/\/stoic-curie.212-227-153-4.plesk.page\/product\/flache-gasfeder-befestigungsplatte-8mm-stift\/"},"modified":"2026-02-24T23:35:07","modified_gmt":"2026-02-24T23:35:07","slug":"flache-gasfeder-befestigungsplatte-8mm-stift","status":"publish","type":"product","link":"https:\/\/stoic-curie.212-227-153-4.plesk.page\/de\/product\/flache-gasfeder-befestigungsplatte-8mm-stift\/","title":{"rendered":"Flache Gasfeder-Befestigungsplatte (8mm Stift)"},"content":{"rendered":"<p>Flache Gasfeder-Befestigungsplatte (8mm Stift) &#8211; <\/p>\n<div class=\"col-24\" col-md-15=\"\">\n<p>Die Osculati Gasfeder-Flachmontageplatte besteht aus rostfreiem Stahl und hat eine Breite von 50 mm und eine L\u00e4nge von 60 mm. Die Befestigungsplatte verf\u00fcgt \u00fcber einen 8 mm Pin.<\/p>\n<\/div>\n<h3>Spezifikationen<\/h3>\n<table class=\"table\">\n<tbody>\n<tr>\n<td><strong>Marke<\/strong><\/td>\n<td>Osculati<\/td>\n<\/tr>\n<tr>\n<td><strong>Material<\/strong><\/td>\n<td>Edelstahl<\/td>\n<\/tr>\n<tr>\n<td><strong>Abmessungen<\/strong><\/td>\n<td>Breite: 50 mm, L\u00e4nge: 60 mm<\/td>\n<\/tr>\n<\/tbody>\n<\/table>\n","protected":false},"excerpt":{"rendered":"<p>Flache Gasfeder-Befestigungsplatte (8mm Stift) &#8211; Die Osculati Gasfeder-Flachmontageplatte besteht aus rostfreiem Stahl und hat eine Breite von 50 mm und<\/p>\n","protected":false},"featured_media":5944779,"comment_status":"closed","ping_status":"closed","template":"","meta":[],"product_brand":[3500],"product_cat":[1401],"product_tag":[],"class_list":{"0":"post-3428629","1":"product","2":"type-product","3":"status-publish","4":"has-post-thumbnail","6":"product_brand-ultraflex-uflex-de","7":"product_cat-gasdruckfedern-fuer-luken","9":"first","10":"instock","11":"shipping-taxable","12":"purchasable","13":"product-type-simple"},"_links":{"self":[{"href":"https:\/\/stoic-curie.212-227-153-4.plesk.page\/de\/wp-json\/wp\/v2\/product\/3428629","targetHints":{"allow":["GET"]}}],"collection":[{"href":"https:\/\/stoic-curie.212-227-153-4.plesk.page\/de\/wp-json\/wp\/v2\/product"}],"about":[{"href":"https:\/\/stoic-curie.212-227-153-4.plesk.page\/de\/wp-json\/wp\/v2\/types\/product"}],"replies":[{"embeddable":true,"href":"https:\/\/stoic-curie.212-227-153-4.plesk.page\/de\/wp-json\/wp\/v2\/comments?post=3428629"}],"version-history":[{"count":0,"href":"https:\/\/stoic-curie.212-227-153-4.plesk.page\/de\/wp-json\/wp\/v2\/product\/3428629\/revisions"}],"wp:featuredmedia":[{"embeddable":true,"href":"https:\/\/stoic-curie.212-227-153-4.plesk.page\/de\/wp-json\/wp\/v2\/media\/5944779"}],"wp:attachment":[{"href":"https:\/\/stoic-curie.212-227-153-4.plesk.page\/de\/wp-json\/wp\/v2\/media?parent=3428629"}],"wp:term":[{"taxonomy":"product_brand","embeddable":true,"href":"https:\/\/stoic-curie.212-227-153-4.plesk.page\/de\/wp-json\/wp\/v2\/product_brand?post=3428629"},{"taxonomy":"product_cat","embeddable":true,"href":"https:\/\/stoic-curie.212-227-153-4.plesk.page\/de\/wp-json\/wp\/v2\/product_cat?post=3428629"},{"taxonomy":"product_tag","embeddable":true,"href":"https:\/\/stoic-curie.212-227-153-4.plesk.page\/de\/wp-json\/wp\/v2\/product_tag?post=3428629"}],"curies":[{"name":"wp","href":"https:\/\/api.w.org\/{rel}","templated":true}]}}