{"id":3428651,"date":"2025-10-09T22:55:19","date_gmt":"2025-10-10T02:55:19","guid":{"rendered":"https:\/\/stoic-curie.212-227-153-4.plesk.page\/product\/perko-1247-kunststoff-deckel-schluessel-28mm-laschen\/"},"modified":"2026-02-24T23:35:07","modified_gmt":"2026-02-24T23:35:07","slug":"perko-1247-kunststoff-deckel-schluessel-28mm-laschen","status":"publish","type":"product","link":"https:\/\/stoic-curie.212-227-153-4.plesk.page\/de\/product\/perko-1247-kunststoff-deckel-schluessel-28mm-laschen\/","title":{"rendered":"Perko 1247 Kunststoff-Deckel-Schl\u00fcssel (28mm Laschen)"},"content":{"rendered":"<p>Perko 1247 Kunststoff-Deckel-Schl\u00fcssel (28mm Laschen) &#8211; Perko Teile Nummer: 1247DP0BLK. Der Perko 1247 Deckplatten Schl\u00fcssel f\u00fcr Deckf\u00fcllungen hat einen schwarzen Kunststoffbau und verf\u00fcgt \u00fcber ein Loch zum Anbringen an einem Schl\u00fcsselbund. Dieser Deckplatten Schl\u00fcssel beinhaltet Krallen und einen Schlitz. Passt zu Perko 32mm (1-1\/4&#8243;) und 38mm (1-1\/2&#8243;) Deckplatten sowie vielen anderen &#8220;Schlitz&#8221;-Typ Deckplatten. Auch in &#8216;Gro\u00dfpackung&#8217; f\u00fcr OEM-Nutzung erh\u00e4ltlich. Kartongr\u00f6\u00dfe ist 50 St\u00fcck. Bestellen Sie 50 x 1247000BLK. Spezifikationen: L\u00e4nge: Gesamt: 44mm (1-3\/4&#8243;), Spatz: 25mm (1&#8243;). Marke: Perko. Konstruktion: Kunststoff. Abmessungen: Abstand zwischen den Lugs: 28,5mm (1-1\/8&#8243;). Eignung: Passt zu Perko 1-1\/4&#8243; &#038; 1-1\/2&#8243; Deckplatten.<\/p>\n","protected":false},"excerpt":{"rendered":"<p>Perko 1247 Kunststoff-Deckel-Schl\u00fcssel (28mm Laschen) &#8211; Perko Teile Nummer: 1247DP0BLK. Der Perko 1247 Deckplatten Schl\u00fcssel f\u00fcr Deckf\u00fcllungen hat einen schwarzen<\/p>\n","protected":false},"featured_media":5944785,"comment_status":"closed","ping_status":"closed","template":"","meta":[],"product_brand":[3205],"product_cat":[1514,1381],"product_tag":[],"class_list":{"0":"post-3428651","1":"product","2":"type-product","3":"status-publish","4":"has-post-thumbnail","6":"product_brand-nova-argonautica-de","7":"product_cat-kraftstoffeinfueller","8":"product_cat-wasserdeckbefuellungen","10":"first","11":"instock","12":"shipping-taxable","13":"purchasable","14":"product-type-simple"},"_links":{"self":[{"href":"https:\/\/stoic-curie.212-227-153-4.plesk.page\/de\/wp-json\/wp\/v2\/product\/3428651","targetHints":{"allow":["GET"]}}],"collection":[{"href":"https:\/\/stoic-curie.212-227-153-4.plesk.page\/de\/wp-json\/wp\/v2\/product"}],"about":[{"href":"https:\/\/stoic-curie.212-227-153-4.plesk.page\/de\/wp-json\/wp\/v2\/types\/product"}],"replies":[{"embeddable":true,"href":"https:\/\/stoic-curie.212-227-153-4.plesk.page\/de\/wp-json\/wp\/v2\/comments?post=3428651"}],"version-history":[{"count":0,"href":"https:\/\/stoic-curie.212-227-153-4.plesk.page\/de\/wp-json\/wp\/v2\/product\/3428651\/revisions"}],"wp:featuredmedia":[{"embeddable":true,"href":"https:\/\/stoic-curie.212-227-153-4.plesk.page\/de\/wp-json\/wp\/v2\/media\/5944785"}],"wp:attachment":[{"href":"https:\/\/stoic-curie.212-227-153-4.plesk.page\/de\/wp-json\/wp\/v2\/media?parent=3428651"}],"wp:term":[{"taxonomy":"product_brand","embeddable":true,"href":"https:\/\/stoic-curie.212-227-153-4.plesk.page\/de\/wp-json\/wp\/v2\/product_brand?post=3428651"},{"taxonomy":"product_cat","embeddable":true,"href":"https:\/\/stoic-curie.212-227-153-4.plesk.page\/de\/wp-json\/wp\/v2\/product_cat?post=3428651"},{"taxonomy":"product_tag","embeddable":true,"href":"https:\/\/stoic-curie.212-227-153-4.plesk.page\/de\/wp-json\/wp\/v2\/product_tag?post=3428651"}],"curies":[{"name":"wp","href":"https:\/\/api.w.org\/{rel}","templated":true}]}}