{"id":3428653,"date":"2025-10-09T22:55:19","date_gmt":"2025-10-10T02:55:19","guid":{"rendered":"https:\/\/stoic-curie.212-227-153-4.plesk.page\/product\/edelstahl-schluessel-fuer-deckfuellstutzen-4dek-windeinsatzkappe\/"},"modified":"2026-02-24T23:35:07","modified_gmt":"2026-02-24T23:35:07","slug":"edelstahl-schluessel-fuer-deckfuellstutzen-4dek-windeinsatzkappe","status":"publish","type":"product","link":"https:\/\/stoic-curie.212-227-153-4.plesk.page\/de\/product\/edelstahl-schluessel-fuer-deckfuellstutzen-4dek-windeinsatzkappe\/","title":{"rendered":"Edelstahl-Schl\u00fcssel f\u00fcr Deckf\u00fcllstutzen 4Dek (Windeinsatzkappe)"},"content":{"rendered":"<p>Edelstahl-Schl\u00fcssel f\u00fcr Deckf\u00fcllstutzen 4Dek (Windeinsatzkappe) &#8211; Edelstahl 316 Deckplattenschl\u00fcssel, der zu F\u00fcllkappen vom Windensteckertyp passt. Dieser Schl\u00fcssel hat einen Durchmesser von 25 mm im Sternformat.<\/p>\n<p>### Spezifikationen<\/p>\n<p>| **Marke**                  | 4Dek |<br \/>\n|&#8212;&#8212;&#8212;&#8212;&#8212;&#8212;&#8212;&#8212;&#8212;|&#8212;&#8212;-|<br \/>\n| **Material**              | Marine Grade Edelstahl 316 |<br \/>\n| **Abmessungen**           | 25 mm OD Stern |<br \/>\n| **Eignung**               | F\u00fcllkappen f\u00fcr Windenstecker |<\/p>\n","protected":false},"excerpt":{"rendered":"<p>Edelstahl-Schl\u00fcssel f\u00fcr Deckf\u00fcllstutzen 4Dek (Windeinsatzkappe) &#8211; Edelstahl 316 Deckplattenschl\u00fcssel, der zu F\u00fcllkappen vom Windensteckertyp passt. Dieser Schl\u00fcssel hat einen Durchmesser<\/p>\n","protected":false},"featured_media":5944786,"comment_status":"closed","ping_status":"closed","template":"","meta":[],"product_brand":[3120],"product_cat":[1381],"product_tag":[],"class_list":{"0":"post-3428653","1":"product","2":"type-product","3":"status-publish","4":"has-post-thumbnail","6":"product_brand-marinetech-de","7":"product_cat-wasserdeckbefuellungen","9":"first","10":"instock","11":"shipping-taxable","12":"purchasable","13":"product-type-simple"},"_links":{"self":[{"href":"https:\/\/stoic-curie.212-227-153-4.plesk.page\/de\/wp-json\/wp\/v2\/product\/3428653","targetHints":{"allow":["GET"]}}],"collection":[{"href":"https:\/\/stoic-curie.212-227-153-4.plesk.page\/de\/wp-json\/wp\/v2\/product"}],"about":[{"href":"https:\/\/stoic-curie.212-227-153-4.plesk.page\/de\/wp-json\/wp\/v2\/types\/product"}],"replies":[{"embeddable":true,"href":"https:\/\/stoic-curie.212-227-153-4.plesk.page\/de\/wp-json\/wp\/v2\/comments?post=3428653"}],"version-history":[{"count":0,"href":"https:\/\/stoic-curie.212-227-153-4.plesk.page\/de\/wp-json\/wp\/v2\/product\/3428653\/revisions"}],"wp:featuredmedia":[{"embeddable":true,"href":"https:\/\/stoic-curie.212-227-153-4.plesk.page\/de\/wp-json\/wp\/v2\/media\/5944786"}],"wp:attachment":[{"href":"https:\/\/stoic-curie.212-227-153-4.plesk.page\/de\/wp-json\/wp\/v2\/media?parent=3428653"}],"wp:term":[{"taxonomy":"product_brand","embeddable":true,"href":"https:\/\/stoic-curie.212-227-153-4.plesk.page\/de\/wp-json\/wp\/v2\/product_brand?post=3428653"},{"taxonomy":"product_cat","embeddable":true,"href":"https:\/\/stoic-curie.212-227-153-4.plesk.page\/de\/wp-json\/wp\/v2\/product_cat?post=3428653"},{"taxonomy":"product_tag","embeddable":true,"href":"https:\/\/stoic-curie.212-227-153-4.plesk.page\/de\/wp-json\/wp\/v2\/product_tag?post=3428653"}],"curies":[{"name":"wp","href":"https:\/\/api.w.org\/{rel}","templated":true}]}}