{"id":3428662,"date":"2025-10-09T22:55:19","date_gmt":"2025-10-10T02:55:19","guid":{"rendered":"https:\/\/stoic-curie.212-227-153-4.plesk.page\/product\/jg-speedfit-rohrverbinder-fuer-15mm-rohr-3-4-bsp-weiblich\/"},"modified":"2026-02-24T23:35:07","modified_gmt":"2026-02-24T23:35:07","slug":"jg-speedfit-rohrverbinder-fuer-15mm-rohr-3-4-bsp-weiblich","status":"publish","type":"product","link":"https:\/\/stoic-curie.212-227-153-4.plesk.page\/de\/product\/jg-speedfit-rohrverbinder-fuer-15mm-rohr-3-4-bsp-weiblich\/","title":{"rendered":"JG Speedfit Rohrverbinder f\u00fcr 15mm Rohr (3\/4&#8243; BSP weiblich)"},"content":{"rendered":"<p>JG Speedfit Rohrverbinder f\u00fcr 15mm Rohr (3\/4&#8243; BSP weiblich) &#8211; Die John Guest Speedfit Druckpassung aus Kunststoff ist geeignet f\u00fcr die Verbindung von Kunststoff- oder Kupferrohren in Warm- oder Kaltwassersystemen. Der weibliche Anschluss verf\u00fcgt \u00fcber einen 3\/4&#8243; BSP-Anschluss und einen Speedfit-Anschluss f\u00fcr 15 mm Rohre. Diese Druckpassung ist bleifrei, ungiftig und frei von Kalkablagerungen sowie Korrosion. Um die Verbindung herzustellen, dr\u00fccken Sie die Passung vollst\u00e4ndig auf das Rohr und drehen die Kunststoffmutter im Uhrzeigersinn, um sie zu fixieren. Zur Demontage l\u00f6sen Sie die Mutter und dr\u00fccken das Geh\u00e4use zur K\u00f6rper der Passung, w\u00e4hrend Sie das Rohr herausziehen, um es zu l\u00f6sen. Die Druckpassung erleichtert die Installation in engen R\u00e4umen und reduziert die Installationszeit um etwa 40 % im Vergleich zu herk\u00f6mmlichen Befestigungsmethoden.<\/p>\n","protected":false},"excerpt":{"rendered":"<p>JG Speedfit Rohrverbinder f\u00fcr 15mm Rohr (3\/4&#8243; BSP weiblich) &#8211; Die John Guest Speedfit Druckpassung aus Kunststoff ist geeignet f\u00fcr<\/p>\n","protected":false},"featured_media":5944792,"comment_status":"closed","ping_status":"closed","template":"","meta":[],"product_brand":[3425],"product_cat":[1374],"product_tag":[],"class_list":{"0":"post-3428662","1":"product","2":"type-product","3":"status-publish","4":"has-post-thumbnail","6":"product_brand-speedfit-de","7":"product_cat-kunststoff-wasserinstallationsarmaturen","9":"first","10":"instock","11":"shipping-taxable","12":"purchasable","13":"product-type-simple"},"_links":{"self":[{"href":"https:\/\/stoic-curie.212-227-153-4.plesk.page\/de\/wp-json\/wp\/v2\/product\/3428662","targetHints":{"allow":["GET"]}}],"collection":[{"href":"https:\/\/stoic-curie.212-227-153-4.plesk.page\/de\/wp-json\/wp\/v2\/product"}],"about":[{"href":"https:\/\/stoic-curie.212-227-153-4.plesk.page\/de\/wp-json\/wp\/v2\/types\/product"}],"replies":[{"embeddable":true,"href":"https:\/\/stoic-curie.212-227-153-4.plesk.page\/de\/wp-json\/wp\/v2\/comments?post=3428662"}],"version-history":[{"count":0,"href":"https:\/\/stoic-curie.212-227-153-4.plesk.page\/de\/wp-json\/wp\/v2\/product\/3428662\/revisions"}],"wp:featuredmedia":[{"embeddable":true,"href":"https:\/\/stoic-curie.212-227-153-4.plesk.page\/de\/wp-json\/wp\/v2\/media\/5944792"}],"wp:attachment":[{"href":"https:\/\/stoic-curie.212-227-153-4.plesk.page\/de\/wp-json\/wp\/v2\/media?parent=3428662"}],"wp:term":[{"taxonomy":"product_brand","embeddable":true,"href":"https:\/\/stoic-curie.212-227-153-4.plesk.page\/de\/wp-json\/wp\/v2\/product_brand?post=3428662"},{"taxonomy":"product_cat","embeddable":true,"href":"https:\/\/stoic-curie.212-227-153-4.plesk.page\/de\/wp-json\/wp\/v2\/product_cat?post=3428662"},{"taxonomy":"product_tag","embeddable":true,"href":"https:\/\/stoic-curie.212-227-153-4.plesk.page\/de\/wp-json\/wp\/v2\/product_tag?post=3428662"}],"curies":[{"name":"wp","href":"https:\/\/api.w.org\/{rel}","templated":true}]}}