{"id":3428672,"date":"2025-10-09T22:55:20","date_gmt":"2025-10-10T02:55:20","guid":{"rendered":"https:\/\/stoic-curie.212-227-153-4.plesk.page\/product\/maestrini-verchromtes-messing-schiffstankentlueftung-mit-gaze-3-8-bsp\/"},"modified":"2026-02-24T23:35:07","modified_gmt":"2026-02-24T23:35:07","slug":"maestrini-verchromtes-messing-schiffstankentlueftung-mit-gaze-3-8-bsp","status":"publish","type":"product","link":"https:\/\/stoic-curie.212-227-153-4.plesk.page\/de\/product\/maestrini-verchromtes-messing-schiffstankentlueftung-mit-gaze-3-8-bsp\/","title":{"rendered":"Maestrini Verchromtes Messing-Schiffstankentl\u00fcftung mit Gaze (3\/8&#8243; BSP)"},"content":{"rendered":"<p>Maestrini Verchromtes Messing-Schiffstankentl\u00fcftung mit Gaze (3\/8&#8243; BSP) &#8211; Bel\u00fcftungsventil f\u00fcr Tanks aus verchromtem Messing, geeignet als Durchgangsbel\u00fcftung f\u00fcr Kraftstofftanks, Frischwassertanks und Abwassertanks. Das gewindebeschichtete Tankventil wird mit einem flammensicheren Edelstahlnetz sowie einer Befestigungsmutter und -unterlegscheibe aus Messing geliefert. <\/p>\n<h3>Technische Daten<\/h3>\n<table class='table'>\n<tbody>\n<tr>\n<td><strong>L\u00e4nge<\/strong><\/td>\n<td>Gesamt: 91,5 mm, Geh\u00e4use: 57 mm, Gewinde: 70,5 mm<\/td>\n<\/tr>\n<tr>\n<td><strong>Breite<\/strong><\/td>\n<td>Maximale Geh\u00e4usebreite: 35 mm<\/td>\n<\/tr>\n<tr>\n<td><strong>Marke<\/strong><\/td>\n<td>Maestrini<\/td>\n<\/tr>\n<tr>\n<td><strong>Herkunftsland<\/strong><\/td>\n<td>Italien<\/td>\n<\/tr>\n<tr>\n<td><strong>Flammensperre<\/strong><\/td>\n<td>Ja<\/td>\n<\/tr>\n<tr>\n<td><strong>Material<\/strong><\/td>\n<td>Verchromtes Messing<\/td>\n<\/tr>\n<tr>\n<td><strong>Druckbewertung<\/strong><\/td>\n<td>580 PSI (40 Bar)<\/td>\n<\/tr>\n<tr>\n<td><strong>Ersetzt<\/strong><\/td>\n<td>Tankventil 305200.<\/td>\n<\/tr>\n<tr>\n<td><strong>Form<\/strong><\/td>\n<td>Gerade<\/td>\n<\/tr>\n<tr>\n<td><strong>Gewindegr\u00f6\u00dfe<\/strong><\/td>\n<td>3\/8&#8243; BSP-M\u00e4nnchen<\/td>\n<\/tr>\n<\/tbody>\n<\/table>\n","protected":false},"excerpt":{"rendered":"<p>Maestrini Verchromtes Messing-Schiffstankentl\u00fcftung mit Gaze (3\/8&#8243; BSP) &#8211; Bel\u00fcftungsventil f\u00fcr Tanks aus verchromtem Messing, geeignet als Durchgangsbel\u00fcftung f\u00fcr Kraftstofftanks, Frischwassertanks<\/p>\n","protected":false},"featured_media":5944796,"comment_status":"closed","ping_status":"closed","template":"","meta":[],"product_brand":[3235],"product_cat":[1412,1513],"product_tag":[],"class_list":{"0":"post-3428672","1":"product","2":"type-product","3":"status-publish","4":"has-post-thumbnail","6":"product_brand-osculati-de","7":"product_cat-bootdeckbelueftungen","8":"product_cat-kraftstofftanks","10":"first","11":"instock","12":"shipping-taxable","13":"purchasable","14":"product-type-simple"},"_links":{"self":[{"href":"https:\/\/stoic-curie.212-227-153-4.plesk.page\/de\/wp-json\/wp\/v2\/product\/3428672","targetHints":{"allow":["GET"]}}],"collection":[{"href":"https:\/\/stoic-curie.212-227-153-4.plesk.page\/de\/wp-json\/wp\/v2\/product"}],"about":[{"href":"https:\/\/stoic-curie.212-227-153-4.plesk.page\/de\/wp-json\/wp\/v2\/types\/product"}],"replies":[{"embeddable":true,"href":"https:\/\/stoic-curie.212-227-153-4.plesk.page\/de\/wp-json\/wp\/v2\/comments?post=3428672"}],"version-history":[{"count":0,"href":"https:\/\/stoic-curie.212-227-153-4.plesk.page\/de\/wp-json\/wp\/v2\/product\/3428672\/revisions"}],"wp:featuredmedia":[{"embeddable":true,"href":"https:\/\/stoic-curie.212-227-153-4.plesk.page\/de\/wp-json\/wp\/v2\/media\/5944796"}],"wp:attachment":[{"href":"https:\/\/stoic-curie.212-227-153-4.plesk.page\/de\/wp-json\/wp\/v2\/media?parent=3428672"}],"wp:term":[{"taxonomy":"product_brand","embeddable":true,"href":"https:\/\/stoic-curie.212-227-153-4.plesk.page\/de\/wp-json\/wp\/v2\/product_brand?post=3428672"},{"taxonomy":"product_cat","embeddable":true,"href":"https:\/\/stoic-curie.212-227-153-4.plesk.page\/de\/wp-json\/wp\/v2\/product_cat?post=3428672"},{"taxonomy":"product_tag","embeddable":true,"href":"https:\/\/stoic-curie.212-227-153-4.plesk.page\/de\/wp-json\/wp\/v2\/product_tag?post=3428672"}],"curies":[{"name":"wp","href":"https:\/\/api.w.org\/{rel}","templated":true}]}}