{"id":3428691,"date":"2025-10-09T22:55:21","date_gmt":"2025-10-10T02:55:21","guid":{"rendered":"https:\/\/stoic-curie.212-227-153-4.plesk.page\/product\/maestrini-verchromtes-messing-schiffstankentlueftung-mit-gaze-1-bsp\/"},"modified":"2026-02-24T23:35:07","modified_gmt":"2026-02-24T23:35:07","slug":"maestrini-verchromtes-messing-schiffstankentlueftung-mit-gaze-1-bsp","status":"publish","type":"product","link":"https:\/\/stoic-curie.212-227-153-4.plesk.page\/de\/product\/maestrini-verchromtes-messing-schiffstankentlueftung-mit-gaze-1-bsp\/","title":{"rendered":"Maestrini Verchromtes Messing-Schiffstankentl\u00fcftung mit Gaze (1&#8243; BSP)"},"content":{"rendered":"<p>Maestrini Verchromtes Messing-Schiffstankentl\u00fcftung mit Gaze (1&#8243; BSP) &#8211; Das Maestrini-Schalld\u00e4mpferventil besteht aus verchromtem Messing und eignet sich als Durchgangsbel\u00fcftung f\u00fcr Kraftstofftanks, Frischwassertanks und Abwassertanks. Das Gewinded\u00e4mpferventil wird mit einem rostfreien, flammensicheren Gitter sowie einer Schraubmutter und einer Unterlegscheibe aus Messing geliefert. <\/p>\n<p>**Technische Spezifikationen**<br \/>\n&#8211; **L\u00e4nge**: Gesamtl\u00e4nge: 101 mm, Gewinde: 77 mm<br \/>\n&#8211; **Marke**: Maestrini<br \/>\n&#8211; **Herkunftsland**: Italien<br \/>\n&#8211; **Flammensperre**: Ja<br \/>\n&#8211; **Konstruktion**: Verchromtes Messing<br \/>\n&#8211; **Druckbewertung**: 580 PSI (40 Bar)<br \/>\n&#8211; **Form**: Gerades Design<br \/>\n&#8211; **Gewindegr\u00f6\u00dfe**: 1&#8243; BSP m\u00e4nnlich<\/p>\n","protected":false},"excerpt":{"rendered":"<p>Maestrini Verchromtes Messing-Schiffstankentl\u00fcftung mit Gaze (1&#8243; BSP) &#8211; Das Maestrini-Schalld\u00e4mpferventil besteht aus verchromtem Messing und eignet sich als Durchgangsbel\u00fcftung f\u00fcr<\/p>\n","protected":false},"featured_media":5944802,"comment_status":"closed","ping_status":"closed","template":"","meta":[],"product_brand":[3235],"product_cat":[1412,1513],"product_tag":[],"class_list":{"0":"post-3428691","1":"product","2":"type-product","3":"status-publish","4":"has-post-thumbnail","6":"product_brand-osculati-de","7":"product_cat-bootdeckbelueftungen","8":"product_cat-kraftstofftanks","10":"first","11":"instock","12":"shipping-taxable","13":"purchasable","14":"product-type-simple"},"_links":{"self":[{"href":"https:\/\/stoic-curie.212-227-153-4.plesk.page\/de\/wp-json\/wp\/v2\/product\/3428691","targetHints":{"allow":["GET"]}}],"collection":[{"href":"https:\/\/stoic-curie.212-227-153-4.plesk.page\/de\/wp-json\/wp\/v2\/product"}],"about":[{"href":"https:\/\/stoic-curie.212-227-153-4.plesk.page\/de\/wp-json\/wp\/v2\/types\/product"}],"replies":[{"embeddable":true,"href":"https:\/\/stoic-curie.212-227-153-4.plesk.page\/de\/wp-json\/wp\/v2\/comments?post=3428691"}],"version-history":[{"count":0,"href":"https:\/\/stoic-curie.212-227-153-4.plesk.page\/de\/wp-json\/wp\/v2\/product\/3428691\/revisions"}],"wp:featuredmedia":[{"embeddable":true,"href":"https:\/\/stoic-curie.212-227-153-4.plesk.page\/de\/wp-json\/wp\/v2\/media\/5944802"}],"wp:attachment":[{"href":"https:\/\/stoic-curie.212-227-153-4.plesk.page\/de\/wp-json\/wp\/v2\/media?parent=3428691"}],"wp:term":[{"taxonomy":"product_brand","embeddable":true,"href":"https:\/\/stoic-curie.212-227-153-4.plesk.page\/de\/wp-json\/wp\/v2\/product_brand?post=3428691"},{"taxonomy":"product_cat","embeddable":true,"href":"https:\/\/stoic-curie.212-227-153-4.plesk.page\/de\/wp-json\/wp\/v2\/product_cat?post=3428691"},{"taxonomy":"product_tag","embeddable":true,"href":"https:\/\/stoic-curie.212-227-153-4.plesk.page\/de\/wp-json\/wp\/v2\/product_tag?post=3428691"}],"curies":[{"name":"wp","href":"https:\/\/api.w.org\/{rel}","templated":true}]}}