{"id":3428697,"date":"2025-10-09T22:55:21","date_gmt":"2025-10-10T02:55:21","guid":{"rendered":"https:\/\/stoic-curie.212-227-153-4.plesk.page\/product\/maestrini-verchromtes-messing-schiffstankentlueftung-mit-gaze-1-1-4-bsp\/"},"modified":"2026-02-24T23:35:07","modified_gmt":"2026-02-24T23:35:07","slug":"maestrini-verchromtes-messing-schiffstankentlueftung-mit-gaze-1-1-4-bsp","status":"publish","type":"product","link":"https:\/\/stoic-curie.212-227-153-4.plesk.page\/de\/product\/maestrini-verchromtes-messing-schiffstankentlueftung-mit-gaze-1-1-4-bsp\/","title":{"rendered":"Maestrini Verchromtes Messing-Schiffstankentl\u00fcftung mit Gaze (1-1\/4&#8243; BSP)"},"content":{"rendered":"<p>Maestrini Verchromtes Messing-Schiffstankentl\u00fcftung mit Gaze (1-1\/4&#8243; BSP) &#8211; Das Maestrini Tankentl\u00fcftungsventil besteht aus verchromtem Messing und eignet sich f\u00fcr die Verwendung als Durchgangsventil f\u00fcr Kraftstofftanks, Frischwassertanks und Abwassertanks. Das gewindeventil wird mit einem feuerfesten Edelstahlsieb sowie einer Befestigungsmutter und Unterlegscheibe aus Messing geliefert. <\/p>\n<h3>Spezifikationen<\/h3>\n<table class=\"table\">\n<tbody>\n<tr>\n<td><strong>L\u00e4nge<\/strong><\/td>\n<td>Gesamt: 104,5 mm, Gewinde: 78,5 mm<\/td>\n<\/tr>\n<tr>\n<td><strong>Marke<\/strong><\/td>\n<td>Maestrini<\/td>\n<\/tr>\n<tr>\n<td><strong>Ursprungsland<\/strong><\/td>\n<td>Italien<\/td>\n<\/tr>\n<tr>\n<td><strong>Flammschutz<\/strong><\/td>\n<td>Ja<\/td>\n<\/tr>\n<tr>\n<td><strong>Bauweise<\/strong><\/td>\n<td>Verchromtes Messing<\/td>\n<\/tr>\n<tr>\n<td><strong>Druckbewertung<\/strong><\/td>\n<td>363 PSI (25 Bar)<\/td>\n<\/tr>\n<tr>\n<td><strong>Form<\/strong><\/td>\n<td>Gerade<\/td>\n<\/tr>\n<tr>\n<td><strong>Gewindegr\u00f6\u00dfe<\/strong><\/td>\n<td>1-1\/4&#8243; BSP m\u00e4nnlich<\/td>\n<\/tr>\n<\/tbody>\n<\/table>\n","protected":false},"excerpt":{"rendered":"<p>Maestrini Verchromtes Messing-Schiffstankentl\u00fcftung mit Gaze (1-1\/4&#8243; BSP) &#8211; Das Maestrini Tankentl\u00fcftungsventil besteht aus verchromtem Messing und eignet sich f\u00fcr die<\/p>\n","protected":false},"featured_media":5944804,"comment_status":"closed","ping_status":"closed","template":"","meta":[],"product_brand":[3235],"product_cat":[1412,1513],"product_tag":[],"class_list":{"0":"post-3428697","1":"product","2":"type-product","3":"status-publish","4":"has-post-thumbnail","6":"product_brand-osculati-de","7":"product_cat-bootdeckbelueftungen","8":"product_cat-kraftstofftanks","10":"first","11":"instock","12":"shipping-taxable","13":"purchasable","14":"product-type-simple"},"_links":{"self":[{"href":"https:\/\/stoic-curie.212-227-153-4.plesk.page\/de\/wp-json\/wp\/v2\/product\/3428697","targetHints":{"allow":["GET"]}}],"collection":[{"href":"https:\/\/stoic-curie.212-227-153-4.plesk.page\/de\/wp-json\/wp\/v2\/product"}],"about":[{"href":"https:\/\/stoic-curie.212-227-153-4.plesk.page\/de\/wp-json\/wp\/v2\/types\/product"}],"replies":[{"embeddable":true,"href":"https:\/\/stoic-curie.212-227-153-4.plesk.page\/de\/wp-json\/wp\/v2\/comments?post=3428697"}],"version-history":[{"count":0,"href":"https:\/\/stoic-curie.212-227-153-4.plesk.page\/de\/wp-json\/wp\/v2\/product\/3428697\/revisions"}],"wp:featuredmedia":[{"embeddable":true,"href":"https:\/\/stoic-curie.212-227-153-4.plesk.page\/de\/wp-json\/wp\/v2\/media\/5944804"}],"wp:attachment":[{"href":"https:\/\/stoic-curie.212-227-153-4.plesk.page\/de\/wp-json\/wp\/v2\/media?parent=3428697"}],"wp:term":[{"taxonomy":"product_brand","embeddable":true,"href":"https:\/\/stoic-curie.212-227-153-4.plesk.page\/de\/wp-json\/wp\/v2\/product_brand?post=3428697"},{"taxonomy":"product_cat","embeddable":true,"href":"https:\/\/stoic-curie.212-227-153-4.plesk.page\/de\/wp-json\/wp\/v2\/product_cat?post=3428697"},{"taxonomy":"product_tag","embeddable":true,"href":"https:\/\/stoic-curie.212-227-153-4.plesk.page\/de\/wp-json\/wp\/v2\/product_tag?post=3428697"}],"curies":[{"name":"wp","href":"https:\/\/api.w.org\/{rel}","templated":true}]}}