{"id":3428699,"date":"2025-10-09T22:55:21","date_gmt":"2025-10-10T02:55:21","guid":{"rendered":"https:\/\/stoic-curie.212-227-153-4.plesk.page\/product\/maestrini-verchromtes-messing-schiffstankentlueftung-mit-gaze-1-1-2-bsp\/"},"modified":"2026-02-24T23:35:07","modified_gmt":"2026-02-24T23:35:07","slug":"maestrini-verchromtes-messing-schiffstankentlueftung-mit-gaze-1-1-2-bsp","status":"publish","type":"product","link":"https:\/\/stoic-curie.212-227-153-4.plesk.page\/de\/product\/maestrini-verchromtes-messing-schiffstankentlueftung-mit-gaze-1-1-2-bsp\/","title":{"rendered":"Maestrini Verchromtes Messing-Schiffstankentl\u00fcftung mit Gaze (1-1\/2&#8243; BSP)"},"content":{"rendered":"<p>Maestrini Verchromtes Messing-Schiffstankentl\u00fcftung mit Gaze (1-1\/2&#8243; BSP) &#8211; Das Maestrini Schalenventil f\u00fcr Tanks besteht aus verchromtem Messing und eignet sich als Durchgangsventil f\u00fcr Kraftstofftanks, Frischwassertanks und F\u00e4kalientanks. Das gewindeventil wird mit einem feuerfesten Edelstahlsieb sowie einer Befestigungsmutter und Unterlegscheibe aus Messing geliefert.<\/p>\n<p>Spezifikationen:<br \/>\n&#8211; L\u00e4nge: Gesamtl\u00e4nge: 112 mm, Gewinde: 79,5 mm<br \/>\n&#8211; Marke: Maestrini<br \/>\n&#8211; Herkunftsland: Italien<br \/>\n&#8211; Flammensperre: Ja<br \/>\n&#8211; Konstruktion: Verchromtes Messing<br \/>\n&#8211; Druckbewertung: 363 PSI (25 Bar)<br \/>\n&#8211; Form: Gerade<br \/>\n&#8211; Gewindegr\u00f6\u00dfe: 1-1\/2&#8243; BSP M\u00e4nnlich<\/p>\n","protected":false},"excerpt":{"rendered":"<p>Maestrini Verchromtes Messing-Schiffstankentl\u00fcftung mit Gaze (1-1\/2&#8243; BSP) &#8211; Das Maestrini Schalenventil f\u00fcr Tanks besteht aus verchromtem Messing und eignet sich<\/p>\n","protected":false},"featured_media":5944806,"comment_status":"closed","ping_status":"closed","template":"","meta":[],"product_brand":[3235],"product_cat":[1412,1513],"product_tag":[],"class_list":{"0":"post-3428699","1":"product","2":"type-product","3":"status-publish","4":"has-post-thumbnail","6":"product_brand-osculati-de","7":"product_cat-bootdeckbelueftungen","8":"product_cat-kraftstofftanks","10":"first","11":"instock","12":"shipping-taxable","13":"purchasable","14":"product-type-simple"},"_links":{"self":[{"href":"https:\/\/stoic-curie.212-227-153-4.plesk.page\/de\/wp-json\/wp\/v2\/product\/3428699","targetHints":{"allow":["GET"]}}],"collection":[{"href":"https:\/\/stoic-curie.212-227-153-4.plesk.page\/de\/wp-json\/wp\/v2\/product"}],"about":[{"href":"https:\/\/stoic-curie.212-227-153-4.plesk.page\/de\/wp-json\/wp\/v2\/types\/product"}],"replies":[{"embeddable":true,"href":"https:\/\/stoic-curie.212-227-153-4.plesk.page\/de\/wp-json\/wp\/v2\/comments?post=3428699"}],"version-history":[{"count":0,"href":"https:\/\/stoic-curie.212-227-153-4.plesk.page\/de\/wp-json\/wp\/v2\/product\/3428699\/revisions"}],"wp:featuredmedia":[{"embeddable":true,"href":"https:\/\/stoic-curie.212-227-153-4.plesk.page\/de\/wp-json\/wp\/v2\/media\/5944806"}],"wp:attachment":[{"href":"https:\/\/stoic-curie.212-227-153-4.plesk.page\/de\/wp-json\/wp\/v2\/media?parent=3428699"}],"wp:term":[{"taxonomy":"product_brand","embeddable":true,"href":"https:\/\/stoic-curie.212-227-153-4.plesk.page\/de\/wp-json\/wp\/v2\/product_brand?post=3428699"},{"taxonomy":"product_cat","embeddable":true,"href":"https:\/\/stoic-curie.212-227-153-4.plesk.page\/de\/wp-json\/wp\/v2\/product_cat?post=3428699"},{"taxonomy":"product_tag","embeddable":true,"href":"https:\/\/stoic-curie.212-227-153-4.plesk.page\/de\/wp-json\/wp\/v2\/product_tag?post=3428699"}],"curies":[{"name":"wp","href":"https:\/\/api.w.org\/{rel}","templated":true}]}}