{"id":3428707,"date":"2025-10-09T22:55:21","date_gmt":"2025-10-10T02:55:21","guid":{"rendered":"https:\/\/stoic-curie.212-227-153-4.plesk.page\/product\/drive-force-beneteau-jeanneau-propellerwelle-lager-22-x-29-x-75mm\/"},"modified":"2026-02-24T23:35:07","modified_gmt":"2026-02-24T23:35:07","slug":"drive-force-beneteau-jeanneau-propellerwelle-lager-22-x-29-x-75mm","status":"publish","type":"product","link":"https:\/\/stoic-curie.212-227-153-4.plesk.page\/de\/product\/drive-force-beneteau-jeanneau-propellerwelle-lager-22-x-29-x-75mm\/","title":{"rendered":"Drive Force Beneteau Jeanneau Propellerwelle Lager (22 x 29 x 75mm)"},"content":{"rendered":"<p>Drive Force Beneteau Jeanneau Propellerwelle Lager (22 x 29 x 75mm) &#8211; Ersatzlagerh\u00fclse f\u00fcr die Propelleraachse, entwickelt, um das spezielle Propellerlager zu ersetzen, das in vielen Beneteau-Segelbooten, Jeanneau und Dufour verbaut ist. Dieses Lager wird komplett mit 2 nichtmetallischen Befestigungsschrauben geliefert. Dieses Lager ist f\u00fcr eine Propellerachse mit einem Durchmesser von 22 mm und hat einen Au\u00dfendurchmesser von 29 mm und eine L\u00e4nge von 75 mm. (3,5 mm Dicke)<\/p>\n<h3>Technische Daten<\/h3>\n<table class=\"table\">\n<tbody>\n<tr>\n<td><strong>L\u00e4nge<\/strong><\/td>\n<td>75 mm<\/td>\n<\/tr>\n<tr>\n<td><strong>Marke<\/strong><\/td>\n<td>Drive Force<\/td>\n<\/tr>\n<tr>\n<td><strong>Achsgr\u00f6\u00dfe<\/strong><\/td>\n<td>22 mm<\/td>\n<\/tr>\n<tr>\n<td><strong>Durchmesser<\/strong><\/td>\n<td>OD: 29 mm<\/td>\n<\/tr>\n<tr>\n<td><strong>Dicke<\/strong><\/td>\n<td>3,5 mm<\/td>\n<\/tr>\n<\/tbody>\n<\/table>\n","protected":false},"excerpt":{"rendered":"<p>Drive Force Beneteau Jeanneau Propellerwelle Lager (22 x 29 x 75mm) &#8211; Ersatzlagerh\u00fclse f\u00fcr die Propelleraachse, entwickelt, um das spezielle<\/p>\n","protected":false},"featured_media":5944816,"comment_status":"closed","ping_status":"closed","template":"","meta":[],"product_brand":[3225],"product_cat":[1525],"product_tag":[],"class_list":{"0":"post-3428707","1":"product","2":"type-product","3":"status-publish","4":"has-post-thumbnail","6":"product_brand-orbitrade-marine-de","7":"product_cat-propellerwellenlager","9":"first","10":"instock","11":"shipping-taxable","12":"purchasable","13":"product-type-simple"},"_links":{"self":[{"href":"https:\/\/stoic-curie.212-227-153-4.plesk.page\/de\/wp-json\/wp\/v2\/product\/3428707","targetHints":{"allow":["GET"]}}],"collection":[{"href":"https:\/\/stoic-curie.212-227-153-4.plesk.page\/de\/wp-json\/wp\/v2\/product"}],"about":[{"href":"https:\/\/stoic-curie.212-227-153-4.plesk.page\/de\/wp-json\/wp\/v2\/types\/product"}],"replies":[{"embeddable":true,"href":"https:\/\/stoic-curie.212-227-153-4.plesk.page\/de\/wp-json\/wp\/v2\/comments?post=3428707"}],"version-history":[{"count":0,"href":"https:\/\/stoic-curie.212-227-153-4.plesk.page\/de\/wp-json\/wp\/v2\/product\/3428707\/revisions"}],"wp:featuredmedia":[{"embeddable":true,"href":"https:\/\/stoic-curie.212-227-153-4.plesk.page\/de\/wp-json\/wp\/v2\/media\/5944816"}],"wp:attachment":[{"href":"https:\/\/stoic-curie.212-227-153-4.plesk.page\/de\/wp-json\/wp\/v2\/media?parent=3428707"}],"wp:term":[{"taxonomy":"product_brand","embeddable":true,"href":"https:\/\/stoic-curie.212-227-153-4.plesk.page\/de\/wp-json\/wp\/v2\/product_brand?post=3428707"},{"taxonomy":"product_cat","embeddable":true,"href":"https:\/\/stoic-curie.212-227-153-4.plesk.page\/de\/wp-json\/wp\/v2\/product_cat?post=3428707"},{"taxonomy":"product_tag","embeddable":true,"href":"https:\/\/stoic-curie.212-227-153-4.plesk.page\/de\/wp-json\/wp\/v2\/product_tag?post=3428707"}],"curies":[{"name":"wp","href":"https:\/\/api.w.org\/{rel}","templated":true}]}}