{"id":3428716,"date":"2025-10-09T22:55:22","date_gmt":"2025-10-10T02:55:22","guid":{"rendered":"https:\/\/stoic-curie.212-227-153-4.plesk.page\/product\/drive-force-beneteau-jeanneau-propellerwelle-lager-22-x-36-x-80mm\/"},"modified":"2026-02-24T23:35:07","modified_gmt":"2026-02-24T23:35:07","slug":"drive-force-beneteau-jeanneau-propellerwelle-lager-22-x-36-x-80mm","status":"publish","type":"product","link":"https:\/\/stoic-curie.212-227-153-4.plesk.page\/de\/product\/drive-force-beneteau-jeanneau-propellerwelle-lager-22-x-36-x-80mm\/","title":{"rendered":"Drive Force Beneteau Jeanneau Propellerwelle Lager (22 x 36 x 80mm)"},"content":{"rendered":"<p>Drive Force Beneteau Jeanneau Propellerwelle Lager (22 x 36 x 80mm) &#8211; Ersatzlagerh\u00fclse f\u00fcr die Propellerwelle, die entwickelt wurde, um das spezielle Propellerwellenlager zu ersetzen, das in vielen Beneteau-Segelbooten, Jeanneau und Dufour verbaut ist. Dieses Lagerelement wird komplett mit 2 nichtmetallischen Positionierungs-Schrauben geliefert. Dieses Lager ist f\u00fcr eine Propellerwelle mit einem Durchmesser von 22 mm geeignet und hat einen Au\u00dfendurchmesser von 36 mm und eine L\u00e4nge von 80 mm. (7 mm Dicke) <\/p>\n<p>Spezifikationen: <\/p>\n<p>&#8211; L\u00e4nge: 80 mm<br \/>\n&#8211; Marke: Drive Force<br \/>\n&#8211; Wellenma\u00df: 22 mm<br \/>\n&#8211; Durchmesser: OD: 36 mm<br \/>\n&#8211; Dicke: 7 mm<\/p>\n","protected":false},"excerpt":{"rendered":"<p>Drive Force Beneteau Jeanneau Propellerwelle Lager (22 x 36 x 80mm) &#8211; Ersatzlagerh\u00fclse f\u00fcr die Propellerwelle, die entwickelt wurde, um<\/p>\n","protected":false},"featured_media":5944817,"comment_status":"closed","ping_status":"closed","template":"","meta":[],"product_brand":[3225],"product_cat":[1525],"product_tag":[],"class_list":{"0":"post-3428716","1":"product","2":"type-product","3":"status-publish","4":"has-post-thumbnail","6":"product_brand-orbitrade-marine-de","7":"product_cat-propellerwellenlager","9":"first","10":"instock","11":"shipping-taxable","12":"purchasable","13":"product-type-simple"},"_links":{"self":[{"href":"https:\/\/stoic-curie.212-227-153-4.plesk.page\/de\/wp-json\/wp\/v2\/product\/3428716","targetHints":{"allow":["GET"]}}],"collection":[{"href":"https:\/\/stoic-curie.212-227-153-4.plesk.page\/de\/wp-json\/wp\/v2\/product"}],"about":[{"href":"https:\/\/stoic-curie.212-227-153-4.plesk.page\/de\/wp-json\/wp\/v2\/types\/product"}],"replies":[{"embeddable":true,"href":"https:\/\/stoic-curie.212-227-153-4.plesk.page\/de\/wp-json\/wp\/v2\/comments?post=3428716"}],"version-history":[{"count":0,"href":"https:\/\/stoic-curie.212-227-153-4.plesk.page\/de\/wp-json\/wp\/v2\/product\/3428716\/revisions"}],"wp:featuredmedia":[{"embeddable":true,"href":"https:\/\/stoic-curie.212-227-153-4.plesk.page\/de\/wp-json\/wp\/v2\/media\/5944817"}],"wp:attachment":[{"href":"https:\/\/stoic-curie.212-227-153-4.plesk.page\/de\/wp-json\/wp\/v2\/media?parent=3428716"}],"wp:term":[{"taxonomy":"product_brand","embeddable":true,"href":"https:\/\/stoic-curie.212-227-153-4.plesk.page\/de\/wp-json\/wp\/v2\/product_brand?post=3428716"},{"taxonomy":"product_cat","embeddable":true,"href":"https:\/\/stoic-curie.212-227-153-4.plesk.page\/de\/wp-json\/wp\/v2\/product_cat?post=3428716"},{"taxonomy":"product_tag","embeddable":true,"href":"https:\/\/stoic-curie.212-227-153-4.plesk.page\/de\/wp-json\/wp\/v2\/product_tag?post=3428716"}],"curies":[{"name":"wp","href":"https:\/\/api.w.org\/{rel}","templated":true}]}}