{"id":3428717,"date":"2025-10-09T22:55:22","date_gmt":"2025-10-10T02:55:22","guid":{"rendered":"https:\/\/stoic-curie.212-227-153-4.plesk.page\/product\/wellenlager-fuer-beneteau-jeanneau-25-x-36-x-100-mm\/"},"modified":"2026-02-24T23:35:07","modified_gmt":"2026-02-24T23:35:07","slug":"wellenlager-fuer-beneteau-jeanneau-25-x-36-x-100-mm","status":"publish","type":"product","link":"https:\/\/stoic-curie.212-227-153-4.plesk.page\/de\/product\/wellenlager-fuer-beneteau-jeanneau-25-x-36-x-100-mm\/","title":{"rendered":"Wellenlager f\u00fcr Beneteau Jeanneau (25 x 36 x 100 mm)"},"content":{"rendered":"<p>Wellenlager f\u00fcr Beneteau Jeanneau (25 x 36 x 100 mm) &#8211; Ersatzpropellerwellenlagerh\u00fclse, die f\u00fcr den Austausch des speziellen Propellerwellenlagers entwickelt wurde, das an vielen Beneteau- Segelbooten, Jeanneau und Dufour montiert ist. Dieses Wellenlager wird komplett mit 2 nichtmetallischen Befestigungsschrauben geliefert. Dieses Lager ist f\u00fcr Propellerwellen mit einem Durchmesser von 25 mm und hat einen Au\u00dfendurchmesser von 36 mm und eine L\u00e4nge von 100 mm (5,5 mm Dicke).<\/p>\n","protected":false},"excerpt":{"rendered":"<p>Wellenlager f\u00fcr Beneteau Jeanneau (25 x 36 x 100 mm) &#8211; Ersatzpropellerwellenlagerh\u00fclse, die f\u00fcr den Austausch des speziellen Propellerwellenlagers entwickelt<\/p>\n","protected":false},"featured_media":5944818,"comment_status":"closed","ping_status":"closed","template":"","meta":[],"product_brand":[3225],"product_cat":[1525],"product_tag":[],"class_list":{"0":"post-3428717","1":"product","2":"type-product","3":"status-publish","4":"has-post-thumbnail","6":"product_brand-orbitrade-marine-de","7":"product_cat-propellerwellenlager","9":"first","10":"instock","11":"shipping-taxable","12":"purchasable","13":"product-type-simple"},"_links":{"self":[{"href":"https:\/\/stoic-curie.212-227-153-4.plesk.page\/de\/wp-json\/wp\/v2\/product\/3428717","targetHints":{"allow":["GET"]}}],"collection":[{"href":"https:\/\/stoic-curie.212-227-153-4.plesk.page\/de\/wp-json\/wp\/v2\/product"}],"about":[{"href":"https:\/\/stoic-curie.212-227-153-4.plesk.page\/de\/wp-json\/wp\/v2\/types\/product"}],"replies":[{"embeddable":true,"href":"https:\/\/stoic-curie.212-227-153-4.plesk.page\/de\/wp-json\/wp\/v2\/comments?post=3428717"}],"version-history":[{"count":0,"href":"https:\/\/stoic-curie.212-227-153-4.plesk.page\/de\/wp-json\/wp\/v2\/product\/3428717\/revisions"}],"wp:featuredmedia":[{"embeddable":true,"href":"https:\/\/stoic-curie.212-227-153-4.plesk.page\/de\/wp-json\/wp\/v2\/media\/5944818"}],"wp:attachment":[{"href":"https:\/\/stoic-curie.212-227-153-4.plesk.page\/de\/wp-json\/wp\/v2\/media?parent=3428717"}],"wp:term":[{"taxonomy":"product_brand","embeddable":true,"href":"https:\/\/stoic-curie.212-227-153-4.plesk.page\/de\/wp-json\/wp\/v2\/product_brand?post=3428717"},{"taxonomy":"product_cat","embeddable":true,"href":"https:\/\/stoic-curie.212-227-153-4.plesk.page\/de\/wp-json\/wp\/v2\/product_cat?post=3428717"},{"taxonomy":"product_tag","embeddable":true,"href":"https:\/\/stoic-curie.212-227-153-4.plesk.page\/de\/wp-json\/wp\/v2\/product_tag?post=3428717"}],"curies":[{"name":"wp","href":"https:\/\/api.w.org\/{rel}","templated":true}]}}