{"id":3428743,"date":"2025-10-09T22:55:23","date_gmt":"2025-10-10T02:55:23","guid":{"rendered":"https:\/\/stoic-curie.212-227-153-4.plesk.page\/product\/elektrischer-batteriekabel-augenanschluss-35mm-kabel-10mm-bolzen\/"},"modified":"2026-02-24T23:35:07","modified_gmt":"2026-02-24T23:35:07","slug":"elektrischer-batteriekabel-augenanschluss-35mm-kabel-10mm-bolzen","status":"publish","type":"product","link":"https:\/\/stoic-curie.212-227-153-4.plesk.page\/de\/product\/elektrischer-batteriekabel-augenanschluss-35mm-kabel-10mm-bolzen\/","title":{"rendered":"Elektrischer Batteriekabel-Augenanschluss (35mm Kabel \/ 10mm Bolzen)"},"content":{"rendered":"<p>Elektrischer Batteriekabel-Augenanschluss (35mm Kabel \/ 10mm Bolzen) &#8211; Batteriekabelanschlussauge aus verzinntem Kupfer, Teil der Elektro-Serie. Dieser Anschluss verwendet eine \u00d6senfixierung zur Sicherung an Batteriebefestigungen und hat einen Kabelanschluss, der zum Crimpen oder L\u00f6ten geeignet ist. Er verf\u00fcgt an der Vorderseite des Anschlusses \u00fcber ein Inspektionsloch. \u00d6senanschl\u00fcsse sollten immer mit Anschlussabdeckungen isoliert werden, von denen wir ein gro\u00dfes Sortiment aus der VTE-Serie f\u00fchren. <\/p>\n<p>Spezifikationen: <\/p>\n<p>&#8211; L\u00e4nge: 48mm<br \/>\n&#8211; Breite: 18mm<br \/>\n&#8211; Marke: Electrical<br \/>\n&#8211; \u00d6senanschluss-Kabeldurchmesser: 8.2mm<br \/>\n&#8211; Kabel\u00f6sen-Befestigungsdurchmesser: 10mm<br \/>\n&#8211; Konstruktion: Verzinnte Kupfer<\/p>\n","protected":false},"excerpt":{"rendered":"<p>Elektrischer Batteriekabel-Augenanschluss (35mm Kabel \/ 10mm Bolzen) &#8211; Batteriekabelanschlussauge aus verzinntem Kupfer, Teil der Elektro-Serie. Dieser Anschluss verwendet eine \u00d6senfixierung<\/p>\n","protected":false},"featured_media":5944826,"comment_status":"closed","ping_status":"closed","template":"","meta":[],"product_brand":[3215],"product_cat":[1465],"product_tag":[],"class_list":{"0":"post-3428743","1":"product","2":"type-product","3":"status-publish","4":"has-post-thumbnail","6":"product_brand-oceanflex-de","7":"product_cat-bootsbatteriekabel-und-klemmen","9":"first","10":"instock","11":"shipping-taxable","12":"purchasable","13":"product-type-simple"},"_links":{"self":[{"href":"https:\/\/stoic-curie.212-227-153-4.plesk.page\/de\/wp-json\/wp\/v2\/product\/3428743","targetHints":{"allow":["GET"]}}],"collection":[{"href":"https:\/\/stoic-curie.212-227-153-4.plesk.page\/de\/wp-json\/wp\/v2\/product"}],"about":[{"href":"https:\/\/stoic-curie.212-227-153-4.plesk.page\/de\/wp-json\/wp\/v2\/types\/product"}],"replies":[{"embeddable":true,"href":"https:\/\/stoic-curie.212-227-153-4.plesk.page\/de\/wp-json\/wp\/v2\/comments?post=3428743"}],"version-history":[{"count":0,"href":"https:\/\/stoic-curie.212-227-153-4.plesk.page\/de\/wp-json\/wp\/v2\/product\/3428743\/revisions"}],"wp:featuredmedia":[{"embeddable":true,"href":"https:\/\/stoic-curie.212-227-153-4.plesk.page\/de\/wp-json\/wp\/v2\/media\/5944826"}],"wp:attachment":[{"href":"https:\/\/stoic-curie.212-227-153-4.plesk.page\/de\/wp-json\/wp\/v2\/media?parent=3428743"}],"wp:term":[{"taxonomy":"product_brand","embeddable":true,"href":"https:\/\/stoic-curie.212-227-153-4.plesk.page\/de\/wp-json\/wp\/v2\/product_brand?post=3428743"},{"taxonomy":"product_cat","embeddable":true,"href":"https:\/\/stoic-curie.212-227-153-4.plesk.page\/de\/wp-json\/wp\/v2\/product_cat?post=3428743"},{"taxonomy":"product_tag","embeddable":true,"href":"https:\/\/stoic-curie.212-227-153-4.plesk.page\/de\/wp-json\/wp\/v2\/product_tag?post=3428743"}],"curies":[{"name":"wp","href":"https:\/\/api.w.org\/{rel}","templated":true}]}}