{"id":3428766,"date":"2025-10-09T22:55:24","date_gmt":"2025-10-10T02:55:24","guid":{"rendered":"https:\/\/stoic-curie.212-227-153-4.plesk.page\/product\/elektrischer-batteriekabel-augenanschluss-40-50mm-kabel-12mm-bolzen\/"},"modified":"2026-02-24T23:35:07","modified_gmt":"2026-02-24T23:35:07","slug":"elektrischer-batteriekabel-augenanschluss-40-50mm-kabel-12mm-bolzen","status":"publish","type":"product","link":"https:\/\/stoic-curie.212-227-153-4.plesk.page\/de\/product\/elektrischer-batteriekabel-augenanschluss-40-50mm-kabel-12mm-bolzen\/","title":{"rendered":"Elektrischer Batteriekabel-Augenanschluss (40-50mm Kabel \/ 12mm Bolzen)"},"content":{"rendered":"<p>Elektrischer Batteriekabel-Augenanschluss (40-50mm Kabel \/ 12mm Bolzen) &#8211; <\/p>\n<div class=\"col-24 col-md-15\">\n<p>Batteriekabelanschlussohr aus verzinntem Kupfer, Teil der Elektro-Reihe. Dieser Anschluss verwendet eine \u00d6se zur Befestigung an Batteriebolzen und hat einen Kabelanschluss, der zum Verdrillen oder L\u00f6ten geeignet ist. Das Anschlussst\u00fcck verf\u00fcgt \u00fcber ein Sichtloch an der Vorderseite.<\/p>\n<p>\u00d6senanschl\u00fcsse sollten immer mit Anschlussabdeckungen isoliert werden, von denen wir eine gro\u00dfe Auswahl aus der VTE-Reihe f\u00fchren.<\/p>\n<\/div>\n<h3>Spezifikationen<\/h3>\n<table class=\"table\">\n<tbody>\n<tr>\n<td><strong>L\u00e4nge<\/strong><\/td>\n<td>52mm<\/td>\n<\/tr>\n<tr>\n<td><strong>Breite<\/strong><\/td>\n<td>20mm<\/td>\n<\/tr>\n<tr>\n<td><strong>Marke<\/strong><\/td>\n<td>Electrical<\/td>\n<\/tr>\n<tr>\n<td><strong>\u00d6senanschluss Kabeldurchmesser<\/strong><\/td>\n<td>9.5mm<\/td>\n<\/tr>\n<tr>\n<td><strong>Kabel-\u00d6senbolzen-Durchmesser<\/strong><\/td>\n<td>12mm<\/td>\n<\/tr>\n<tr>\n<td><strong>Konstruktion<\/strong><\/td>\n<td>Verzinnte Kupfer<\/td>\n<\/tr>\n<\/tbody>\n<\/table>\n","protected":false},"excerpt":{"rendered":"<p>Elektrischer Batteriekabel-Augenanschluss (40-50mm Kabel \/ 12mm Bolzen) &#8211; Batteriekabelanschlussohr aus verzinntem Kupfer, Teil der Elektro-Reihe. Dieser Anschluss verwendet eine \u00d6se<\/p>\n","protected":false},"featured_media":5944828,"comment_status":"closed","ping_status":"closed","template":"","meta":[],"product_brand":[3215],"product_cat":[1465],"product_tag":[],"class_list":{"0":"post-3428766","1":"product","2":"type-product","3":"status-publish","4":"has-post-thumbnail","6":"product_brand-oceanflex-de","7":"product_cat-bootsbatteriekabel-und-klemmen","9":"first","10":"instock","11":"shipping-taxable","12":"purchasable","13":"product-type-simple"},"_links":{"self":[{"href":"https:\/\/stoic-curie.212-227-153-4.plesk.page\/de\/wp-json\/wp\/v2\/product\/3428766","targetHints":{"allow":["GET"]}}],"collection":[{"href":"https:\/\/stoic-curie.212-227-153-4.plesk.page\/de\/wp-json\/wp\/v2\/product"}],"about":[{"href":"https:\/\/stoic-curie.212-227-153-4.plesk.page\/de\/wp-json\/wp\/v2\/types\/product"}],"replies":[{"embeddable":true,"href":"https:\/\/stoic-curie.212-227-153-4.plesk.page\/de\/wp-json\/wp\/v2\/comments?post=3428766"}],"version-history":[{"count":0,"href":"https:\/\/stoic-curie.212-227-153-4.plesk.page\/de\/wp-json\/wp\/v2\/product\/3428766\/revisions"}],"wp:featuredmedia":[{"embeddable":true,"href":"https:\/\/stoic-curie.212-227-153-4.plesk.page\/de\/wp-json\/wp\/v2\/media\/5944828"}],"wp:attachment":[{"href":"https:\/\/stoic-curie.212-227-153-4.plesk.page\/de\/wp-json\/wp\/v2\/media?parent=3428766"}],"wp:term":[{"taxonomy":"product_brand","embeddable":true,"href":"https:\/\/stoic-curie.212-227-153-4.plesk.page\/de\/wp-json\/wp\/v2\/product_brand?post=3428766"},{"taxonomy":"product_cat","embeddable":true,"href":"https:\/\/stoic-curie.212-227-153-4.plesk.page\/de\/wp-json\/wp\/v2\/product_cat?post=3428766"},{"taxonomy":"product_tag","embeddable":true,"href":"https:\/\/stoic-curie.212-227-153-4.plesk.page\/de\/wp-json\/wp\/v2\/product_tag?post=3428766"}],"curies":[{"name":"wp","href":"https:\/\/api.w.org\/{rel}","templated":true}]}}