{"id":3428785,"date":"2025-10-09T22:55:25","date_gmt":"2025-10-10T02:55:25","guid":{"rendered":"https:\/\/stoic-curie.212-227-153-4.plesk.page\/product\/elektrischer-batteriekabel-augenanschluss-10mm-kabel-6mm-bolzen\/"},"modified":"2026-02-24T23:35:07","modified_gmt":"2026-02-24T23:35:07","slug":"elektrischer-batteriekabel-augenanschluss-10mm-kabel-6mm-bolzen","status":"publish","type":"product","link":"https:\/\/stoic-curie.212-227-153-4.plesk.page\/de\/product\/elektrischer-batteriekabel-augenanschluss-10mm-kabel-6mm-bolzen\/","title":{"rendered":"Elektrischer Batteriekabel-Augenanschluss (10mm Kabel \/ 6mm Bolzen)"},"content":{"rendered":"<p>Elektrischer Batteriekabel-Augenanschluss (10mm Kabel \/ 6mm Bolzen) &#8211; Batteriekabel-Anschlusseye aus verzinntem Kupfer, Teil des Electrical-Sortiments. Dieser Anschluss verwendet eine Augenbefestigung, um an Batteriebolzen zu sichern, und einen Kabeleingang, der f\u00fcr Crimpen oder L\u00f6ten geeignet ist. Er verf\u00fcgt \u00fcber ein Inspektionsloch an der Vorderseite des Anschlusses. Augenschl\u00fcsse sollten immer mit Anschlussabdeckungen isoliert werden, von denen wir eine gro\u00dfe Auswahl aus der VTE-Serie auf Lager haben. <\/p>\n<p>Spezifikationen:<br \/>\n&#8211; L\u00e4nge: 25mm<br \/>\n&#8211; Breite: 10mm<br \/>\n&#8211; Marke: Electrical<br \/>\n&#8211; Augenanschlusstyp: 4.4mm<br \/>\n&#8211; Kabelaugenbolzen-Gr\u00f6\u00dfe: 6mm<br \/>\n&#8211; Konstruktion: Verzinnter Kupfer<\/p>\n","protected":false},"excerpt":{"rendered":"<p>Elektrischer Batteriekabel-Augenanschluss (10mm Kabel \/ 6mm Bolzen) &#8211; Batteriekabel-Anschlusseye aus verzinntem Kupfer, Teil des Electrical-Sortiments. Dieser Anschluss verwendet eine Augenbefestigung,<\/p>\n","protected":false},"featured_media":5944832,"comment_status":"closed","ping_status":"closed","template":"","meta":[],"product_brand":[3215],"product_cat":[1465],"product_tag":[],"class_list":{"0":"post-3428785","1":"product","2":"type-product","3":"status-publish","4":"has-post-thumbnail","6":"product_brand-oceanflex-de","7":"product_cat-bootsbatteriekabel-und-klemmen","9":"first","10":"instock","11":"shipping-taxable","12":"purchasable","13":"product-type-simple"},"_links":{"self":[{"href":"https:\/\/stoic-curie.212-227-153-4.plesk.page\/de\/wp-json\/wp\/v2\/product\/3428785","targetHints":{"allow":["GET"]}}],"collection":[{"href":"https:\/\/stoic-curie.212-227-153-4.plesk.page\/de\/wp-json\/wp\/v2\/product"}],"about":[{"href":"https:\/\/stoic-curie.212-227-153-4.plesk.page\/de\/wp-json\/wp\/v2\/types\/product"}],"replies":[{"embeddable":true,"href":"https:\/\/stoic-curie.212-227-153-4.plesk.page\/de\/wp-json\/wp\/v2\/comments?post=3428785"}],"version-history":[{"count":0,"href":"https:\/\/stoic-curie.212-227-153-4.plesk.page\/de\/wp-json\/wp\/v2\/product\/3428785\/revisions"}],"wp:featuredmedia":[{"embeddable":true,"href":"https:\/\/stoic-curie.212-227-153-4.plesk.page\/de\/wp-json\/wp\/v2\/media\/5944832"}],"wp:attachment":[{"href":"https:\/\/stoic-curie.212-227-153-4.plesk.page\/de\/wp-json\/wp\/v2\/media?parent=3428785"}],"wp:term":[{"taxonomy":"product_brand","embeddable":true,"href":"https:\/\/stoic-curie.212-227-153-4.plesk.page\/de\/wp-json\/wp\/v2\/product_brand?post=3428785"},{"taxonomy":"product_cat","embeddable":true,"href":"https:\/\/stoic-curie.212-227-153-4.plesk.page\/de\/wp-json\/wp\/v2\/product_cat?post=3428785"},{"taxonomy":"product_tag","embeddable":true,"href":"https:\/\/stoic-curie.212-227-153-4.plesk.page\/de\/wp-json\/wp\/v2\/product_tag?post=3428785"}],"curies":[{"name":"wp","href":"https:\/\/api.w.org\/{rel}","templated":true}]}}