{"id":3428808,"date":"2025-10-09T22:55:26","date_gmt":"2025-10-10T02:55:26","guid":{"rendered":"https:\/\/stoic-curie.212-227-153-4.plesk.page\/product\/elektrische-verchromte-kabelverschraubung-aus-messing-8-mm-kabel-32-mm-durchmesser\/"},"modified":"2026-02-24T23:35:07","modified_gmt":"2026-02-24T23:35:07","slug":"elektrische-verchromte-kabelverschraubung-aus-messing-8-mm-kabel-32-mm-durchmesser","status":"publish","type":"product","link":"https:\/\/stoic-curie.212-227-153-4.plesk.page\/de\/product\/elektrische-verchromte-kabelverschraubung-aus-messing-8-mm-kabel-32-mm-durchmesser\/","title":{"rendered":"Elektrische verchromte Kabelverschraubung aus Messing (8 mm Kabel \/ 32 mm Durchmesser)"},"content":{"rendered":"<p>Elektrische verchromte Kabelverschraubung aus Messing (8 mm Kabel \/ 32 mm Durchmesser) &#8211; Elektrische Kabeldurchf\u00fchrung aus verchromtem Messing. Diese Durchf\u00fchrung erm\u00f6glicht es elektrischen Kabeln sowie anderen Kabeltypen, durch Schotts oder auf das Deck zu f\u00fchren. Die Kabeldurchf\u00fchrung verf\u00fcgt \u00fcber einen Dichtungsring, der als wasserdichter Verschluss um das Kabel dient, sowie eine Basis mit drei Schraubenbefestigungen. <\/p>\n<h3>Technische Daten<\/h3>\n<table class=\"table\">\n<tbody>\n<tr>\n<td><strong>Marke<\/strong><\/td>\n<td>Elektrisch<\/td>\n<\/tr>\n<tr>\n<td><strong>Farbe<\/strong><\/td>\n<td>Verchromt<\/td>\n<\/tr>\n<tr>\n<td><strong>Wasserdicht<\/strong><\/td>\n<td>Ja<\/td>\n<\/tr>\n<tr>\n<td><strong>Konstruktion<\/strong><\/td>\n<td>Verchromtes Messing<\/td>\n<\/tr>\n<tr>\n<td><strong>Durchmesser<\/strong><\/td>\n<td>32mm Basis, 8mm Kabel<\/td>\n<\/tr>\n<\/tbody>\n<\/table>\n","protected":false},"excerpt":{"rendered":"<p>Elektrische verchromte Kabelverschraubung aus Messing (8 mm Kabel \/ 32 mm Durchmesser) &#8211; Elektrische Kabeldurchf\u00fchrung aus verchromtem Messing. Diese Durchf\u00fchrung<\/p>\n","protected":false},"featured_media":5944836,"comment_status":"closed","ping_status":"closed","template":"","meta":[],"product_brand":[3490],"product_cat":[1453],"product_tag":[],"class_list":{"0":"post-3428808","1":"product","2":"type-product","3":"status-publish","4":"has-post-thumbnail","6":"product_brand-trem-de","7":"product_cat-elektrozubehoer","9":"first","10":"instock","11":"shipping-taxable","12":"purchasable","13":"product-type-simple"},"_links":{"self":[{"href":"https:\/\/stoic-curie.212-227-153-4.plesk.page\/de\/wp-json\/wp\/v2\/product\/3428808","targetHints":{"allow":["GET"]}}],"collection":[{"href":"https:\/\/stoic-curie.212-227-153-4.plesk.page\/de\/wp-json\/wp\/v2\/product"}],"about":[{"href":"https:\/\/stoic-curie.212-227-153-4.plesk.page\/de\/wp-json\/wp\/v2\/types\/product"}],"replies":[{"embeddable":true,"href":"https:\/\/stoic-curie.212-227-153-4.plesk.page\/de\/wp-json\/wp\/v2\/comments?post=3428808"}],"version-history":[{"count":0,"href":"https:\/\/stoic-curie.212-227-153-4.plesk.page\/de\/wp-json\/wp\/v2\/product\/3428808\/revisions"}],"wp:featuredmedia":[{"embeddable":true,"href":"https:\/\/stoic-curie.212-227-153-4.plesk.page\/de\/wp-json\/wp\/v2\/media\/5944836"}],"wp:attachment":[{"href":"https:\/\/stoic-curie.212-227-153-4.plesk.page\/de\/wp-json\/wp\/v2\/media?parent=3428808"}],"wp:term":[{"taxonomy":"product_brand","embeddable":true,"href":"https:\/\/stoic-curie.212-227-153-4.plesk.page\/de\/wp-json\/wp\/v2\/product_brand?post=3428808"},{"taxonomy":"product_cat","embeddable":true,"href":"https:\/\/stoic-curie.212-227-153-4.plesk.page\/de\/wp-json\/wp\/v2\/product_cat?post=3428808"},{"taxonomy":"product_tag","embeddable":true,"href":"https:\/\/stoic-curie.212-227-153-4.plesk.page\/de\/wp-json\/wp\/v2\/product_tag?post=3428808"}],"curies":[{"name":"wp","href":"https:\/\/api.w.org\/{rel}","templated":true}]}}