{"id":3428822,"date":"2025-10-09T22:55:26","date_gmt":"2025-10-10T02:55:26","guid":{"rendered":"https:\/\/stoic-curie.212-227-153-4.plesk.page\/product\/index-marine-white-twin-side-entry-cable-gland-3-6mm-kabel\/"},"modified":"2026-02-24T23:35:07","modified_gmt":"2026-02-24T23:35:07","slug":"index-marine-white-twin-side-entry-cable-gland-3-6mm-kabel","status":"publish","type":"product","link":"https:\/\/stoic-curie.212-227-153-4.plesk.page\/de\/product\/index-marine-white-twin-side-entry-cable-gland-3-6mm-kabel\/","title":{"rendered":"Index Marine White Twin Side Entry Cable Gland (3 &#8211; 6mm Kabel)"},"content":{"rendered":"<p>Index Marine White Twin Side Entry Cable Gland (3 &#8211; 6mm Kabel) &#8211; Ein wei\u00dfer Kabeldurchf\u00fchrungsverschluss mit seitlichem Einstieg aus der Index Marine Reihe. Dieser Doppeldichtungsverschluss ist geeignet f\u00fcr Kabel mit einem Durchmesser von 2 x 3mm bis 2 x 6mm. Dieser horizontale Doppeldichtungsverschlus wurde f\u00fcr den Einsatz in den h\u00e4rtesten Umgebungen entwickelt und ist somit ideal f\u00fcr maritime Anwendungen, unterst\u00fctzt durch eine wasserdichte und staubdichte IP68-Bewertung. Der Kabeldurchf\u00fchrungsverschluss wird mit 3 vormontierten Stopfen geliefert und ist einfach zu installieren, ohne dass Bohrungen erforderlich sind.<\/p>\n","protected":false},"excerpt":{"rendered":"<p>Index Marine White Twin Side Entry Cable Gland (3 &#8211; 6mm Kabel) &#8211; Ein wei\u00dfer Kabeldurchf\u00fchrungsverschluss mit seitlichem Einstieg aus<\/p>\n","protected":false},"featured_media":5944838,"comment_status":"closed","ping_status":"closed","template":"","meta":[],"product_brand":[3235],"product_cat":[1453],"product_tag":[],"class_list":{"0":"post-3428822","1":"product","2":"type-product","3":"status-publish","4":"has-post-thumbnail","6":"product_brand-osculati-de","7":"product_cat-elektrozubehoer","9":"first","10":"instock","11":"shipping-taxable","12":"purchasable","13":"product-type-simple"},"_links":{"self":[{"href":"https:\/\/stoic-curie.212-227-153-4.plesk.page\/de\/wp-json\/wp\/v2\/product\/3428822","targetHints":{"allow":["GET"]}}],"collection":[{"href":"https:\/\/stoic-curie.212-227-153-4.plesk.page\/de\/wp-json\/wp\/v2\/product"}],"about":[{"href":"https:\/\/stoic-curie.212-227-153-4.plesk.page\/de\/wp-json\/wp\/v2\/types\/product"}],"replies":[{"embeddable":true,"href":"https:\/\/stoic-curie.212-227-153-4.plesk.page\/de\/wp-json\/wp\/v2\/comments?post=3428822"}],"version-history":[{"count":0,"href":"https:\/\/stoic-curie.212-227-153-4.plesk.page\/de\/wp-json\/wp\/v2\/product\/3428822\/revisions"}],"wp:featuredmedia":[{"embeddable":true,"href":"https:\/\/stoic-curie.212-227-153-4.plesk.page\/de\/wp-json\/wp\/v2\/media\/5944838"}],"wp:attachment":[{"href":"https:\/\/stoic-curie.212-227-153-4.plesk.page\/de\/wp-json\/wp\/v2\/media?parent=3428822"}],"wp:term":[{"taxonomy":"product_brand","embeddable":true,"href":"https:\/\/stoic-curie.212-227-153-4.plesk.page\/de\/wp-json\/wp\/v2\/product_brand?post=3428822"},{"taxonomy":"product_cat","embeddable":true,"href":"https:\/\/stoic-curie.212-227-153-4.plesk.page\/de\/wp-json\/wp\/v2\/product_cat?post=3428822"},{"taxonomy":"product_tag","embeddable":true,"href":"https:\/\/stoic-curie.212-227-153-4.plesk.page\/de\/wp-json\/wp\/v2\/product_tag?post=3428822"}],"curies":[{"name":"wp","href":"https:\/\/api.w.org\/{rel}","templated":true}]}}