{"id":3428830,"date":"2025-10-09T22:55:27","date_gmt":"2025-10-10T02:55:27","guid":{"rendered":"https:\/\/stoic-curie.212-227-153-4.plesk.page\/product\/abdeckung-vte-234-kabel-oesen-terminal-rot-178-mm-durchmesser\/"},"modified":"2026-02-24T23:35:07","modified_gmt":"2026-02-24T23:35:07","slug":"abdeckung-vte-234-kabel-oesen-terminal-rot-178-mm-durchmesser","status":"publish","type":"product","link":"https:\/\/stoic-curie.212-227-153-4.plesk.page\/de\/product\/abdeckung-vte-234-kabel-oesen-terminal-rot-178-mm-durchmesser\/","title":{"rendered":"Abdeckung VTE 234 Kabel-\u00d6sen-Terminal (Rot \/ 17,8 mm Durchmesser)"},"content":{"rendered":"<p>Abdeckung VTE 234 Kabel-\u00d6sen-Terminal (Rot \/ 17,8 mm Durchmesser) &#8211; VTE Teile-Nummer: 234N4V02. Aus der VTE 234-Serie von \u00d6sentermaisolierungen. Diese Anschlussabdeckung besteht aus PVC und ist so konzipiert, dass sie Anschlussverbindungen vor Kurzschl\u00fcssen sch\u00fctzt. Die 234-Serie ist so gestaltet, dass sie sowohl gut aussieht als auch Ihre Elektronik sch\u00fctzt. Dieser Lug- und Ringanschlussisolator ist rot codiert, um eine positive Verbindung anzuzeigen. Die Verwendung dieser Anschlussabdeckung erf\u00fcllt die Standards ABYC E-9, USCG 33 Subpart I und ISO 10133. <\/p>\n<p>Spezifikationen: <\/p>\n<p>Zulassungen: Entspricht den Normen ABYC E-9, USCG 33 Subpart I &#038; ISO 10133.<br \/>\nH\u00f6he: 43,2 mm<br \/>\nL\u00e4nge: Anschluss: 50,8 mm, Gesamt: 94 mm<br \/>\nMarke: VTE<br \/>\nFarbe: Schwarz<br \/>\nMaximale Betriebstemperatur: 105 \u00b0C<br \/>\nBrittle Temperatur: -44 \u00b0C<br \/>\nKabeldurchmesser: 17,8 mm (Kabelst\u00e4rken 2\/0-4\/0)<br \/>\nKonstruktion: PVC<br \/>\nDurchmesser: Anschluss-OD: 34 mm, Innengreifdurchmesser: 22,86 mm<br \/>\nDicke: Nominelle Materialdicke: 2,54 mm.<\/p>\n","protected":false},"excerpt":{"rendered":"<p>Abdeckung VTE 234 Kabel-\u00d6sen-Terminal (Rot \/ 17,8 mm Durchmesser) &#8211; VTE Teile-Nummer: 234N4V02. Aus der VTE 234-Serie von \u00d6sentermaisolierungen. Diese<\/p>\n","protected":false},"featured_media":5944840,"comment_status":"closed","ping_status":"closed","template":"","meta":[],"product_brand":[2830],"product_cat":[1465,1442],"product_tag":[],"class_list":{"0":"post-3428830","1":"product","2":"type-product","3":"status-publish","4":"has-post-thumbnail","6":"product_brand-blue-sea-systems-de","7":"product_cat-bootsbatteriekabel-und-klemmen","8":"product_cat-bootsbatterien","10":"first","11":"instock","12":"shipping-taxable","13":"purchasable","14":"product-type-simple"},"_links":{"self":[{"href":"https:\/\/stoic-curie.212-227-153-4.plesk.page\/de\/wp-json\/wp\/v2\/product\/3428830","targetHints":{"allow":["GET"]}}],"collection":[{"href":"https:\/\/stoic-curie.212-227-153-4.plesk.page\/de\/wp-json\/wp\/v2\/product"}],"about":[{"href":"https:\/\/stoic-curie.212-227-153-4.plesk.page\/de\/wp-json\/wp\/v2\/types\/product"}],"replies":[{"embeddable":true,"href":"https:\/\/stoic-curie.212-227-153-4.plesk.page\/de\/wp-json\/wp\/v2\/comments?post=3428830"}],"version-history":[{"count":0,"href":"https:\/\/stoic-curie.212-227-153-4.plesk.page\/de\/wp-json\/wp\/v2\/product\/3428830\/revisions"}],"wp:featuredmedia":[{"embeddable":true,"href":"https:\/\/stoic-curie.212-227-153-4.plesk.page\/de\/wp-json\/wp\/v2\/media\/5944840"}],"wp:attachment":[{"href":"https:\/\/stoic-curie.212-227-153-4.plesk.page\/de\/wp-json\/wp\/v2\/media?parent=3428830"}],"wp:term":[{"taxonomy":"product_brand","embeddable":true,"href":"https:\/\/stoic-curie.212-227-153-4.plesk.page\/de\/wp-json\/wp\/v2\/product_brand?post=3428830"},{"taxonomy":"product_cat","embeddable":true,"href":"https:\/\/stoic-curie.212-227-153-4.plesk.page\/de\/wp-json\/wp\/v2\/product_cat?post=3428830"},{"taxonomy":"product_tag","embeddable":true,"href":"https:\/\/stoic-curie.212-227-153-4.plesk.page\/de\/wp-json\/wp\/v2\/product_tag?post=3428830"}],"curies":[{"name":"wp","href":"https:\/\/api.w.org\/{rel}","templated":true}]}}