{"id":3428842,"date":"2025-10-09T22:55:27","date_gmt":"2025-10-10T02:55:27","guid":{"rendered":"https:\/\/stoic-curie.212-227-153-4.plesk.page\/product\/elektrischer-sicherungskasten-fuer-6-flachsicherungen-led-anzeige-3\/"},"modified":"2026-02-24T23:35:07","modified_gmt":"2026-02-24T23:35:07","slug":"elektrischer-sicherungskasten-fuer-6-flachsicherungen-led-anzeige-3","status":"publish","type":"product","link":"https:\/\/stoic-curie.212-227-153-4.plesk.page\/de\/product\/elektrischer-sicherungskasten-fuer-6-flachsicherungen-led-anzeige-3\/","title":{"rendered":"Elektrischer Sicherungskasten f\u00fcr 6 Flachsicherungen (LED-Anzeige)"},"content":{"rendered":"<p>Elektrischer Sicherungskasten f\u00fcr 6 Flachsicherungen (LED-Anzeige) &#8211; Elektrische Sicherungskasten geeignet f\u00fcr die Unterbringung von 6 Blatt-Sicherungen. Die Unterseite der Box hat Montageschrauben, wodurch sie an einer Wand oder einer anderen festen Oberfl\u00e4che befestigt werden kann. Der klare transparente Deckel erm\u00f6glicht eine schnelle visuelle Inspektion der Sicherungen, von denen jede eine separate rote LED-Anzeige hat, die anzeigt, wenn eine Sicherung durchgebrannt ist. Jede Sicherung hat eine 6,3 mm m\u00e4nnliche Blattanschluss und es gibt einen einzigen 5 mm positiven Stromanschluss, der jede der Blatt-Sicherungen speist.<\/p>\n","protected":false},"excerpt":{"rendered":"<p>Elektrischer Sicherungskasten f\u00fcr 6 Flachsicherungen (LED-Anzeige) &#8211; Elektrische Sicherungskasten geeignet f\u00fcr die Unterbringung von 6 Blatt-Sicherungen. Die Unterseite der Box<\/p>\n","protected":false},"featured_media":5944843,"comment_status":"closed","ping_status":"closed","template":"","meta":[],"product_brand":[2830],"product_cat":[1453],"product_tag":[],"class_list":{"0":"post-3428842","1":"product","2":"type-product","3":"status-publish","4":"has-post-thumbnail","6":"product_brand-blue-sea-systems-de","7":"product_cat-elektrozubehoer","9":"first","10":"instock","11":"shipping-taxable","12":"purchasable","13":"product-type-simple"},"_links":{"self":[{"href":"https:\/\/stoic-curie.212-227-153-4.plesk.page\/de\/wp-json\/wp\/v2\/product\/3428842","targetHints":{"allow":["GET"]}}],"collection":[{"href":"https:\/\/stoic-curie.212-227-153-4.plesk.page\/de\/wp-json\/wp\/v2\/product"}],"about":[{"href":"https:\/\/stoic-curie.212-227-153-4.plesk.page\/de\/wp-json\/wp\/v2\/types\/product"}],"replies":[{"embeddable":true,"href":"https:\/\/stoic-curie.212-227-153-4.plesk.page\/de\/wp-json\/wp\/v2\/comments?post=3428842"}],"version-history":[{"count":0,"href":"https:\/\/stoic-curie.212-227-153-4.plesk.page\/de\/wp-json\/wp\/v2\/product\/3428842\/revisions"}],"wp:featuredmedia":[{"embeddable":true,"href":"https:\/\/stoic-curie.212-227-153-4.plesk.page\/de\/wp-json\/wp\/v2\/media\/5944843"}],"wp:attachment":[{"href":"https:\/\/stoic-curie.212-227-153-4.plesk.page\/de\/wp-json\/wp\/v2\/media?parent=3428842"}],"wp:term":[{"taxonomy":"product_brand","embeddable":true,"href":"https:\/\/stoic-curie.212-227-153-4.plesk.page\/de\/wp-json\/wp\/v2\/product_brand?post=3428842"},{"taxonomy":"product_cat","embeddable":true,"href":"https:\/\/stoic-curie.212-227-153-4.plesk.page\/de\/wp-json\/wp\/v2\/product_cat?post=3428842"},{"taxonomy":"product_tag","embeddable":true,"href":"https:\/\/stoic-curie.212-227-153-4.plesk.page\/de\/wp-json\/wp\/v2\/product_tag?post=3428842"}],"curies":[{"name":"wp","href":"https:\/\/api.w.org\/{rel}","templated":true}]}}