{"id":3428855,"date":"2025-10-09T22:55:28","date_gmt":"2025-10-10T02:55:28","guid":{"rendered":"https:\/\/stoic-curie.212-227-153-4.plesk.page\/product\/elektrischer-sicherungskasten-fuer-10-flachsicherungen-led-anzeige\/"},"modified":"2026-02-24T23:35:07","modified_gmt":"2026-02-24T23:35:07","slug":"elektrischer-sicherungskasten-fuer-10-flachsicherungen-led-anzeige","status":"publish","type":"product","link":"https:\/\/stoic-curie.212-227-153-4.plesk.page\/de\/product\/elektrischer-sicherungskasten-fuer-10-flachsicherungen-led-anzeige\/","title":{"rendered":"Elektrischer Sicherungskasten f\u00fcr 10 Flachsicherungen (LED-Anzeige)"},"content":{"rendered":"<p>Elektrischer Sicherungskasten f\u00fcr 10 Flachsicherungen (LED-Anzeige) &#8211; <\/p>\n<div class=\"col-24 col-md-15\">\n<p>Elektrischer Sicherungskasten geeignet f\u00fcr 10 Flachsicherungen. Es gibt Montagetl\u00f6cher an der Basis des Kasten, die eine Montage an einer Bulkhead oder einer anderen festen Oberfl\u00e4che erm\u00f6glichen. Der transparente Deckel erm\u00f6glicht eine schnelle Sichtpr\u00fcfung der Sicherungen, wobei jede eine separate rote LED-Anzeige hat, die anzeigt, wenn eine Sicherung durchgebrannt ist. Jede Sicherung hat einen 6,3 mm m\u00e4nnlichen Klingenanschluss und es gibt eine einzelne 5 mm positive Stromversorgungsstud, die jede der Klingen-Sicherungen speist.<\/p>\n<\/div>\n<h3>Speifikationen<\/h3>\n<table class=\"table\">\n<tbody>\n<tr>\n<td><strong>H\u00f6he<\/strong><\/td>\n<td>35 mm (1-3\/8&#8243;)<\/td>\n<\/tr>\n<tr>\n<td><strong>Spannung<\/strong><\/td>\n<td>Bis zu 32 Volt<\/td>\n<\/tr>\n<tr>\n<td><strong>Breite<\/strong><\/td>\n<td>95 mm<\/td>\n<\/tr>\n<tr>\n<td><strong>Marke<\/strong><\/td>\n<td>Electrical<\/td>\n<\/tr>\n<tr>\n<td><strong>Anzahl der Sicherungen<\/strong><\/td>\n<td>10 Sicherungen<\/td>\n<\/tr>\n<tr>\n<td><strong>Anschl\u00fcsse<\/strong><\/td>\n<td>6,3 mm m\u00e4nnlicher Klingenanschluss<\/td>\n<\/tr>\n<tr>\n<td><strong>Stilbeschreibung<\/strong><\/td>\n<td>Klingen-Sicherungen<\/td>\n<\/tr>\n<tr>\n<td><strong>Tiefe<\/strong><\/td>\n<td>85 mm<\/td>\n<\/tr>\n<\/tbody>\n<\/table>\n","protected":false},"excerpt":{"rendered":"<p>Elektrischer Sicherungskasten f\u00fcr 10 Flachsicherungen (LED-Anzeige) &#8211; Elektrischer Sicherungskasten geeignet f\u00fcr 10 Flachsicherungen. Es gibt Montagetl\u00f6cher an der Basis des<\/p>\n","protected":false},"featured_media":5944844,"comment_status":"closed","ping_status":"closed","template":"","meta":[],"product_brand":[2830],"product_cat":[1453],"product_tag":[],"class_list":{"0":"post-3428855","1":"product","2":"type-product","3":"status-publish","4":"has-post-thumbnail","6":"product_brand-blue-sea-systems-de","7":"product_cat-elektrozubehoer","9":"first","10":"instock","11":"shipping-taxable","12":"purchasable","13":"product-type-simple"},"_links":{"self":[{"href":"https:\/\/stoic-curie.212-227-153-4.plesk.page\/de\/wp-json\/wp\/v2\/product\/3428855","targetHints":{"allow":["GET"]}}],"collection":[{"href":"https:\/\/stoic-curie.212-227-153-4.plesk.page\/de\/wp-json\/wp\/v2\/product"}],"about":[{"href":"https:\/\/stoic-curie.212-227-153-4.plesk.page\/de\/wp-json\/wp\/v2\/types\/product"}],"replies":[{"embeddable":true,"href":"https:\/\/stoic-curie.212-227-153-4.plesk.page\/de\/wp-json\/wp\/v2\/comments?post=3428855"}],"version-history":[{"count":0,"href":"https:\/\/stoic-curie.212-227-153-4.plesk.page\/de\/wp-json\/wp\/v2\/product\/3428855\/revisions"}],"wp:featuredmedia":[{"embeddable":true,"href":"https:\/\/stoic-curie.212-227-153-4.plesk.page\/de\/wp-json\/wp\/v2\/media\/5944844"}],"wp:attachment":[{"href":"https:\/\/stoic-curie.212-227-153-4.plesk.page\/de\/wp-json\/wp\/v2\/media?parent=3428855"}],"wp:term":[{"taxonomy":"product_brand","embeddable":true,"href":"https:\/\/stoic-curie.212-227-153-4.plesk.page\/de\/wp-json\/wp\/v2\/product_brand?post=3428855"},{"taxonomy":"product_cat","embeddable":true,"href":"https:\/\/stoic-curie.212-227-153-4.plesk.page\/de\/wp-json\/wp\/v2\/product_cat?post=3428855"},{"taxonomy":"product_tag","embeddable":true,"href":"https:\/\/stoic-curie.212-227-153-4.plesk.page\/de\/wp-json\/wp\/v2\/product_tag?post=3428855"}],"curies":[{"name":"wp","href":"https:\/\/api.w.org\/{rel}","templated":true}]}}