{"id":3428857,"date":"2025-10-09T22:55:28","date_gmt":"2025-10-10T02:55:28","guid":{"rendered":"https:\/\/stoic-curie.212-227-153-4.plesk.page\/product\/elektrische-anl-sicherung-50-ampere-5-16-bolzen\/"},"modified":"2026-02-24T23:35:07","modified_gmt":"2026-02-24T23:35:07","slug":"elektrische-anl-sicherung-50-ampere-5-16-bolzen","status":"publish","type":"product","link":"https:\/\/stoic-curie.212-227-153-4.plesk.page\/de\/product\/elektrische-anl-sicherung-50-ampere-5-16-bolzen\/","title":{"rendered":"Elektrische ANL-Sicherung (50 Ampere \/ 5\/16&#8243; Bolzen)"},"content":{"rendered":"<p>Elektrische ANL-Sicherung (50 Ampere \/ 5\/16&#8243; Bolzen) &#8211; ANL-Sicherungen werden zum allgemeinen Kabelschutz verwendet und bieten Schutz bei einem &#8216;Medium Blow&#8217; (ca. 1 Sekunde). Diese ANL-Sicherung verf\u00fcgt \u00fcber Befestigungsbohrungen f\u00fcr 5\/16&#8243; Bolzen. Sicherungsfassungen, die f\u00fcr ANL-Sicherungen ausgelegt sind, sind ebenfalls erh\u00e4ltlich. <\/p>\n<p>Bitte \u00fcberpr\u00fcfen Sie sorgf\u00e4ltig, ob die Verkabelung die beabsichtigte Last bew\u00e4ltigen kann und ob die Sicherung die Verkabelung sch\u00fctzen kann. Im Allgemeinen sollte die Sicherungsbewertung 1,5-mal die Amperebewertung des Kabels nicht \u00fcberschreiten. Bei Zweifeln wenden Sie sich bitte an einen qualifizierten Techniker. <\/p>\n<p>Diese ANL-Sicherung ist mit 50 Ampere bewertet.<\/p>\n","protected":false},"excerpt":{"rendered":"<p>Elektrische ANL-Sicherung (50 Ampere \/ 5\/16&#8243; Bolzen) &#8211; ANL-Sicherungen werden zum allgemeinen Kabelschutz verwendet und bieten Schutz bei einem &#8216;Medium<\/p>\n","protected":false},"featured_media":5944845,"comment_status":"closed","ping_status":"closed","template":"","meta":[],"product_brand":[2830],"product_cat":[1453],"product_tag":[],"class_list":{"0":"post-3428857","1":"product","2":"type-product","3":"status-publish","4":"has-post-thumbnail","6":"product_brand-blue-sea-systems-de","7":"product_cat-elektrozubehoer","9":"first","10":"instock","11":"shipping-taxable","12":"purchasable","13":"product-type-simple"},"_links":{"self":[{"href":"https:\/\/stoic-curie.212-227-153-4.plesk.page\/de\/wp-json\/wp\/v2\/product\/3428857","targetHints":{"allow":["GET"]}}],"collection":[{"href":"https:\/\/stoic-curie.212-227-153-4.plesk.page\/de\/wp-json\/wp\/v2\/product"}],"about":[{"href":"https:\/\/stoic-curie.212-227-153-4.plesk.page\/de\/wp-json\/wp\/v2\/types\/product"}],"replies":[{"embeddable":true,"href":"https:\/\/stoic-curie.212-227-153-4.plesk.page\/de\/wp-json\/wp\/v2\/comments?post=3428857"}],"version-history":[{"count":0,"href":"https:\/\/stoic-curie.212-227-153-4.plesk.page\/de\/wp-json\/wp\/v2\/product\/3428857\/revisions"}],"wp:featuredmedia":[{"embeddable":true,"href":"https:\/\/stoic-curie.212-227-153-4.plesk.page\/de\/wp-json\/wp\/v2\/media\/5944845"}],"wp:attachment":[{"href":"https:\/\/stoic-curie.212-227-153-4.plesk.page\/de\/wp-json\/wp\/v2\/media?parent=3428857"}],"wp:term":[{"taxonomy":"product_brand","embeddable":true,"href":"https:\/\/stoic-curie.212-227-153-4.plesk.page\/de\/wp-json\/wp\/v2\/product_brand?post=3428857"},{"taxonomy":"product_cat","embeddable":true,"href":"https:\/\/stoic-curie.212-227-153-4.plesk.page\/de\/wp-json\/wp\/v2\/product_cat?post=3428857"},{"taxonomy":"product_tag","embeddable":true,"href":"https:\/\/stoic-curie.212-227-153-4.plesk.page\/de\/wp-json\/wp\/v2\/product_tag?post=3428857"}],"curies":[{"name":"wp","href":"https:\/\/api.w.org\/{rel}","templated":true}]}}