{"id":3428898,"date":"2025-10-09T22:55:30","date_gmt":"2025-10-10T02:55:30","guid":{"rendered":"https:\/\/stoic-curie.212-227-153-4.plesk.page\/product\/elektrische-anl-sicherung-150-ampere-5-16-bolzen\/"},"modified":"2026-02-24T23:35:07","modified_gmt":"2026-02-24T23:35:07","slug":"elektrische-anl-sicherung-150-ampere-5-16-bolzen","status":"publish","type":"product","link":"https:\/\/stoic-curie.212-227-153-4.plesk.page\/de\/product\/elektrische-anl-sicherung-150-ampere-5-16-bolzen\/","title":{"rendered":"Elektrische ANL-Sicherung (150 Ampere \/ 5\/16&#8243; Bolzen)"},"content":{"rendered":"<p>Elektrische ANL-Sicherung (150 Ampere \/ 5\/16&#8243; Bolzen) &#8211; <\/p>\n<div class=\"col-24 col-md-15\">\n<p>ANL-Sicherungen werden zum Schutz allgemeiner Kabel verwendet und bieten einen &#8216;mittelstarken&#8217; Schutz (rund 1 Sekunde). Diese ANL-Sicherung verf\u00fcgt \u00fcber Befestigungsl\u00f6cher, die f\u00fcr 5\/16&#8243;-Bolzen geeignet sind. Sicherungswechselbuchsen, die f\u00fcr ANL-Sicherungen konzipiert sind, sind ebenfalls verf\u00fcgbar.<\/p>\n<p>Bitte \u00fcberpr\u00fcfen Sie sorgf\u00e4ltig, ob die Verdrahtung der beabsichtigten Last gewachsen ist und ob die Sicherung die Verdrahtung sch\u00fctzen kann. In der Regel sollte die Sicherungsbewertung 1,5-mal die Amperebewertung des Kabels nicht \u00fcberschreiten. Bei Zweifeln wenden Sie sich bitte an einen qualifizierten und kompetenten Techniker.<\/p>\n<p>Diese ANL-Sicherung ist f\u00fcr 150 Ampere bewertet.<\/p>\n<\/div>\n<h3>Spezifikationen<\/h3>\n<table class=\"table\">\n<tbody>\n<tr>\n<td><strong>Amper<\/strong><\/td>\n<td>150A<\/td>\n<\/tr>\n<tr>\n<td><strong>Marke<\/strong><\/td>\n<td>Electrical<\/td>\n<\/tr>\n<tr>\n<td><strong>Farbe<\/strong><\/td>\n<td>Schwarz<\/td>\n<\/tr>\n<tr>\n<td><strong>Verkaufseinheit<\/strong><\/td>\n<td>1 Sicherung<\/td>\n<\/tr>\n<tr>\n<td><strong>Anschl\u00fcsse<\/strong><\/td>\n<td>Eignung f\u00fcr 5\/16&#8243;-Bolzen<\/td>\n<\/tr>\n<tr>\n<td><strong>Stilbeschreibung<\/strong><\/td>\n<td>ANL Sicherungen<\/td>\n<\/tr>\n<\/tbody>\n<\/table>\n","protected":false},"excerpt":{"rendered":"<p>Elektrische ANL-Sicherung (150 Ampere \/ 5\/16&#8243; Bolzen) &#8211; ANL-Sicherungen werden zum Schutz allgemeiner Kabel verwendet und bieten einen &#8216;mittelstarken&#8217; Schutz<\/p>\n","protected":false},"featured_media":5944848,"comment_status":"closed","ping_status":"closed","template":"","meta":[],"product_brand":[2830],"product_cat":[1453],"product_tag":[],"class_list":{"0":"post-3428898","1":"product","2":"type-product","3":"status-publish","4":"has-post-thumbnail","6":"product_brand-blue-sea-systems-de","7":"product_cat-elektrozubehoer","9":"first","10":"instock","11":"shipping-taxable","12":"purchasable","13":"product-type-simple"},"_links":{"self":[{"href":"https:\/\/stoic-curie.212-227-153-4.plesk.page\/de\/wp-json\/wp\/v2\/product\/3428898","targetHints":{"allow":["GET"]}}],"collection":[{"href":"https:\/\/stoic-curie.212-227-153-4.plesk.page\/de\/wp-json\/wp\/v2\/product"}],"about":[{"href":"https:\/\/stoic-curie.212-227-153-4.plesk.page\/de\/wp-json\/wp\/v2\/types\/product"}],"replies":[{"embeddable":true,"href":"https:\/\/stoic-curie.212-227-153-4.plesk.page\/de\/wp-json\/wp\/v2\/comments?post=3428898"}],"version-history":[{"count":0,"href":"https:\/\/stoic-curie.212-227-153-4.plesk.page\/de\/wp-json\/wp\/v2\/product\/3428898\/revisions"}],"wp:featuredmedia":[{"embeddable":true,"href":"https:\/\/stoic-curie.212-227-153-4.plesk.page\/de\/wp-json\/wp\/v2\/media\/5944848"}],"wp:attachment":[{"href":"https:\/\/stoic-curie.212-227-153-4.plesk.page\/de\/wp-json\/wp\/v2\/media?parent=3428898"}],"wp:term":[{"taxonomy":"product_brand","embeddable":true,"href":"https:\/\/stoic-curie.212-227-153-4.plesk.page\/de\/wp-json\/wp\/v2\/product_brand?post=3428898"},{"taxonomy":"product_cat","embeddable":true,"href":"https:\/\/stoic-curie.212-227-153-4.plesk.page\/de\/wp-json\/wp\/v2\/product_cat?post=3428898"},{"taxonomy":"product_tag","embeddable":true,"href":"https:\/\/stoic-curie.212-227-153-4.plesk.page\/de\/wp-json\/wp\/v2\/product_tag?post=3428898"}],"curies":[{"name":"wp","href":"https:\/\/api.w.org\/{rel}","templated":true}]}}