{"id":3428906,"date":"2025-10-09T22:55:30","date_gmt":"2025-10-10T02:55:30","guid":{"rendered":"https:\/\/stoic-curie.212-227-153-4.plesk.page\/product\/elektrische-anl-sicherung-200-ampere-5-16-bolzen\/"},"modified":"2026-02-24T23:35:07","modified_gmt":"2026-02-24T23:35:07","slug":"elektrische-anl-sicherung-200-ampere-5-16-bolzen","status":"publish","type":"product","link":"https:\/\/stoic-curie.212-227-153-4.plesk.page\/de\/product\/elektrische-anl-sicherung-200-ampere-5-16-bolzen\/","title":{"rendered":"Elektrische ANL-Sicherung (200 Ampere \/ 5\/16&#8243; Bolzen)"},"content":{"rendered":"<p>Elektrische ANL-Sicherung (200 Ampere \/ 5\/16&#8243; Bolzen) &#8211; <\/p>\n<div class='col-24 col-md-15'>\n<p>ANL-Sicherungen werden zum allgemeinen Kabelschutz verwendet und bieten einen &#8216;medium blow&#8217; (ca. 1 Sekunde) Schutz. Diese ANL-Sicherung verf\u00fcgt \u00fcber Fixierl\u00f6cher, die f\u00fcr 5\/16&#8243; Bolzen geeignet sind. Sicherungshalter, die f\u00fcr ANL-Sicherungen ausgelegt sind, sind ebenfalls erh\u00e4ltlich.<\/p>\n<p>Bitte \u00fcberpr\u00fcfen Sie sorgf\u00e4ltig, ob die Verdrahtung die vorgesehene Last tragen kann und ob die Sicherung in der Lage ist, die Verdrahtung zu sch\u00fctzen. In der Regel sollte die Sicherungsbewertung 1,5-mal h\u00f6her sein als die Ampere-Wertung des Kabels. Im Zweifelsfall wenden Sie sich bitte an einen qualifizierten und kompetenten Techniker.<\/p>\n<p>Diese ANL-Sicherung hat eine Bewertung von 200 Ampere.<\/p>\n<\/p><\/div>\n<h3>Spezifikationen<\/h3>\n<table class='table'>\n<tbody>\n<tr>\n<td><strong>Amper<\/strong><\/td>\n<td>200A<\/td>\n<\/tr>\n<tr>\n<td><strong>Marke<\/strong><\/td>\n<td>Electrical<\/td>\n<\/tr>\n<tr>\n<td><strong>Farbe<\/strong><\/td>\n<td>Schwarz<\/td>\n<\/tr>\n<tr>\n<td><strong>Verkaufseinheit<\/strong><\/td>\n<td>1 Sicherung<\/td>\n<\/tr>\n<tr>\n<td><strong>Verbindungen<\/strong><\/td>\n<td>Eignet sich f\u00fcr 5\/16&#8243; Bolzen<\/td>\n<\/tr>\n<tr>\n<td><strong>Stilbeschreibung<\/strong><\/td>\n<td>ANL-Sicherungen<\/td>\n<\/tr>\n<\/tbody>\n<\/table>\n","protected":false},"excerpt":{"rendered":"<p>Elektrische ANL-Sicherung (200 Ampere \/ 5\/16&#8243; Bolzen) &#8211; ANL-Sicherungen werden zum allgemeinen Kabelschutz verwendet und bieten einen &#8216;medium blow&#8217; (ca.<\/p>\n","protected":false},"featured_media":5944849,"comment_status":"closed","ping_status":"closed","template":"","meta":[],"product_brand":[2830],"product_cat":[1453],"product_tag":[],"class_list":{"0":"post-3428906","1":"product","2":"type-product","3":"status-publish","4":"has-post-thumbnail","6":"product_brand-blue-sea-systems-de","7":"product_cat-elektrozubehoer","9":"first","10":"instock","11":"shipping-taxable","12":"purchasable","13":"product-type-simple"},"_links":{"self":[{"href":"https:\/\/stoic-curie.212-227-153-4.plesk.page\/de\/wp-json\/wp\/v2\/product\/3428906","targetHints":{"allow":["GET"]}}],"collection":[{"href":"https:\/\/stoic-curie.212-227-153-4.plesk.page\/de\/wp-json\/wp\/v2\/product"}],"about":[{"href":"https:\/\/stoic-curie.212-227-153-4.plesk.page\/de\/wp-json\/wp\/v2\/types\/product"}],"replies":[{"embeddable":true,"href":"https:\/\/stoic-curie.212-227-153-4.plesk.page\/de\/wp-json\/wp\/v2\/comments?post=3428906"}],"version-history":[{"count":0,"href":"https:\/\/stoic-curie.212-227-153-4.plesk.page\/de\/wp-json\/wp\/v2\/product\/3428906\/revisions"}],"wp:featuredmedia":[{"embeddable":true,"href":"https:\/\/stoic-curie.212-227-153-4.plesk.page\/de\/wp-json\/wp\/v2\/media\/5944849"}],"wp:attachment":[{"href":"https:\/\/stoic-curie.212-227-153-4.plesk.page\/de\/wp-json\/wp\/v2\/media?parent=3428906"}],"wp:term":[{"taxonomy":"product_brand","embeddable":true,"href":"https:\/\/stoic-curie.212-227-153-4.plesk.page\/de\/wp-json\/wp\/v2\/product_brand?post=3428906"},{"taxonomy":"product_cat","embeddable":true,"href":"https:\/\/stoic-curie.212-227-153-4.plesk.page\/de\/wp-json\/wp\/v2\/product_cat?post=3428906"},{"taxonomy":"product_tag","embeddable":true,"href":"https:\/\/stoic-curie.212-227-153-4.plesk.page\/de\/wp-json\/wp\/v2\/product_tag?post=3428906"}],"curies":[{"name":"wp","href":"https:\/\/api.w.org\/{rel}","templated":true}]}}