{"id":3428915,"date":"2025-10-09T22:55:30","date_gmt":"2025-10-10T02:55:30","guid":{"rendered":"https:\/\/stoic-curie.212-227-153-4.plesk.page\/product\/elektrische-anl-sicherung-250-ampere-5-16-bolzen\/"},"modified":"2026-02-24T23:35:07","modified_gmt":"2026-02-24T23:35:07","slug":"elektrische-anl-sicherung-250-ampere-5-16-bolzen","status":"publish","type":"product","link":"https:\/\/stoic-curie.212-227-153-4.plesk.page\/de\/product\/elektrische-anl-sicherung-250-ampere-5-16-bolzen\/","title":{"rendered":"Elektrische ANL-Sicherung (250 Ampere \/ 5\/16&#8243; Bolzen)"},"content":{"rendered":"<p>Elektrische ANL-Sicherung (250 Ampere \/ 5\/16&#8243; Bolzen) &#8211; ANL-Sicherungen werden zum allgemeinen Kabelschutz eingesetzt und bieten einen &#8216;mittelstarken Schlag&#8217; (ca. 1 Sekunde) Schutz. Diese ANL-Sicherung verf\u00fcgt \u00fcber Befestigungsl\u00f6cher, die f\u00fcr 5\/16&#8243; Bolzen geeignet sind. Sicherungsleisten, die f\u00fcr ANL-Sicherungen ausgelegt sind, sind ebenfalls erh\u00e4ltlich.<\/p>\n<p>Bitte \u00fcberpr\u00fcfen Sie sorgf\u00e4ltig, ob die Verkabelung die beabsichtigte Last bew\u00e4ltigen kann und ob die Sicherung die Verkabelung sch\u00fctzen kann. Generell sollte die Sicherungsbewertung 1,5-mal h\u00f6her als die Ampere-Bewertung des Kabels sein. Bei Zweifeln kontaktieren Sie bitte einen qualifizierten Techniker.<\/p>\n<p>Diese ANL-Sicherung hat eine Bewertung von 250 Ampere.<\/p>\n<h3>Spezifikationen<\/h3>\n<table class='table'>\n<tbody>\n<tr>\n<td><strong>Amper<\/strong><\/td>\n<td>250A<\/td>\n<\/tr>\n<tr>\n<td><strong>Marke<\/strong><\/td>\n<td>Electrical<\/td>\n<\/tr>\n<tr>\n<td><strong>Farbe<\/strong><\/td>\n<td>Schwarz<\/td>\n<\/tr>\n<tr>\n<td><strong>Verkaufseinheit<\/strong><\/td>\n<td>1 Sicherung<\/td>\n<\/tr>\n<tr>\n<td><strong>Anschl\u00fcsse<\/strong><\/td>\n<td>Eignet sich f\u00fcr 5\/16&#8243; Bolzen<\/td>\n<\/tr>\n<tr>\n<td><strong>Stilbeschreibung<\/strong><\/td>\n<td>ANL Sicherungen<\/td>\n<\/tr>\n<\/tbody>\n<\/table>\n","protected":false},"excerpt":{"rendered":"<p>Elektrische ANL-Sicherung (250 Ampere \/ 5\/16&#8243; Bolzen) &#8211; ANL-Sicherungen werden zum allgemeinen Kabelschutz eingesetzt und bieten einen &#8216;mittelstarken Schlag&#8217; (ca.<\/p>\n","protected":false},"featured_media":5944850,"comment_status":"closed","ping_status":"closed","template":"","meta":[],"product_brand":[2830],"product_cat":[1453],"product_tag":[],"class_list":{"0":"post-3428915","1":"product","2":"type-product","3":"status-publish","4":"has-post-thumbnail","6":"product_brand-blue-sea-systems-de","7":"product_cat-elektrozubehoer","9":"first","10":"instock","11":"shipping-taxable","12":"purchasable","13":"product-type-simple"},"_links":{"self":[{"href":"https:\/\/stoic-curie.212-227-153-4.plesk.page\/de\/wp-json\/wp\/v2\/product\/3428915","targetHints":{"allow":["GET"]}}],"collection":[{"href":"https:\/\/stoic-curie.212-227-153-4.plesk.page\/de\/wp-json\/wp\/v2\/product"}],"about":[{"href":"https:\/\/stoic-curie.212-227-153-4.plesk.page\/de\/wp-json\/wp\/v2\/types\/product"}],"replies":[{"embeddable":true,"href":"https:\/\/stoic-curie.212-227-153-4.plesk.page\/de\/wp-json\/wp\/v2\/comments?post=3428915"}],"version-history":[{"count":0,"href":"https:\/\/stoic-curie.212-227-153-4.plesk.page\/de\/wp-json\/wp\/v2\/product\/3428915\/revisions"}],"wp:featuredmedia":[{"embeddable":true,"href":"https:\/\/stoic-curie.212-227-153-4.plesk.page\/de\/wp-json\/wp\/v2\/media\/5944850"}],"wp:attachment":[{"href":"https:\/\/stoic-curie.212-227-153-4.plesk.page\/de\/wp-json\/wp\/v2\/media?parent=3428915"}],"wp:term":[{"taxonomy":"product_brand","embeddable":true,"href":"https:\/\/stoic-curie.212-227-153-4.plesk.page\/de\/wp-json\/wp\/v2\/product_brand?post=3428915"},{"taxonomy":"product_cat","embeddable":true,"href":"https:\/\/stoic-curie.212-227-153-4.plesk.page\/de\/wp-json\/wp\/v2\/product_cat?post=3428915"},{"taxonomy":"product_tag","embeddable":true,"href":"https:\/\/stoic-curie.212-227-153-4.plesk.page\/de\/wp-json\/wp\/v2\/product_tag?post=3428915"}],"curies":[{"name":"wp","href":"https:\/\/api.w.org\/{rel}","templated":true}]}}