{"id":3428943,"date":"2025-10-09T22:55:31","date_gmt":"2025-10-10T02:55:31","guid":{"rendered":"https:\/\/stoic-curie.212-227-153-4.plesk.page\/product\/zigarettenanzuender-aufbau-steckdose-und-abdeckung-kunststoff\/"},"modified":"2026-02-24T23:35:07","modified_gmt":"2026-02-24T23:35:07","slug":"zigarettenanzuender-aufbau-steckdose-und-abdeckung-kunststoff","status":"publish","type":"product","link":"https:\/\/stoic-curie.212-227-153-4.plesk.page\/de\/product\/zigarettenanzuender-aufbau-steckdose-und-abdeckung-kunststoff\/","title":{"rendered":"Zigarettenanz\u00fcnder-Aufbau-Steckdose und Abdeckung (Kunststoff)"},"content":{"rendered":"<p>Zigarettenanz\u00fcnder-Aufbau-Steckdose und Abdeckung (Kunststoff) &#8211; <\/p>\n<div class=\"col-24 col-md-15\">\n<p>Eingebautes Geh\u00e4use f\u00fcr Zigarettenanz\u00fcnder, geeignet f\u00fcr die maritime Umgebung. Diese Montagebuchse wird mit einer Abdeckung geliefert, um den Zigarettenanz\u00fcnder zu verbergen, und verf\u00fcgt \u00fcber zwei 6,5 mm Flachsteckverbindungen auf der R\u00fcckseite der Buchse.<\/p>\n<\/div>\n<h3>Spezifikationen<\/h3>\n<table class=\"table\">\n<tbody>\n<tr>\n<td><strong>Marke<\/strong><\/td>\n<td>ASAP Electrical<\/td>\n<\/tr>\n<tr>\n<td><strong>Abmessungen<\/strong><\/td>\n<td>2 x 6,5 mm Flachsteckverbindungen<\/td>\n<\/tr>\n<\/tbody>\n<\/table>\n","protected":false},"excerpt":{"rendered":"<p>Zigarettenanz\u00fcnder-Aufbau-Steckdose und Abdeckung (Kunststoff) &#8211; Eingebautes Geh\u00e4use f\u00fcr Zigarettenanz\u00fcnder, geeignet f\u00fcr die maritime Umgebung. Diese Montagebuchse wird mit einer Abdeckung<\/p>\n","protected":false},"featured_media":5944855,"comment_status":"closed","ping_status":"closed","template":"","meta":[],"product_brand":[2830],"product_cat":[1453],"product_tag":[],"class_list":{"0":"post-3428943","1":"product","2":"type-product","3":"status-publish","4":"has-post-thumbnail","6":"product_brand-blue-sea-systems-de","7":"product_cat-elektrozubehoer","9":"first","10":"instock","11":"shipping-taxable","12":"purchasable","13":"product-type-simple"},"_links":{"self":[{"href":"https:\/\/stoic-curie.212-227-153-4.plesk.page\/de\/wp-json\/wp\/v2\/product\/3428943","targetHints":{"allow":["GET"]}}],"collection":[{"href":"https:\/\/stoic-curie.212-227-153-4.plesk.page\/de\/wp-json\/wp\/v2\/product"}],"about":[{"href":"https:\/\/stoic-curie.212-227-153-4.plesk.page\/de\/wp-json\/wp\/v2\/types\/product"}],"replies":[{"embeddable":true,"href":"https:\/\/stoic-curie.212-227-153-4.plesk.page\/de\/wp-json\/wp\/v2\/comments?post=3428943"}],"version-history":[{"count":0,"href":"https:\/\/stoic-curie.212-227-153-4.plesk.page\/de\/wp-json\/wp\/v2\/product\/3428943\/revisions"}],"wp:featuredmedia":[{"embeddable":true,"href":"https:\/\/stoic-curie.212-227-153-4.plesk.page\/de\/wp-json\/wp\/v2\/media\/5944855"}],"wp:attachment":[{"href":"https:\/\/stoic-curie.212-227-153-4.plesk.page\/de\/wp-json\/wp\/v2\/media?parent=3428943"}],"wp:term":[{"taxonomy":"product_brand","embeddable":true,"href":"https:\/\/stoic-curie.212-227-153-4.plesk.page\/de\/wp-json\/wp\/v2\/product_brand?post=3428943"},{"taxonomy":"product_cat","embeddable":true,"href":"https:\/\/stoic-curie.212-227-153-4.plesk.page\/de\/wp-json\/wp\/v2\/product_cat?post=3428943"},{"taxonomy":"product_tag","embeddable":true,"href":"https:\/\/stoic-curie.212-227-153-4.plesk.page\/de\/wp-json\/wp\/v2\/product_tag?post=3428943"}],"curies":[{"name":"wp","href":"https:\/\/api.w.org\/{rel}","templated":true}]}}