{"id":3428953,"date":"2025-10-09T22:55:32","date_gmt":"2025-10-10T02:55:32","guid":{"rendered":"https:\/\/stoic-curie.212-227-153-4.plesk.page\/product\/vte-red-210a-stromverteilungssammblock-3-x-5-16-1-x-1-4-anschluesse\/"},"modified":"2026-02-24T23:35:07","modified_gmt":"2026-02-24T23:35:07","slug":"vte-red-210a-stromverteilungssammblock-3-x-5-16-1-x-1-4-anschluesse","status":"publish","type":"product","link":"https:\/\/stoic-curie.212-227-153-4.plesk.page\/de\/product\/vte-red-210a-stromverteilungssammblock-3-x-5-16-1-x-1-4-anschluesse\/","title":{"rendered":"VTE Red 210A Stromverteilungssammblock (3 x 5\/16&#8243; \/ 1 x 1\/4&#8243; Anschl\u00fcsse)"},"content":{"rendered":"<p>VTE Red 210A Stromverteilungssammblock (3 x 5\/16&#8243; \/ 1 x 1\/4&#8243; Anschl\u00fcsse) &#8211; <\/p>\n<div class=\"col-24 col-md-15\">\n<p>Maximale Last 210 Ampere.<\/p>\n<p>3 x 5\/16&#8243; Pf\u00e4hle und 1 x 1\/4&#8243; Pfahl.<\/p>\n<p>Roter, glasgef\u00fcllter Sockel. Ideal f\u00fcr positive Schaltungseins\u00e4tze.<\/p>\n<p>Edelstahlpf\u00e4hle und Sechskantmuttern.<\/p>\n<p>Zinnbeschichtete Messingverbindungselemente f\u00fcr maximale Leistung und Zuverl\u00e4ssigkeit.<\/p>\n<p>Befestigungsl\u00f6cher mit einem Abstand von 118,4 mm.<\/p>\n<p>Bestellen Sie Abdeckhaube 729249, um die ISO-Standards zum Schutz von kontinuierlich energiegeladenen Terminals zu erf\u00fcllen.<\/p>\n<\/div>\n<h3>Spezifikationen<\/h3>\n<table class=\"table\">\n<tbody>\n<tr>\n<td><strong>Ampere<\/strong><\/td>\n<td>Maximal: 210A<\/td>\n<\/tr>\n<tr>\n<td><strong>Zulassungen<\/strong><\/td>\n<td>Entspricht den ISO-Vorgaben f\u00fcr kontinuierlich energisierte Terminals.<\/td>\n<\/tr>\n<tr>\n<td><strong>Marke<\/strong><\/td>\n<td>VTE<\/td>\n<\/tr>\n<tr>\n<td><strong>Farbe<\/strong><\/td>\n<td>Rot<\/td>\n<\/tr>\n<tr>\n<td><strong>Konstruktion<\/strong><\/td>\n<td>Edelstahlpf\u00e4hle &#038; Sechskantmuttern, glasgef\u00fcllter Nylonboden<\/td>\n<\/tr>\n<tr>\n<td><strong>Abmessungen<\/strong><\/td>\n<td>5\/16&#8243; Pf\u00e4hle, 1\/4&#8243; Pfahl, Befestigungsl\u00f6cher: 118,4 mm<\/td>\n<\/tr>\n<\/tbody>\n<\/table>\n","protected":false},"excerpt":{"rendered":"<p>VTE Red 210A Stromverteilungssammblock (3 x 5\/16&#8243; \/ 1 x 1\/4&#8243; Anschl\u00fcsse) &#8211; Maximale Last 210 Ampere. 3 x 5\/16&#8243;<\/p>\n","protected":false},"featured_media":5944857,"comment_status":"closed","ping_status":"closed","template":"","meta":[],"product_brand":[2830],"product_cat":[1453],"product_tag":[],"class_list":{"0":"post-3428953","1":"product","2":"type-product","3":"status-publish","4":"has-post-thumbnail","6":"product_brand-blue-sea-systems-de","7":"product_cat-elektrozubehoer","9":"first","10":"instock","11":"shipping-taxable","12":"purchasable","13":"product-type-simple"},"_links":{"self":[{"href":"https:\/\/stoic-curie.212-227-153-4.plesk.page\/de\/wp-json\/wp\/v2\/product\/3428953","targetHints":{"allow":["GET"]}}],"collection":[{"href":"https:\/\/stoic-curie.212-227-153-4.plesk.page\/de\/wp-json\/wp\/v2\/product"}],"about":[{"href":"https:\/\/stoic-curie.212-227-153-4.plesk.page\/de\/wp-json\/wp\/v2\/types\/product"}],"replies":[{"embeddable":true,"href":"https:\/\/stoic-curie.212-227-153-4.plesk.page\/de\/wp-json\/wp\/v2\/comments?post=3428953"}],"version-history":[{"count":0,"href":"https:\/\/stoic-curie.212-227-153-4.plesk.page\/de\/wp-json\/wp\/v2\/product\/3428953\/revisions"}],"wp:featuredmedia":[{"embeddable":true,"href":"https:\/\/stoic-curie.212-227-153-4.plesk.page\/de\/wp-json\/wp\/v2\/media\/5944857"}],"wp:attachment":[{"href":"https:\/\/stoic-curie.212-227-153-4.plesk.page\/de\/wp-json\/wp\/v2\/media?parent=3428953"}],"wp:term":[{"taxonomy":"product_brand","embeddable":true,"href":"https:\/\/stoic-curie.212-227-153-4.plesk.page\/de\/wp-json\/wp\/v2\/product_brand?post=3428953"},{"taxonomy":"product_cat","embeddable":true,"href":"https:\/\/stoic-curie.212-227-153-4.plesk.page\/de\/wp-json\/wp\/v2\/product_cat?post=3428953"},{"taxonomy":"product_tag","embeddable":true,"href":"https:\/\/stoic-curie.212-227-153-4.plesk.page\/de\/wp-json\/wp\/v2\/product_tag?post=3428953"}],"curies":[{"name":"wp","href":"https:\/\/api.w.org\/{rel}","templated":true}]}}