{"id":3428972,"date":"2025-10-09T22:55:33","date_gmt":"2025-10-10T02:55:33","guid":{"rendered":"https:\/\/stoic-curie.212-227-153-4.plesk.page\/product\/faria-beede-90315-spannungswandler-fuer-marineanzeigen-24v-12v\/"},"modified":"2026-02-24T23:35:07","modified_gmt":"2026-02-24T23:35:07","slug":"faria-beede-90315-spannungswandler-fuer-marineanzeigen-24v-12v","status":"publish","type":"product","link":"https:\/\/stoic-curie.212-227-153-4.plesk.page\/de\/product\/faria-beede-90315-spannungswandler-fuer-marineanzeigen-24v-12v\/","title":{"rendered":"Faria Beede 90315 Spannungswandler f\u00fcr Marineanzeigen (24V &#8211; 12V)"},"content":{"rendered":"<p>Faria Beede 90315 Spannungswandler f\u00fcr Marineanzeigen (24V &#8211; 12V) &#8211; 24V Spannungsadapter, geeignet zum Anbringen an der R\u00fcckseite von Faria Beede Marineanzeigen. Dieser Adapter wird an den Pluspol angeschlossen und reduziert das 24-Volt-System auf 12 Volt, um das Instrument korrekt mit Strom zu versorgen.<\/p>\n<p>Faria Beede 90315 ist geeignet f\u00fcr die folgenden Anzeigetypen:<\/p>\n<p>&#8211; Faria Beede Europ\u00e4ische Widerstands\u00f6lmanometer 5 Bar &#038; 10 Bar (Coral, Euro, Chesapeake, Nantucket, Dress White)<br \/>\n&#8211; Faria Beede Europ\u00e4ische Widerstandskraftstoffstandanzeigen (Coral, Euro, Chesapeake, Nantucket, Dress White)<br \/>\n&#8211; Faria Beede Europ\u00e4ische Widerstandswasserstandanzeigen (Coral, Euro, Chesapeake, Nantucket, Dress White)<br \/>\n&#8211; Faria Beede Ruderwinkelanzeigen (Coral, Euro, Chesapeake, Nantucket, Dress White)<\/p>\n<p>Spezifikationen:<\/p>\n<p>&#8211; Spannung: 12V DC, 24V DC<br \/>\n&#8211; Marke: Faria Beede<br \/>\n&#8211; Herkunftsland: USA<br \/>\n&#8211; Geeignete Ger\u00e4te: Faria Europ\u00e4ische Widerstands\u00f6lmanometer (5 und 10 Bar), Kraftstoffstand, Wasserstand und Ruderwinkelanzeigen in den Stilen Coral, Euro, Chesapeake, Nantucket und Dress White.<\/p>\n","protected":false},"excerpt":{"rendered":"<p>Faria Beede 90315 Spannungswandler f\u00fcr Marineanzeigen (24V &#8211; 12V) &#8211; 24V Spannungsadapter, geeignet zum Anbringen an der R\u00fcckseite von Faria<\/p>\n","protected":false},"featured_media":5944860,"comment_status":"closed","ping_status":"closed","template":"","meta":[],"product_brand":[3500],"product_cat":[1520],"product_tag":[],"class_list":{"0":"post-3428972","1":"product","2":"type-product","3":"status-publish","4":"has-post-thumbnail","6":"product_brand-ultraflex-uflex-de","7":"product_cat-uflex-messgeraete","9":"first","10":"instock","11":"shipping-taxable","12":"purchasable","13":"product-type-simple"},"_links":{"self":[{"href":"https:\/\/stoic-curie.212-227-153-4.plesk.page\/de\/wp-json\/wp\/v2\/product\/3428972","targetHints":{"allow":["GET"]}}],"collection":[{"href":"https:\/\/stoic-curie.212-227-153-4.plesk.page\/de\/wp-json\/wp\/v2\/product"}],"about":[{"href":"https:\/\/stoic-curie.212-227-153-4.plesk.page\/de\/wp-json\/wp\/v2\/types\/product"}],"replies":[{"embeddable":true,"href":"https:\/\/stoic-curie.212-227-153-4.plesk.page\/de\/wp-json\/wp\/v2\/comments?post=3428972"}],"version-history":[{"count":0,"href":"https:\/\/stoic-curie.212-227-153-4.plesk.page\/de\/wp-json\/wp\/v2\/product\/3428972\/revisions"}],"wp:featuredmedia":[{"embeddable":true,"href":"https:\/\/stoic-curie.212-227-153-4.plesk.page\/de\/wp-json\/wp\/v2\/media\/5944860"}],"wp:attachment":[{"href":"https:\/\/stoic-curie.212-227-153-4.plesk.page\/de\/wp-json\/wp\/v2\/media?parent=3428972"}],"wp:term":[{"taxonomy":"product_brand","embeddable":true,"href":"https:\/\/stoic-curie.212-227-153-4.plesk.page\/de\/wp-json\/wp\/v2\/product_brand?post=3428972"},{"taxonomy":"product_cat","embeddable":true,"href":"https:\/\/stoic-curie.212-227-153-4.plesk.page\/de\/wp-json\/wp\/v2\/product_cat?post=3428972"},{"taxonomy":"product_tag","embeddable":true,"href":"https:\/\/stoic-curie.212-227-153-4.plesk.page\/de\/wp-json\/wp\/v2\/product_tag?post=3428972"}],"curies":[{"name":"wp","href":"https:\/\/api.w.org\/{rel}","templated":true}]}}